{"id":86392,"date":"2025-02-10T22:19:45","date_gmt":"2025-02-10T21:19:45","guid":{"rendered":"https:\/\/www.havohravo.com\/?post_type=product&#038;p=86392"},"modified":"2026-01-24T15:58:22","modified_gmt":"2026-01-24T14:58:22","slug":"woolmantel-hybrido-copy","status":"publish","type":"product","link":"https:\/\/www.havohravo.com\/de\/produkt\/woolmantel-hybrido-copy\/","title":{"rendered":"Woolmantel HYBRIDO ARCTIC"},"content":{"rendered":"<div class=\"wpb-content-wrapper\"><p>[vc_row][vc_column][vc_empty_space][\/vc_column][\/vc_row][vc_row type=&#8220;boxed&#8220;][vc_column width=&#8220;1\/2&#8243;][vc_column_text css=&#8220;&#8220;]<\/p>\n<h3>Woolmantel HYBRIDO ARCTIC<\/h3>\n<p>Winterjacke, die Wind, Schnee und Wasser standh\u00e4lt. Die \u00e4u\u00dfere Schicht besteht aus strapazierf\u00e4higem Oxford-Gewebe, w\u00e4hrend die Innenseite mit dickem Flor aus 100 % Merinowolle gef\u00fcttert ist. Das Design ist dasselbe wie bei der urspr\u00fcnglichen HYBRIDO, die entwickelt wurde, um deinem Hund volle Bewegungsfreiheit zu bieten und gleichzeitig seine wichtigsten Muskelgruppen warm zu halten.<\/p>\n<p>Wolle ist das leistungsf\u00e4higste Material der Natur &#8211; sie weist Geruch und Schmutz ab und h\u00e4lt auch bei Feuchtigkeit warm. Entwickelt f\u00fcr den Einsatz im Freien; da das Fell relativ dick ist, eignet es sich weniger zum Liegen im Auto.[\/vc_column_text][vc_empty_space height=&#8220;24&#8243;][vc_column_text css=&#8220;&#8220;]<\/p>\n<h3>Material<\/h3>\n<p>\u00c4u\u00dferes Material: 100% Oxford-Polyester<br \/>\nInnenfutter: 100% Merinowolle<\/p>\n<p>Merinowolle aus ethischem Anbau in Europa.<\/p>\n<p>Die in den Decken und Jacken verwendete Wolle ist mit dem Eco5-Zertifikat ausgezeichnet, das dies best\u00e4tigt:<\/p>\n<ul>\n<li>Das Produkt garantiert Sicherheit beim Gebrauch<\/li>\n<li>Das Produkt ist korrekt gekennzeichnet<\/li>\n<li>der Hersteller die Produktionsstabilit\u00e4t gew\u00e4hrleistet und garantiert, dass die von den Normen geforderten Kriterien eingehalten werden<\/li>\n<li>die Herstellung der Produkte in \u00dcbereinstimmung mit den gesetzlichen Bestimmungen \u00fcber die Arbeitsbedingungen erfolgt und somit menschenw\u00fcrdige Arbeitsbedingungen gew\u00e4hrleistet sind<\/li>\n<li>Der Hersteller setzt sich f\u00fcr \u00f6kologische Aktivit\u00e4ten ein, einschlie\u00dflich der Abfallentsorgung, des sparsamen Umgangs mit Ressourcen und der Emissionen in die nat\u00fcrliche Umwelt.<\/li>\n<li>Die hergestellten Produkte zeichnen sich durch gute Leistungseigenschaften aus und enthalten keine Stoffe, die als sch\u00e4dlich gelten und deren Menge die zul\u00e4ssigen Werte \u00fcberschreitet.<\/li>\n<\/ul>\n<p>[\/vc_column_text][\/vc_column][vc_column width=&#8220;1\/2&#8243; offset=&#8220;vc_col-lg-offset-1 vc_col-lg-5 vc_col-sm-offset-0&#8243;][vc_single_image image=&#8220;86474&#8243; img_size=&#8220;full&#8220;][vc_empty_space height=&#8220;24&#8243;][vc_column_text css=&#8220;&#8220;]<\/p>\n<h3>Details<\/h3>\n<ul>\n<li>Bedeckende Teile \u00fcber den Schultern<\/li>\n<li>Kordelzug im Nacken zum Einstellen des Mantelumfangs<\/li>\n<li>Kragen f\u00fcr W\u00e4rme im Nackenbereich<\/li>\n<li>Reflektierende B\u00e4nder an den N\u00e4hten vorne und hinten<\/li>\n<li>Verstellbarer Befestigungsbereich<\/li>\n<li>Befestigung mit einem Aluminium-G-Haken<\/li>\n<li>Kordelzug am R\u00fccken, um den Mantel an Ort und Stelle zu halten<\/li>\n<li>Beingurte zur Fixierung des R\u00fcckenteils<\/li>\n<li>Zus\u00e4tzliche N\u00e4hte vorne und hinten an den Beinen f\u00fcr eine perfekte Passform<\/li>\n<\/ul>\n<h3>Waschanleitung<\/h3>\n<ul>\n<li>L\u00fcften Sie den Mantel h\u00e4ufig und wasche ihn sparsam; besonders gut ist es, ihn zu l\u00fcften, wenn es drau\u00dfen feucht ist.<\/li>\n<li>Erfrische es, indem du es in sauberem, luftigem Schnee auslegst<\/li>\n<li>Immer im Wollwaschgang in der Waschmaschine waschen<\/li>\n<li>Verwende ein f\u00fcr Wolle geeignetes Waschmittel<\/li>\n<li>Wasche den Wollkleidungsst\u00fcck separat<\/li>\n<li>Lass das Kleidungsst\u00fcck flach trocknen<\/li>\n<\/ul>\n<p>[\/vc_column_text][vc_empty_space height=&#8220;24&#8243;][\/vc_column][\/vc_row][vc_row type=&#8220;boxed&#8220;][vc_column][vc_empty_space height=&#8220;64&#8243;][vc_video link=&#8220;https:\/\/youtu.be\/2STqDuMzy28?list=TLGGqOPSCT8FyJMxMDAyMjAyNQ&#8220; align=&#8220;center&#8220;][vc_empty_space][\/vc_column][\/vc_row]<\/p>\n<\/div>","protected":false},"excerpt":{"rendered":"<p style=\"font-weight: 400;\">Winterjacke aus Merinowolle, die Wind, Schnee und Wasser standh\u00e4lt.<\/p>\n","protected":false},"featured_media":86476,"template":"","meta":[],"pwb-brand":[2405],"product_cat":[2167,879,881],"product_tag":[],"class_list":{"0":"post-86392","1":"product","2":"type-product","3":"status-publish","4":"has-post-thumbnail","6":"pwb-brand-hundlands-de","7":"product_cat-wintermantel","8":"product_cat-hundemode","9":"product_cat-mantel-und-jacken","11":"first","12":"onbackorder","13":"taxable","14":"shipping-taxable","15":"purchasable","16":"product-type-variable"},"brands":[{"id":2405,"name":"Hundlands","slug":"hundlands-de"}],"_links":{"self":[{"href":"https:\/\/www.havohravo.com\/de\/wp-json\/wp\/v2\/product\/86392","targetHints":{"allow":["GET"]}}],"collection":[{"href":"https:\/\/www.havohravo.com\/de\/wp-json\/wp\/v2\/product"}],"about":[{"href":"https:\/\/www.havohravo.com\/de\/wp-json\/wp\/v2\/types\/product"}],"wp:featuredmedia":[{"embeddable":true,"href":"https:\/\/www.havohravo.com\/de\/wp-json\/wp\/v2\/media\/86476"}],"wp:attachment":[{"href":"https:\/\/www.havohravo.com\/de\/wp-json\/wp\/v2\/media?parent=86392"}],"wp:term":[{"taxonomy":"pwb-brand","embeddable":true,"href":"https:\/\/www.havohravo.com\/de\/wp-json\/wp\/v2\/pwb-brand?post=86392"},{"taxonomy":"product_cat","embeddable":true,"href":"https:\/\/www.havohravo.com\/de\/wp-json\/wp\/v2\/product_cat?post=86392"},{"taxonomy":"product_tag","embeddable":true,"href":"https:\/\/www.havohravo.com\/de\/wp-json\/wp\/v2\/product_tag?post=86392"}],"curies":[{"name":"wp","href":"https:\/\/api.w.org\/{rel}","templated":true}]}}