{"id":86658,"date":"2025-02-10T23:29:00","date_gmt":"2025-02-10T22:29:00","guid":{"rendered":"https:\/\/www.havohravo.com\/?post_type=product&#038;p=86658"},"modified":"2025-08-20T12:21:34","modified_gmt":"2025-08-20T10:21:34","slug":"woolmantel-hybrido-copy-2","status":"publish","type":"product","link":"https:\/\/www.havohravo.com\/de\/produkt\/woolmantel-hybrido-copy-2\/","title":{"rendered":"Hundebett THUNDRA"},"content":{"rendered":"<div class=\"wpb-content-wrapper\"><p>[vc_row][vc_column][vc_empty_space][\/vc_column][\/vc_row][vc_row type=&#8220;boxed&#8220;][vc_column width=&#8220;1\/2&#8243;][vc_column_text css=&#8220;&#8220;]<\/p>\n<h3>Hundebett THUNDRA<\/h3>\n<p>Ein klassisches Flachbett mit dicker Merinowolle auf der Oberseite und strapazierf\u00e4higem Cordura auf der Unterseite. Da keine Feuchtigkeit von unten in das Bett eindringt, ist es perfekt, um es zum Training, auf den Balkon oder ins Auto mitzunehmen. Die Wolle ist ein nat\u00fcrliches Material und eignet sich hervorragend f\u00fcr den Komfort des Hundes. Sie w\u00e4rmt auch in feuchtem Zustand, ist nicht statisch, leicht sauber zu halten und zieht weder Schmutz noch Ger\u00fcche an.<\/p>\n<p>Wir lieben die Kombination mit dem sehr strapazierf\u00e4higen Corduran, einem langlebigen, wasserdichten Material, das h\u00e4ufig f\u00fcr Funktionskleidung, Taschen und andere Ausr\u00fcstungsgegenst\u00e4nde mit hohen Leistungsanforderungen verwendet wird.<\/p>\n<p>Das Bett hat ein 3 cm dickes Schaumstoffpolster als F\u00fcllung mit guter Stauchh\u00e4rte.<\/p>\n<p>Entfernen Sie das Kissen vor dem Waschen, Sie k\u00f6nnen es leicht mit einem Rei\u00dfverschluss an einer Seite \u00f6ffnen. Waschen Sie bei 30 Grad oder verwenden Sie ein Wollprogramm. Ein Wollwaschmittel hilft, alle fantastischen Eigenschaften der Wolle zu erhalten.[\/vc_column_text][vc_empty_space height=&#8220;24&#8243;][\/vc_column][vc_column width=&#8220;1\/2&#8243; offset=&#8220;vc_col-lg-offset-1 vc_col-lg-5 vc_col-sm-offset-0&#8243;][vc_single_image image=&#8220;86724&#8243; img_size=&#8220;full&#8220;][vc_empty_space height=&#8220;24&#8243;][vc_column_text css=&#8220;&#8220;]<\/p>\n<h3>Material<\/h3>\n<p>Merinowolle aus ethische Zucht in Europa.<\/p>\n<p>Die in den Decken und Jacken verwendete Wolle hat ein Eco5-Zertifikat, das dies best\u00e4tigt:<\/p>\n<ul>\n<li>Das Produkt garantiert Sicherheit beim Gebrauch<\/li>\n<li>das Produkt korrekt gekennzeichnet ist<\/li>\n<li>der Hersteller die Produktionsstabilit\u00e4t gew\u00e4hrleistet und garantiert, dass die von den Normen geforderten Kriterien eingehalten werden<br \/>\ndie Herstellung der Produkte in \u00dcbereinstimmung mit den gesetzlichen Bestimmungen \u00fcber die Arbeitsbedingungen erfolgt und somit menschenw\u00fcrdige Arbeitsbedingungen gew\u00e4hrleistet sind<\/li>\n<li>Der Hersteller setzt sich f\u00fcr \u00f6kologische Aktivit\u00e4ten ein, einschlie\u00dflich der Abfallentsorgung, des sparsamen Umgangs mit Ressourcen und der Emissionen in die nat\u00fcrliche Umwelt.<\/li>\n<li>Die hergestellten Produkte zeichnen sich durch gute Leistungseigenschaften aus und enthalten keine Stoffe, die als sch\u00e4dlich gelten und deren Menge die zul\u00e4ssigen Werte \u00fcberschreitet.<\/li>\n<\/ul>\n<p>[\/vc_column_text][vc_empty_space height=&#8220;24&#8243;][\/vc_column][\/vc_row]<\/p>\n<\/div>","protected":false},"excerpt":{"rendered":"<p style=\"font-weight: 400;\">\u00a0Flaches Hundebett aus dicker Merinowolle.<\/p>\n","protected":false},"featured_media":86722,"template":"","meta":[],"pwb-brand":[2405],"product_cat":[1687,879],"product_tag":[],"class_list":{"0":"post-86658","1":"product","2":"type-product","3":"status-publish","4":"has-post-thumbnail","6":"pwb-brand-hundlands-de","7":"product_cat-betten","8":"product_cat-hundemode","10":"first","11":"onbackorder","12":"taxable","13":"shipping-taxable","14":"purchasable","15":"product-type-variable"},"brands":[{"id":2405,"name":"Hundlands","slug":"hundlands-de"}],"_links":{"self":[{"href":"https:\/\/www.havohravo.com\/de\/wp-json\/wp\/v2\/product\/86658","targetHints":{"allow":["GET"]}}],"collection":[{"href":"https:\/\/www.havohravo.com\/de\/wp-json\/wp\/v2\/product"}],"about":[{"href":"https:\/\/www.havohravo.com\/de\/wp-json\/wp\/v2\/types\/product"}],"wp:featuredmedia":[{"embeddable":true,"href":"https:\/\/www.havohravo.com\/de\/wp-json\/wp\/v2\/media\/86722"}],"wp:attachment":[{"href":"https:\/\/www.havohravo.com\/de\/wp-json\/wp\/v2\/media?parent=86658"}],"wp:term":[{"taxonomy":"pwb-brand","embeddable":true,"href":"https:\/\/www.havohravo.com\/de\/wp-json\/wp\/v2\/pwb-brand?post=86658"},{"taxonomy":"product_cat","embeddable":true,"href":"https:\/\/www.havohravo.com\/de\/wp-json\/wp\/v2\/product_cat?post=86658"},{"taxonomy":"product_tag","embeddable":true,"href":"https:\/\/www.havohravo.com\/de\/wp-json\/wp\/v2\/product_tag?post=86658"}],"curies":[{"name":"wp","href":"https:\/\/api.w.org\/{rel}","templated":true}]}}