{"id":86738,"date":"2025-02-10T23:42:08","date_gmt":"2025-02-10T22:42:08","guid":{"rendered":"https:\/\/www.havohravo.com\/?post_type=product&#038;p=86738"},"modified":"2025-02-10T23:48:24","modified_gmt":"2025-02-10T22:48:24","slug":"hundebett-thundra-copy","status":"publish","type":"product","link":"https:\/\/www.havohravo.com\/de\/produkt\/hundebett-thundra-copy\/","title":{"rendered":"Trainingstasche ALL IN"},"content":{"rendered":"<div class=\"wpb-content-wrapper\"><p>[vc_row][vc_column][vc_empty_space][\/vc_column][\/vc_row][vc_row type=&#8220;boxed&#8220;][vc_column width=&#8220;1\/2&#8243;][vc_column_text css=&#8220;&#8220;]<\/p>\n<h3>Trainingstasche ALL IN<\/h3>\n<p>Ger\u00e4umige Trainingstasche mit einer Reihe von funktionellen Details. Sie k\u00f6nnen diesen Seesack ebenso bequem in der Hand wie auf dem R\u00fccken tragen. Mit herausnehmbaren Trennw\u00e4nden, Seitentaschen und mehreren kleineren F\u00e4chern k\u00f6nnen Sie Schuhe, Kleidung und Trainingsutensilien problemlos organisieren. Das wasserdichte Material ist strapazierf\u00e4hig, und die quadratische Form der Tasche bietet mehr Platz als man denkt.[\/vc_column_text][vc_empty_space height=&#8220;24&#8243;][\/vc_column][vc_column width=&#8220;1\/2&#8243; offset=&#8220;vc_col-lg-offset-1 vc_col-lg-5 vc_col-sm-offset-0&#8243;][vc_single_image image=&#8220;86750&#8243; img_size=&#8220;full&#8220;][vc_empty_space height=&#8220;24&#8243;][vc_column_text css=&#8220;&#8220;]<\/p>\n<ul>\n<li>Fassungsverm\u00f6gen: 60 Liter<\/li>\n<li>L65 x H32 x B40 cm<\/li>\n<li>Logo in reflektierendem Druck auf dem Boden<\/li>\n<li>Rechteckige Form f\u00fcr optimales Packen<\/li>\n<li>Bequeme Schultergurte<\/li>\n<li>Stabiler Boden und zwei herausnehmbare<\/li>\n<li>Trennw\u00e4nde<\/li>\n<li>Seitentaschen und Netztaschen f\u00fcr kleine Gegenst\u00e4nde<\/li>\n<li>Wasserdicht<\/li>\n<li>Verst\u00e4rkte Seitengriffe<\/li>\n<\/ul>\n<p>[\/vc_column_text][vc_empty_space height=&#8220;24&#8243;][\/vc_column][\/vc_row]<\/p>\n<\/div>","protected":false},"excerpt":{"rendered":"<p style=\"font-weight: 400;\">Ger\u00e4umige Trainingstasche<\/p>\n","protected":false},"featured_media":86752,"template":"","meta":[],"pwb-brand":[2405],"product_cat":[861,885],"product_tag":[],"class_list":{"0":"post-86738","1":"product","2":"type-product","3":"status-publish","4":"has-post-thumbnail","6":"pwb-brand-hundlands-de","7":"product_cat-fur-menschen","8":"product_cat-taschen-und-futterbeutel","10":"first","11":"onbackorder","12":"taxable","13":"shipping-taxable","14":"purchasable","15":"product-type-simple"},"brands":[{"id":2405,"name":"Hundlands","slug":"hundlands-de"}],"_links":{"self":[{"href":"https:\/\/www.havohravo.com\/de\/wp-json\/wp\/v2\/product\/86738","targetHints":{"allow":["GET"]}}],"collection":[{"href":"https:\/\/www.havohravo.com\/de\/wp-json\/wp\/v2\/product"}],"about":[{"href":"https:\/\/www.havohravo.com\/de\/wp-json\/wp\/v2\/types\/product"}],"wp:featuredmedia":[{"embeddable":true,"href":"https:\/\/www.havohravo.com\/de\/wp-json\/wp\/v2\/media\/86752"}],"wp:attachment":[{"href":"https:\/\/www.havohravo.com\/de\/wp-json\/wp\/v2\/media?parent=86738"}],"wp:term":[{"taxonomy":"pwb-brand","embeddable":true,"href":"https:\/\/www.havohravo.com\/de\/wp-json\/wp\/v2\/pwb-brand?post=86738"},{"taxonomy":"product_cat","embeddable":true,"href":"https:\/\/www.havohravo.com\/de\/wp-json\/wp\/v2\/product_cat?post=86738"},{"taxonomy":"product_tag","embeddable":true,"href":"https:\/\/www.havohravo.com\/de\/wp-json\/wp\/v2\/product_tag?post=86738"}],"curies":[{"name":"wp","href":"https:\/\/api.w.org\/{rel}","templated":true}]}}