{"id":86754,"date":"2025-02-10T23:49:00","date_gmt":"2025-02-10T22:49:00","guid":{"rendered":"https:\/\/www.havohravo.com\/?post_type=product&#038;p=86754"},"modified":"2025-02-10T23:58:05","modified_gmt":"2025-02-10T22:58:05","slug":"trainingstasche-original","status":"publish","type":"product","link":"https:\/\/www.havohravo.com\/de\/produkt\/trainingstasche-original\/","title":{"rendered":"Trainingstasche ORIGINAL"},"content":{"rendered":"<div class=\"wpb-content-wrapper\"><p>[vc_row][vc_column][vc_empty_space][\/vc_column][\/vc_row][vc_row type=&#8220;boxed&#8220;][vc_column width=&#8220;1\/2&#8243;][vc_column_text css=&#8220;&#8220;]<\/p>\n<h3>Trainingstasche ORIGINAL<\/h3>\n<p>Praktische und sehr robuste Trainingstasche aus strapazierf\u00e4higem schwarzem Stoff. Perfekt als Tasche f\u00fcr Trainingsbegeisterte und Vereine, in die die Ausr\u00fcstung der Klassen (auch Obedience Klasse 3 mit zusammenklappbarem Kegel) passt. Die Tasche kommt mit Zungenapportierern und Leckerli-Ger\u00e4ten problemlos zurecht.<\/p>\n<p>Die Tasche hat eine Bodenplatte und ist durch eine stabile, mit Klettverschluss und Druckkn\u00f6pfen gesicherte Trennwand unterteilt, die zwei gro\u00dfz\u00fcgige Innenf\u00e4cher bietet. Dar\u00fcber hinaus hat die Tasche 1 kleineres Innenfach und 1 Au\u00dfenfach mit elastischer Tasche.[\/vc_column_text][vc_empty_space height=&#8220;24&#8243;][\/vc_column][vc_column width=&#8220;1\/2&#8243; offset=&#8220;vc_col-lg-offset-1 vc_col-lg-5 vc_col-sm-offset-0&#8243;][vc_single_image image=&#8220;86758&#8243; img_size=&#8220;full&#8220;][vc_empty_space height=&#8220;24&#8243;][vc_column_text css=&#8220;&#8220;]<\/p>\n<ul>\n<li>\u00c4u\u00dfere Abmessungen in cm: L\u00e4nge 42, Breite 28, H\u00f6he 40<\/li>\n<li>Volumen: ca. 40 Liter<\/li>\n<li>Au\u00dfenmaterial: Polyester\/PU<\/li>\n<li>Einlage: 10mm Polyethylenplatten<\/li>\n<li>Innenfutter: Polyamid, schwedisch gewebt<\/li>\n<li>Riemen\/Handgriffe: PP-Band<\/li>\n<\/ul>\n<p>[\/vc_column_text][vc_empty_space height=&#8220;24&#8243;][\/vc_column][\/vc_row]<\/p>\n<\/div>","protected":false},"excerpt":{"rendered":"<p style=\"font-weight: 400;\">Praktische und sehr robuste Trainingstasche<\/p>\n","protected":false},"featured_media":86760,"template":"","meta":[],"pwb-brand":[2405],"product_cat":[861,885],"product_tag":[],"class_list":{"0":"post-86754","1":"product","2":"type-product","3":"status-publish","4":"has-post-thumbnail","6":"pwb-brand-hundlands-de","7":"product_cat-fur-menschen","8":"product_cat-taschen-und-futterbeutel","10":"first","11":"onbackorder","12":"taxable","13":"shipping-taxable","14":"purchasable","15":"product-type-simple"},"brands":[{"id":2405,"name":"Hundlands","slug":"hundlands-de"}],"_links":{"self":[{"href":"https:\/\/www.havohravo.com\/de\/wp-json\/wp\/v2\/product\/86754","targetHints":{"allow":["GET"]}}],"collection":[{"href":"https:\/\/www.havohravo.com\/de\/wp-json\/wp\/v2\/product"}],"about":[{"href":"https:\/\/www.havohravo.com\/de\/wp-json\/wp\/v2\/types\/product"}],"wp:featuredmedia":[{"embeddable":true,"href":"https:\/\/www.havohravo.com\/de\/wp-json\/wp\/v2\/media\/86760"}],"wp:attachment":[{"href":"https:\/\/www.havohravo.com\/de\/wp-json\/wp\/v2\/media?parent=86754"}],"wp:term":[{"taxonomy":"pwb-brand","embeddable":true,"href":"https:\/\/www.havohravo.com\/de\/wp-json\/wp\/v2\/pwb-brand?post=86754"},{"taxonomy":"product_cat","embeddable":true,"href":"https:\/\/www.havohravo.com\/de\/wp-json\/wp\/v2\/product_cat?post=86754"},{"taxonomy":"product_tag","embeddable":true,"href":"https:\/\/www.havohravo.com\/de\/wp-json\/wp\/v2\/product_tag?post=86754"}],"curies":[{"name":"wp","href":"https:\/\/api.w.org\/{rel}","templated":true}]}}