{"id":8688,"date":"2018-10-14T18:45:01","date_gmt":"2018-10-14T16:45:01","guid":{"rendered":"https:\/\/www.havohravo.com\/product\/benelupo-sportbandage-butterfly\/"},"modified":"2022-02-22T09:17:29","modified_gmt":"2022-02-22T08:17:29","slug":"benelupo-sportbandage-butterfly","status":"publish","type":"product","link":"https:\/\/www.havohravo.com\/de\/produkt\/benelupo-sportbandage-butterfly\/","title":{"rendered":"BENELUPO Sportbandage Butterfly"},"content":{"rendered":"<div class=\"wpb-content-wrapper\"><p>[vc_row][vc_column][vc_empty_space][\/vc_column][\/vc_row][vc_row][vc_column width=&#8220;1\/2&#8243;][vc_column_text]<\/p>\n<h3>BENELUPO Sportbandage Butterfly<\/h3>\n<p>Sportbandage Butterfly wird beim Sport vorbeugend zum Schutz des Karpal-Ballens und der Gelenke der Vorderl\u00e4ufe eingesetzt.<\/p>\n<div>\n<p>Einfach und schnell anzulegen. \u00dcber und unter dem Karpal-Gelenk geben 2 elastische Klettb\u00e4nder sicheren Halt. Den Karpal-Ballen deckt ein mit Fleece gef\u00fctterter Steg aus Kalbleder ab. Das Leder sch\u00fctzt diese stark beanspruchte empfindliche Stelle bei Stops und an den H\u00fcrden.\u00a0 Beim Sprung auf die Box mildert die Bandage das \u00dcberdehnen des Karpalgelenks ab.<\/p>\n<div>Die\u00a0Sport\u2013Bandage\u00a0\u201eButterfly\u201c ist elastisch: kein Einschn\u00fcren und Einschneiden \u2013 sondern Schutz f\u00fcr Muskeln, Sehnen, Gef\u00e4\u00dfe und Haut.<\/div>\n<\/div>\n<p>[\/vc_column_text][vc_empty_space height=&#8220;24&#8243;][\/vc_column][vc_column width=&#8220;5\/12&#8243; offset=&#8220;vc_col-sm-offset-1&#8243;][vc_column_text]<\/p>\n<p>Sportbandage muss die richtige Breite haben: ist es zu breit, wird es Bewegung einschr\u00e4nken, ist es zu schmal, es wird nicht den notwendigen Schutz gew\u00e4hrleisten.<\/p>\n<p>Die BENE LUPO Bandage wird immer\u00a0paarweise\u00a0geliefert!<\/p>\n<p>Legen sie die Bandage so an, dass der Text BENELUPO vom vorne leicht zu lesen ist. Die Klettbandverschl\u00fc\u00dfe m\u00fcssen innen am Bein platziert sein. Die linke Bandage ist vom Innen mit roter Markierung bestickt.[\/vc_column_text][vc_empty_space height=&#8220;24&#8243;][\/vc_column][\/vc_row][vc_row][vc_column][vc_empty_space height=&#8220;32&#8243;][vc_column_text]<\/p>\n<h3>Verf\u00fcgbare Gr\u00f6\u00dfen:<\/h3>\n<p>Nach\u00a0Umfang-Ma\u00df\u00a0im Bereich der Wolfskralle:<\/p>\n<table>\n<tbody>\n<tr>\n<td><strong>Gr\u00f6\u00dfe<\/strong><\/td>\n<td><b>Umfang<\/b><\/td>\n<\/tr>\n<tr>\n<td>XS<\/td>\n<td>6-8 cm<\/td>\n<\/tr>\n<tr>\n<td>S<\/td>\n<td>8-10 cm<\/td>\n<\/tr>\n<tr>\n<td>M<\/td>\n<td>10-12 cm<\/td>\n<\/tr>\n<tr>\n<td>L<\/td>\n<td>12-14 cm<\/td>\n<\/tr>\n<tr>\n<td>XL<\/td>\n<td>14-16 cm<\/td>\n<\/tr>\n<\/tbody>\n<\/table>\n<p>Nach dem Abstand zwischen Pfote und Karpal-Gelenk (Handgelenk):<\/p>\n<table style=\"height: 143px; width: 328px;\">\n<tbody>\n<tr>\n<td style=\"width: 95.5556px;\">Abstand<\/td>\n<td style=\"width: 96.4444px;\">Klettverschlu\u00df-breite<\/td>\n<td style=\"width: 115.111px;\">Beispiele von Rassen<\/td>\n<\/tr>\n<tr>\n<td style=\"width: 95.5556px;\">2,5-3,5 cm<\/td>\n<td style=\"width: 96.4444px;\">20 mm<\/td>\n<td style=\"width: 115.111px;\">Jack Russel Terrier<\/td>\n<\/tr>\n<tr>\n<td style=\"width: 95.5556px;\">4-5 cm<\/td>\n<td style=\"width: 96.4444px;\">30 mm<\/td>\n<td style=\"width: 115.111px;\">Border Collie<\/td>\n<\/tr>\n<tr>\n<td style=\"width: 95.5556px;\">above 6 cm<\/td>\n<td style=\"width: 96.4444px;\">50 mm<\/td>\n<td style=\"width: 115.111px;\">Dobermann<\/td>\n<\/tr>\n<\/tbody>\n<\/table>\n<p>Die\u00a0Gr\u00f6\u00dfenbezeichnungen\u00a0setzen sich also aus dem\u00a0Umfang\/Gr\u00f6\u00dfe\u00a0und der\u00a0Klettband\/H\u00f6he\u00a0zusammen:<\/p>\n<p><strong>XS20\/20,\u00a0S20\/20<\/strong>\u00a0und\u00a0<strong>M20\/20\u00a0<\/strong>mit 20-mm-Klettband f\u00fcr Mini-Flitzer<br \/>\n<strong>XS20\/30,\u00a0S20\/30 <\/strong>und\u00a0<strong>M20\/30<\/strong> mit 20-mm-Klettband unten und 30-mm-Klettband oberhalb des Gelenks<br \/>\n<strong>S30\/30,\u00a0M30\/30<\/strong>\u00a0und\u00a0<strong>L30\/30<\/strong> mit 30-mm-Klettband f\u00fcr kurze Sportlerbeine (Bordercollie)<br \/>\n<strong>M30\/50 <\/strong>und\u00a0<strong>L30\/50<\/strong>\u00a0\u00a0f\u00fcr Hunde mit kurzer &#8222;Mittelhand&#8220; und langem &#8222;Unterarm&#8220;<br \/>\n<strong>M50\/50,\u00a0L50\/50<\/strong>\u00a0und\u00a0<strong>XL50\/50<\/strong>: mit 50-mm-Klettband f\u00fcr Langbeiner[\/vc_column_text][vc_empty_space height=&#8220;24&#8243;][\/vc_column][\/vc_row]<\/p>\n<\/div>","protected":false},"excerpt":{"rendered":"<p>Sportbandage Butterfly wird beim Sport vorbeugend zum Schutz des Karpal-Ballens und der Gelenke der Vorderl\u00e4ufe eingesetzt.<\/p>\n","protected":false},"featured_media":12726,"template":"","meta":[],"pwb-brand":[364],"product_cat":[880],"product_tag":[],"class_list":{"0":"post-8688","1":"product","2":"type-product","3":"status-publish","4":"has-post-thumbnail","6":"pwb-brand-benecura-de","7":"product_cat-bandagen","9":"first","10":"instock","11":"taxable","12":"shipping-taxable","13":"purchasable","14":"product-type-variable"},"brands":[{"id":364,"name":"Benecura","slug":"benecura-de"}],"_links":{"self":[{"href":"https:\/\/www.havohravo.com\/de\/wp-json\/wp\/v2\/product\/8688","targetHints":{"allow":["GET"]}}],"collection":[{"href":"https:\/\/www.havohravo.com\/de\/wp-json\/wp\/v2\/product"}],"about":[{"href":"https:\/\/www.havohravo.com\/de\/wp-json\/wp\/v2\/types\/product"}],"wp:featuredmedia":[{"embeddable":true,"href":"https:\/\/www.havohravo.com\/de\/wp-json\/wp\/v2\/media\/12726"}],"wp:attachment":[{"href":"https:\/\/www.havohravo.com\/de\/wp-json\/wp\/v2\/media?parent=8688"}],"wp:term":[{"taxonomy":"pwb-brand","embeddable":true,"href":"https:\/\/www.havohravo.com\/de\/wp-json\/wp\/v2\/pwb-brand?post=8688"},{"taxonomy":"product_cat","embeddable":true,"href":"https:\/\/www.havohravo.com\/de\/wp-json\/wp\/v2\/product_cat?post=8688"},{"taxonomy":"product_tag","embeddable":true,"href":"https:\/\/www.havohravo.com\/de\/wp-json\/wp\/v2\/product_tag?post=8688"}],"curies":[{"name":"wp","href":"https:\/\/api.w.org\/{rel}","templated":true}]}}