{"id":8766,"date":"2018-10-14T18:44:50","date_gmt":"2018-10-14T16:44:50","guid":{"rendered":"https:\/\/www.havohravo.com\/product\/physio-fusgelenkschoner\/"},"modified":"2023-04-28T21:43:18","modified_gmt":"2023-04-28T19:43:18","slug":"physio-fusgelenkschoner","status":"publish","type":"product","link":"https:\/\/www.havohravo.com\/de\/produkt\/physio-fusgelenkschoner\/","title":{"rendered":"+physio Fu\u00dfgelenkschoner"},"content":{"rendered":"<div class=\"wpb-content-wrapper\"><p>[vc_row][vc_column][vc_empty_space][\/vc_column][\/vc_row][vc_row][vc_column width=&#8220;1\/2&#8243;][vc_column_text]<\/p>\n<h3>+physio Fu\u00dfgelenkschoner<\/h3>\n<p>Der +physio 4-way stretch Fu\u00dfgelenkschoner kann unter anderem bei Beschwerden wie einfachen Schwellungen oder \u00dcberlastung eingesetzt werden. Das angenehme 4 way stretch Material sorgt f\u00fcr ein H\u00f6chstma\u00df an Tragekomfort und kann die Blutzirkulation mit Hilfe der Welltexfasern verbessern. Durch das d\u00fcnne und flexible Material kann der Schoner tags\u00fcber und im Schlaf optimal getragen werden.<\/p>\n<p>Back on Track\u00ae +physio\u00a0Line steht f\u00fcr ein Produktsortiment aus einzigartigen Gelenk- und Muskelschonern. Im t\u00e4glichen Gebrauch \u00fcberzeugen die Schoner durch das komfortable 4way-stretch Material, was die Beweglichkeit in alle Richtungen optimal unterst\u00fctzt und so besonders angenehm zu tragen ist. Die besondere Welltex\u00ae-Technologie kann durch eingeschmolzene Keramikpartikel die eigene K\u00f6rperw\u00e4rme in Form von Infrarotstrahlen reflektieren, so entsteht auf nat\u00fcrliche Weise ein angenehmer und wohltuender Effekt. Muskelverspannungen k\u00f6nnen reduziert, die Durchblutung erh\u00f6ht und Genesungsprozesse unterst\u00fctzt werden.[\/vc_column_text][vc_empty_space height=&#8220;24&#8243;][vc_column_text]<\/p>\n<h3>Downloads<\/h3>\n<p><a href=\"https:\/\/www.havohravo.com\/wp-content\/uploads\/2018\/10\/backontrack_physio_brochure.pdf\" target=\"_blank\" rel=\"noopener noreferrer\">Back on Track physio brochure<\/a> (3,2 MB)[\/vc_column_text][vc_empty_space height=&#8220;24&#8243;][\/vc_column][vc_column width=&#8220;1\/2&#8243;][vc_column_text]<\/p>\n<h3>Gr\u00f6\u00dfe:<\/h3>\n<p>Messen sie L\u00e4nge des Fu\u00dfes (entspricht der Schuhgr\u00f6\u00dfe):<\/p>\n<p>S\u00a035-38 cm<br \/>\nM 39-42 cm<br \/>\nL 43-45 cm[\/vc_column_text][vc_empty_space height=&#8220;24&#8243;][vc_column_text]<\/p>\n<h3 style=\"text-align: left;\">Mehr Infos<\/h3>\n<p>[\/vc_column_text][vc_empty_space height=&#8220;4&#8243;]\r\n\t\t\t<div class=\"nm-lightbox\" data-mfp-type=\"image\" data-mfp-src=\"https:\/\/www.havohravo.com\/wp-content\/uploads\/2018\/10\/backontrack_welltex.jpg\"><a href=\"#\">Wie funktioniert die Welltex\u00ae Technologie!<\/a>\r\n\t\t\t<\/div>\r\n\t\t\t<div class=\"nm-lightbox\" data-mfp-type=\"image\" data-mfp-src=\"https:\/\/www.havohravo.com\/wp-content\/uploads\/2018\/10\/backontrack_manufacturing.jpg\"><a href=\"#\">Wie wird es hergestellt<\/a>\r\n\t\t\t<\/div>[vc_empty_space height=&#8220;24&#8243;][\/vc_column][\/vc_row]<\/p>\n<\/div>","protected":false},"excerpt":{"rendered":"<p>Der +physio 4-way stretch Fu\u00dfgelenkschoner eignet sich f\u00fcr Beschwerden wie Schwellungen oder \u00dcberlastung.<\/p>\n","protected":false},"featured_media":8771,"template":"","meta":[],"pwb-brand":[360],"product_cat":[861,886],"product_tag":[],"class_list":{"0":"post-8766","1":"product","2":"type-product","3":"status-publish","4":"has-post-thumbnail","6":"pwb-brand-back-on-track-de","7":"product_cat-fur-menschen","8":"product_cat-menschen-bandagen","10":"first","11":"instock","12":"taxable","13":"shipping-taxable","14":"purchasable","15":"product-type-variable"},"brands":[{"id":360,"name":"Back On Track","slug":"back-on-track-de"}],"_links":{"self":[{"href":"https:\/\/www.havohravo.com\/de\/wp-json\/wp\/v2\/product\/8766","targetHints":{"allow":["GET"]}}],"collection":[{"href":"https:\/\/www.havohravo.com\/de\/wp-json\/wp\/v2\/product"}],"about":[{"href":"https:\/\/www.havohravo.com\/de\/wp-json\/wp\/v2\/types\/product"}],"wp:featuredmedia":[{"embeddable":true,"href":"https:\/\/www.havohravo.com\/de\/wp-json\/wp\/v2\/media\/8771"}],"wp:attachment":[{"href":"https:\/\/www.havohravo.com\/de\/wp-json\/wp\/v2\/media?parent=8766"}],"wp:term":[{"taxonomy":"pwb-brand","embeddable":true,"href":"https:\/\/www.havohravo.com\/de\/wp-json\/wp\/v2\/pwb-brand?post=8766"},{"taxonomy":"product_cat","embeddable":true,"href":"https:\/\/www.havohravo.com\/de\/wp-json\/wp\/v2\/product_cat?post=8766"},{"taxonomy":"product_tag","embeddable":true,"href":"https:\/\/www.havohravo.com\/de\/wp-json\/wp\/v2\/product_tag?post=8766"}],"curies":[{"name":"wp","href":"https:\/\/api.w.org\/{rel}","templated":true}]}}