{"id":87844,"date":"2025-05-07T09:53:19","date_gmt":"2025-05-07T07:53:19","guid":{"rendered":"https:\/\/www.havohravo.com\/?post_type=product&#038;p=87844"},"modified":"2026-04-14T23:00:30","modified_gmt":"2026-04-14T21:00:30","slug":"jumppa-pomppa-pink-copy","status":"publish","type":"product","link":"https:\/\/www.havohravo.com\/de\/produkt\/jumppa-pomppa-pink-copy\/","title":{"rendered":"BathPomppa"},"content":{"rendered":"<div class=\"wpb-content-wrapper\"><p>[vc_row][vc_column][vc_empty_space][\/vc_column][\/vc_row][vc_row type=&#8220;boxed&#8220;][vc_column][vc_column_text css=&#8220;&#8220;]Der neue BathPomppa ist ein besonders saugf\u00e4higer und abdeckender Bademantel, mit dem Sie Ihren Hund nach dem Schwimmen, Baden, Training an Regentagen und Spazierg\u00e4ngen abtrocknen k\u00f6nnen.<\/p>\n<p><strong>SEHR SAUGF\u00c4HIG UND ABDECKEND<\/strong><\/p>\n<p>Der hohe, kapuzen\u00e4hnliche Kragen, die breiten S\u00e4ume und das breite Bauchteil sorgen f\u00fcr maximale Abdeckung. BathPomppa besteht aus 90 % Baumwolle und Loop Safe\u00ae-Material, das daf\u00fcr sorgt, dass der Mantel nicht ausfranst, mehr W\u00e4schen aush\u00e4lt und schneller trocknet als ein normales Baumwollhandtuch. Das Produkt ist au\u00dferdem frei von chemischen Substanzen.[\/vc_column_text][vc_empty_space height=&#8220;24&#8243;][vc_column_text css=&#8220;&#8220;]<\/p>\n<h3>Eigenschaften<\/h3>\n<p style=\"font-weight: 400;\">\u2714 Weicher und sehr saugf\u00e4higer Bademantel<br \/>\n\u2714 Maximaler Schutz, ohne die Bewegungsfreiheit einzuschr\u00e4nken<br \/>\n\u2714 Verstellbare Kapuze, Halsausschnitt und Taille<br \/>\n\u2714 Leichte und einfach zu bedienende Hakenschnalle<br \/>\n\u2714 Knopfverschluss auf der R\u00fcckseite, um den Schwanz warm zu halten<br \/>\n\u2714 Erh\u00e4ltlich in schmutzfreundlichen Farben: Plum &amp; Midnight<br \/>\n\u2714 Erh\u00e4ltlich in 8 Gr\u00f6\u00dfen von Chihuahua bis Deutsche Dogge<\/p>\n<p>[\/vc_column_text][vc_empty_space height=&#8220;24&#8243;][vc_single_image image=&#8220;87883&#8243; img_size=&#8220;large&#8220;][\/vc_column][\/vc_row][vc_row equal_height=&#8220;yes&#8220; content_placement=&#8220;middle&#8220; css=&#8220;.vc_custom_1546260833978{padding-top: 40px !important;padding-bottom: 40px !important;}&#8220;][vc_column width=&#8220;1\/2&#8243;][vc_column_text css=&#8220;&#8220;]<\/p>\n<h3>Auswahl der richtigen Gr\u00f6\u00dfe<\/h3>\n<p>Die Pomppa-Gr\u00f6\u00dfen richten sich nach der R\u00fcckenl\u00e4nge des Hundes in Zentimetern. W\u00e4hle die richtige Gr\u00f6\u00dfe in erster Linie nach der R\u00fcckenl\u00e4nge deines Hundes.<br \/>\nMesse deinen Hund gem\u00e4\u00df den unten stehenden Anweisungen. Achte darauf, Platz f\u00fcr das Fell deines Hundes zu lassen.<\/p>\n<p>R\u00dcCKEN: Die R\u00fcckenl\u00e4nge wird vom Hals des Hundes bis zum Rutenansatz gemessen. Beginne die Messung am Widerrist, d. h. an der Stelle, an der der Hals auf den R\u00fccken trifft.[\/vc_column_text][\/vc_column][vc_column width=&#8220;1\/2&#8243;][vc_video link=&#8220;https:\/\/youtube.com\/shorts\/1KJg1J-TfTo?si=Yp7m6IoMwIdpO4jR&#8220;][\/vc_column][\/vc_row]<\/p>\n<\/div>","protected":false},"excerpt":{"rendered":"<p>Der neue BathPomppa ist ein besonders saugf\u00e4higer und abdeckender Bademantel, mit dem Sie Ihren Hund nach dem Schwimmen, Baden, Training an Regentagen und Spazierg\u00e4ngen abtrocknen k\u00f6nnen.<\/p>\n","protected":false},"featured_media":87864,"template":"","meta":[],"pwb-brand":[386],"product_cat":[1360,879,881],"product_tag":[],"class_list":{"0":"post-87844","1":"product","2":"type-product","3":"status-publish","4":"has-post-thumbnail","6":"pwb-brand-pomppa-de","7":"product_cat-hundebademantel","8":"product_cat-hundemode","9":"product_cat-mantel-und-jacken","11":"first","12":"instock","13":"featured","14":"taxable","15":"shipping-taxable","16":"purchasable","17":"product-type-variable"},"brands":[{"id":386,"name":"Pomppa","slug":"pomppa-de"}],"_links":{"self":[{"href":"https:\/\/www.havohravo.com\/de\/wp-json\/wp\/v2\/product\/87844","targetHints":{"allow":["GET"]}}],"collection":[{"href":"https:\/\/www.havohravo.com\/de\/wp-json\/wp\/v2\/product"}],"about":[{"href":"https:\/\/www.havohravo.com\/de\/wp-json\/wp\/v2\/types\/product"}],"wp:featuredmedia":[{"embeddable":true,"href":"https:\/\/www.havohravo.com\/de\/wp-json\/wp\/v2\/media\/87864"}],"wp:attachment":[{"href":"https:\/\/www.havohravo.com\/de\/wp-json\/wp\/v2\/media?parent=87844"}],"wp:term":[{"taxonomy":"pwb-brand","embeddable":true,"href":"https:\/\/www.havohravo.com\/de\/wp-json\/wp\/v2\/pwb-brand?post=87844"},{"taxonomy":"product_cat","embeddable":true,"href":"https:\/\/www.havohravo.com\/de\/wp-json\/wp\/v2\/product_cat?post=87844"},{"taxonomy":"product_tag","embeddable":true,"href":"https:\/\/www.havohravo.com\/de\/wp-json\/wp\/v2\/product_tag?post=87844"}],"curies":[{"name":"wp","href":"https:\/\/api.w.org\/{rel}","templated":true}]}}