{"id":8805,"date":"2018-10-14T18:44:40","date_gmt":"2018-10-14T16:44:40","guid":{"rendered":"https:\/\/www.havohravo.com\/product\/kreuzschoner-mit-extrasupport\/"},"modified":"2023-09-28T09:37:00","modified_gmt":"2023-09-28T07:37:00","slug":"kreuzschoner-mit-extrasupport","status":"publish","type":"product","link":"https:\/\/www.havohravo.com\/de\/produkt\/kreuzschoner-mit-extrasupport\/","title":{"rendered":"Kreuzschoner mit Extrasupport"},"content":{"rendered":"<div class=\"wpb-content-wrapper\"><p>[vc_row][vc_column][vc_empty_space][\/vc_column][\/vc_row][vc_row][vc_column width=&#8220;1\/2&#8243;][vc_column_text]<\/p>\n<h3>Kreuzschoner mit Extrasupport<\/h3>\n<p>\u00c4hnlich wie klassische Kreuzschoner, dieser 2-lagige Kreuzschoner verf\u00fcgt \u00fcber auf dem K\u00f6rper anliegenden Welltex\u00ae-Material, der gleichzeitig durch zwei breite, elastische B\u00e4nder erg\u00e4nzt ist. Diese sorgen durch die flexiblen Verstellm\u00f6glichkeiten f\u00fcr eine individuelle Passform und regulierbare St\u00fctzfunktion f\u00fcr Entspannung bei Muskelverspannungen.<\/p>\n<h3>Gr\u00f6\u00dfe<\/h3>\n<p>Ma\u00dfe\u00a0<b>C<\/b>\u00a0&#8211; siehe Abbildung<br \/>\nS 65-95 cm<br \/>\nM 85 \u2013 115 cm<br \/>\nL 100-130 cm<br \/>\nXL 115-145 cm[\/vc_column_text][vc_empty_space height=&#8220;24&#8243;][vc_column_text]<\/p>\n<h3 style=\"text-align: left;\">Mehr Infos<\/h3>\n<p>[\/vc_column_text][vc_empty_space height=&#8220;4&#8243;]\r\n\t\t\t<div class=\"nm-lightbox\" data-mfp-type=\"image\" data-mfp-src=\"https:\/\/www.havohravo.com\/wp-content\/uploads\/2018\/10\/backontrack_welltex.jpg\"><a href=\"#\">Wie funktioniert die Welltex\u00ae Technologie!<\/a>\r\n\t\t\t<\/div>\r\n\t\t\t<div class=\"nm-lightbox\" data-mfp-type=\"image\" data-mfp-src=\"https:\/\/www.havohravo.com\/wp-content\/uploads\/2018\/10\/backontrack_manufacturing.jpg\"><a href=\"#\">Wie wird es hergestellt<\/a>\r\n\t\t\t<\/div>[vc_empty_space height=&#8220;24&#8243;][\/vc_column][vc_column width=&#8220;5\/12&#8243; offset=&#8220;vc_col-sm-offset-1&#8243;][vc_column_text]<\/p>\n<h3>Richtige Gr\u00f6\u00dfe bestimmen<\/h3>\n<p>Um richtige Gr\u00f6\u00dfe zu bestimmen, messen sie knapp ohne zus\u00e4tzlichen Freiraum.[\/vc_column_text][vc_empty_space height=&#8220;32&#8243;][vc_single_image image=&#8220;2062&#8243; img_size=&#8220;full&#8220;][vc_empty_space height=&#8220;24&#8243;][\/vc_column][\/vc_row]<\/p>\n<\/div>","protected":false},"excerpt":{"rendered":"<p>Sorgt f\u00fcr St\u00fctzfunktion f\u00fcr unteren R\u00fcckenbereich und die Welltex Technologie spiegelt gleichzeitig die K\u00f6rperenergie und erzielt somit den entspannenden Infraroteffekt.<\/p>\n","protected":false},"featured_media":8815,"template":"","meta":[],"pwb-brand":[360],"product_cat":[861,886],"product_tag":[],"class_list":{"0":"post-8805","1":"product","2":"type-product","3":"status-publish","4":"has-post-thumbnail","6":"pwb-brand-back-on-track-de","7":"product_cat-fur-menschen","8":"product_cat-menschen-bandagen","10":"first","11":"onbackorder","12":"taxable","13":"shipping-taxable","14":"purchasable","15":"product-type-variable"},"brands":[{"id":360,"name":"Back On Track","slug":"back-on-track-de"}],"_links":{"self":[{"href":"https:\/\/www.havohravo.com\/de\/wp-json\/wp\/v2\/product\/8805","targetHints":{"allow":["GET"]}}],"collection":[{"href":"https:\/\/www.havohravo.com\/de\/wp-json\/wp\/v2\/product"}],"about":[{"href":"https:\/\/www.havohravo.com\/de\/wp-json\/wp\/v2\/types\/product"}],"wp:featuredmedia":[{"embeddable":true,"href":"https:\/\/www.havohravo.com\/de\/wp-json\/wp\/v2\/media\/8815"}],"wp:attachment":[{"href":"https:\/\/www.havohravo.com\/de\/wp-json\/wp\/v2\/media?parent=8805"}],"wp:term":[{"taxonomy":"pwb-brand","embeddable":true,"href":"https:\/\/www.havohravo.com\/de\/wp-json\/wp\/v2\/pwb-brand?post=8805"},{"taxonomy":"product_cat","embeddable":true,"href":"https:\/\/www.havohravo.com\/de\/wp-json\/wp\/v2\/product_cat?post=8805"},{"taxonomy":"product_tag","embeddable":true,"href":"https:\/\/www.havohravo.com\/de\/wp-json\/wp\/v2\/product_tag?post=8805"}],"curies":[{"name":"wp","href":"https:\/\/api.w.org\/{rel}","templated":true}]}}