{"id":88078,"date":"2025-05-07T21:43:51","date_gmt":"2025-05-07T19:43:51","guid":{"rendered":"https:\/\/www.havohravo.com\/?post_type=product&#038;p=88078"},"modified":"2025-05-07T22:03:15","modified_gmt":"2025-05-07T20:03:15","slug":"brustgeschirr-line-grip-wd-copy-3","status":"publish","type":"product","link":"https:\/\/www.havohravo.com\/de\/produkt\/brustgeschirr-line-grip-wd-copy-3\/","title":{"rendered":"Brustgeschirr Line Long WD"},"content":{"rendered":"<div class=\"wpb-content-wrapper\"><p>[vc_row][vc_column][vc_column_text]<\/p>\n<h3>Charakteristik<\/h3>\n<table>\n<tbody>\n<tr>\n<td width=\"301\"><strong>Brustgeschirrtyp:<\/strong><\/td>\n<td width=\"301\">Y-Form, kurzes Brustgeschirr<\/td>\n<\/tr>\n<tr>\n<td width=\"301\"><strong>Hundef\u00fchrigkeit:<\/strong><\/td>\n<td width=\"301\">erm\u00f6glicht gute Kontrolle \u00fcber dem Hund<\/td>\n<\/tr>\n<tr>\n<td width=\"301\"><strong>Geeignet f\u00fcr Zugsport:<\/strong><\/td>\n<td width=\"301\">Nein (nur f\u00fcr Hunde mit niedrigem Zug-Drive).<\/td>\n<\/tr>\n<tr>\n<td width=\"301\"><strong>Verstellbarer Halsumfang:<\/strong><\/td>\n<td width=\"301\">Nein<\/td>\n<\/tr>\n<tr>\n<td width=\"301\"><strong>Ausgestattet mit Griff:<\/strong><\/td>\n<td width=\"301\">Ja<\/td>\n<\/tr>\n<tr>\n<td width=\"301\"><strong>Geeignete Anwendung:<\/strong><\/td>\n<td width=\"301\">Alltag, Mantrailing, Wandern<\/td>\n<\/tr>\n<\/tbody>\n<\/table>\n<p>[\/vc_column_text][vc_empty_space][\/vc_column][\/vc_row][vc_row][vc_column][vc_column_text css=&#8220;&#8220;]<\/p>\n<h3>Brustgeschirr Line Long Working Dog<\/h3>\n<p>Das Line harness long WD ist ein zuverl\u00e4ssiges, robustes und multifunktionales Hundegeschirr, das Dein Hundetraining auf ein neues Niveau bringt.<\/p>\n<p>St\u00e4rke Deine Bindung w\u00e4hrend des Trainings mit dem verst\u00e4rkten Griff, um Deinem Hund zu helfen, Hindernisse zu \u00fcberwinden und bei Bedarf die Kontrolle zu behalten. Das zus\u00e4tzliche hintere Gurtband verteilt das Gewicht beim Anheben des Hundes und verhindert wenn es gut eingestellt ist, dass sich Ausbrecher aus dem Geschirr befreien k\u00f6nnen.<\/p>\n<p>Der Y-f\u00f6rmig gepolsterte Nacken f\u00f6rdert die freie Schulterbewegung und schr\u00e4nkt die Atmung nur minimal ein. Vier seitliche Schnallen erleichtern das An- und Ablegen des Geschirrs.<\/p>\n<p>F\u00fcr Sicherheit in allen Situationen haben wir zus\u00e4tzlich zu einem Standard-Leinenbefestiguingspunkt zwei D-Ringe aus Stahl auf dem R\u00fccken angebracht. Diese Ringe erm\u00f6glichen eine Vielzahl von Handhabungsoptionen und eine enge Kontrolle \u00fcber eine Halsverbindung. Ein spezieller Befestigungspunkt unter der Brust erm\u00f6glicht uneingeschr\u00e4nkte Bewegungsfreiheit, ideal f\u00fcr die Verwendung mit einer F\u00e4hrtenleine.<\/p>\n<p>Das Hundegeschirr kann mit Patches an den Klettverschl\u00fcssen personalisiert werden.[\/vc_column_text][vc_empty_space height=&#8220;24&#8243;][vc_single_image image=&#8220;88102&#8243; img_size=&#8220;large&#8220;][\/vc_column][\/vc_row][vc_row][vc_column][vc_column_text]<\/p>\n<h3>Richtige Passform<\/h3>\n<div class=\"_imgLayer_1titd_63\"><strong>HALS:<\/strong><br \/>\nBei einem mittelgro\u00dfen Hund (Gr\u00f6\u00dfe 4-6) sollten vertikal mindestens 2 Finger zwischen den Nacken des Hundes und das Geschirr passen. Etwas weniger f\u00fcr kleinere Hunde, mehr f\u00fcr gr\u00f6\u00dfere Hunde. Wichtig! Die Finger m\u00fcssen \u00fcbereinander liegen, zwischen Hals und Geschirr.<\/div>\n<p><strong>ACHSELN<\/strong><br \/>\nAchten darauf, dass dein Hund gen\u00fcgend Platz hat, um sich frei zu bewegen.<\/p>\n<p><strong>BRUSTKORB<\/strong><br \/>\nBei mittelgro\u00dfen Hunden solltest du mindestens 2 Finger senkrecht zwischen Brustkorb und Geschirr stecken k\u00f6nnen. Stelle es auf beiden Seiten so gleichm\u00e4\u00dfig wie m\u00f6glich ein. Nach der Ersteinstellung fixiere die Brustgurte gegen verrutschen, indem du das Ende des Gurtes einfach wieder durch den Verschluss durchf\u00e4delst.[\/vc_column_text][vc_empty_space height=&#8220;24&#8243;][vc_column_text css=&#8220;&#8220;]<\/p>\n<table cellspacing=\"0\" cellpadding=\"0\">\n<tbody>\n<tr>\n<td valign=\"bottom\"><strong>Gr\u00f6\u00dfe<\/strong><\/td>\n<td valign=\"bottom\"><strong>Halsumfang<\/strong><\/td>\n<td valign=\"bottom\"><strong>Brustumfang<\/strong><\/td>\n<\/tr>\n<tr>\n<td valign=\"bottom\">4<\/td>\n<td valign=\"bottom\">32-36 cm<\/td>\n<td valign=\"bottom\">41 &#8211; 68 cm<\/td>\n<\/tr>\n<tr>\n<td valign=\"bottom\">5<\/td>\n<td valign=\"bottom\">36-40 cm<\/td>\n<td valign=\"bottom\">52 &#8211; 78 cm<\/td>\n<\/tr>\n<tr>\n<td valign=\"bottom\">6<\/td>\n<td valign=\"bottom\">40-47 cm<\/td>\n<td valign=\"bottom\">56 &#8211; 87 cm<\/td>\n<\/tr>\n<tr>\n<td valign=\"bottom\">7<\/td>\n<td valign=\"bottom\">46-51 cm<\/td>\n<td valign=\"bottom\">61 &#8211; 92 cm<\/td>\n<\/tr>\n<tr>\n<td valign=\"bottom\">8<\/td>\n<td valign=\"bottom\">51-57 cm<\/td>\n<td valign=\"bottom\">67 &#8211; 102 cm<\/td>\n<\/tr>\n<\/tbody>\n<\/table>\n<p>[\/vc_column_text][\/vc_column][\/vc_row]<\/p>\n<\/div>","protected":false},"excerpt":{"rendered":"<p>Leichtes Hundegeschirr, das f\u00fcr Einsatz- und Trainingszwecke entwickelt wurde.<\/p>\n","protected":false},"featured_media":88100,"template":"","meta":[],"pwb-brand":[378],"product_cat":[1675,879,883],"product_tag":[],"class_list":{"0":"post-88078","1":"product","2":"type-product","3":"status-publish","4":"has-post-thumbnail","6":"pwb-brand-non-stop-dogwear-de","7":"product_cat-kurze-brustgeschirre","8":"product_cat-hundemode","9":"product_cat-brustgeschirre","11":"first","12":"instock","13":"taxable","14":"shipping-taxable","15":"purchasable","16":"product-type-variable"},"brands":[{"id":378,"name":"Non-Stop Dogwear","slug":"non-stop-dogwear-de"}],"_links":{"self":[{"href":"https:\/\/www.havohravo.com\/de\/wp-json\/wp\/v2\/product\/88078","targetHints":{"allow":["GET"]}}],"collection":[{"href":"https:\/\/www.havohravo.com\/de\/wp-json\/wp\/v2\/product"}],"about":[{"href":"https:\/\/www.havohravo.com\/de\/wp-json\/wp\/v2\/types\/product"}],"wp:featuredmedia":[{"embeddable":true,"href":"https:\/\/www.havohravo.com\/de\/wp-json\/wp\/v2\/media\/88100"}],"wp:attachment":[{"href":"https:\/\/www.havohravo.com\/de\/wp-json\/wp\/v2\/media?parent=88078"}],"wp:term":[{"taxonomy":"pwb-brand","embeddable":true,"href":"https:\/\/www.havohravo.com\/de\/wp-json\/wp\/v2\/pwb-brand?post=88078"},{"taxonomy":"product_cat","embeddable":true,"href":"https:\/\/www.havohravo.com\/de\/wp-json\/wp\/v2\/product_cat?post=88078"},{"taxonomy":"product_tag","embeddable":true,"href":"https:\/\/www.havohravo.com\/de\/wp-json\/wp\/v2\/product_tag?post=88078"}],"curies":[{"name":"wp","href":"https:\/\/api.w.org\/{rel}","templated":true}]}}