{"id":8816,"date":"2018-10-14T18:44:38","date_gmt":"2018-10-14T16:44:38","guid":{"rendered":"https:\/\/www.havohravo.com\/product\/kreuzschoner\/"},"modified":"2023-09-03T14:22:13","modified_gmt":"2023-09-03T12:22:13","slug":"kreuzschoner","status":"publish","type":"product","link":"https:\/\/www.havohravo.com\/de\/produkt\/kreuzschoner\/","title":{"rendered":"Kreuzschoner"},"content":{"rendered":"<div class=\"wpb-content-wrapper\"><p>[vc_row][vc_column][vc_empty_space][\/vc_column][\/vc_row][vc_row][vc_column width=&#8220;1\/2&#8243;][vc_column_text]<\/p>\n<h3>Kreuzschoner<\/h3>\n<ul>\n<li>Ideal beim Verletzungen in unterem R\u00fcckenbereich.<\/li>\n<li>Kann w\u00e4hrend Training oder in der Ruhephase angewendet werden.<\/li>\n<li>Hergestellt mit Welltex\u00ae Technologie, die die Durchblutung unterst\u00fctz und hilft somit Verletzungen vorzubeugen.<\/li>\n<li>Kreuzschoner mit schmalem Vorderst\u00fcck ist praktisch vor allem, wenn man viel sitzt (z.B. Autofahren, Pferdereiten, usw.)<\/li>\n<li>Kreuzschoner mit breitem Vorderst\u00fcck verleiht gr\u00f6\u00dfere St\u00fctzfunktion f\u00fcr den R\u00fccken durch Bauchkompression und mildert somit den Druck am Wirbels\u00e4ule.<\/li>\n<li>Kreuzschoner ist verstellbar mittels Klettverschlu\u00df.<\/li>\n<li>Hinten im Schoner bedfindet sich ein weiches, herausnehmbares Einlegepolster. Mit ihm l\u00e4sst sich der Luftspalt auff\u00fcllen, der sich an der Wirbels\u00e4ule bildet.<\/li>\n<\/ul>\n<h3>Gr\u00f6\u00dfe<\/h3>\n<p>Ma\u00dfe\u00a0<b>C<\/b>\u00a0&#8211; siehe Abbildung<br \/>\nErh\u00e4ltlich mit schmalem oder breitem Vorderst\u00fcck<br \/>\nS 65-95 cm<br \/>\nM 85 \u2013 115 cm<br \/>\nL 100-130 cm<br \/>\nXL 115 -145 cm[\/vc_column_text][vc_empty_space height=&#8220;24&#8243;][vc_column_text]<\/p>\n<h3 style=\"text-align: left;\">Mehr Infos<\/h3>\n<p>[\/vc_column_text][vc_empty_space height=&#8220;4&#8243;]\r\n\t\t\t<div class=\"nm-lightbox\" data-mfp-type=\"image\" data-mfp-src=\"https:\/\/www.havohravo.com\/wp-content\/uploads\/2018\/10\/backontrack_welltex.jpg\"><a href=\"#\">Wie funktioniert die Welltex\u00ae Technologie!<\/a>\r\n\t\t\t<\/div>\r\n\t\t\t<div class=\"nm-lightbox\" data-mfp-type=\"image\" data-mfp-src=\"https:\/\/www.havohravo.com\/wp-content\/uploads\/2018\/10\/backontrack_manufacturing.jpg\"><a href=\"#\">Wie wird es hergestellt<\/a>\r\n\t\t\t<\/div>[vc_empty_space height=&#8220;24&#8243;][\/vc_column][vc_column width=&#8220;5\/12&#8243; offset=&#8220;vc_col-sm-offset-1&#8243;][vc_column_text]<\/p>\n<h3>Richtige Gr\u00f6\u00dfe bestimmen<\/h3>\n<p>Um richtige Gr\u00f6\u00dfe zu bestimmen, messen sie knapp ohne zus\u00e4tzlichen Freiraum.[\/vc_column_text][vc_empty_space height=&#8220;32&#8243;][vc_single_image image=&#8220;2062&#8243; img_size=&#8220;full&#8220;][vc_empty_space height=&#8220;24&#8243;][\/vc_column][\/vc_row]<\/p>\n<\/div>","protected":false},"excerpt":{"rendered":"<p>Ideal zum Anwenden bei Verletzung im unteren R\u00fcckenbereich.<\/p>\n","protected":false},"featured_media":8829,"template":"","meta":[],"pwb-brand":[360],"product_cat":[861,886],"product_tag":[],"class_list":{"0":"post-8816","1":"product","2":"type-product","3":"status-publish","4":"has-post-thumbnail","6":"pwb-brand-back-on-track-de","7":"product_cat-fur-menschen","8":"product_cat-menschen-bandagen","10":"first","11":"instock","12":"taxable","13":"shipping-taxable","14":"purchasable","15":"product-type-variable"},"brands":[{"id":360,"name":"Back On Track","slug":"back-on-track-de"}],"_links":{"self":[{"href":"https:\/\/www.havohravo.com\/de\/wp-json\/wp\/v2\/product\/8816","targetHints":{"allow":["GET"]}}],"collection":[{"href":"https:\/\/www.havohravo.com\/de\/wp-json\/wp\/v2\/product"}],"about":[{"href":"https:\/\/www.havohravo.com\/de\/wp-json\/wp\/v2\/types\/product"}],"wp:featuredmedia":[{"embeddable":true,"href":"https:\/\/www.havohravo.com\/de\/wp-json\/wp\/v2\/media\/8829"}],"wp:attachment":[{"href":"https:\/\/www.havohravo.com\/de\/wp-json\/wp\/v2\/media?parent=8816"}],"wp:term":[{"taxonomy":"pwb-brand","embeddable":true,"href":"https:\/\/www.havohravo.com\/de\/wp-json\/wp\/v2\/pwb-brand?post=8816"},{"taxonomy":"product_cat","embeddable":true,"href":"https:\/\/www.havohravo.com\/de\/wp-json\/wp\/v2\/product_cat?post=8816"},{"taxonomy":"product_tag","embeddable":true,"href":"https:\/\/www.havohravo.com\/de\/wp-json\/wp\/v2\/product_tag?post=8816"}],"curies":[{"name":"wp","href":"https:\/\/api.w.org\/{rel}","templated":true}]}}