{"id":88181,"date":"2025-05-07T22:45:11","date_gmt":"2025-05-07T20:45:11","guid":{"rendered":"https:\/\/www.havohravo.com\/?post_type=product&#038;p=88181"},"modified":"2025-05-07T22:53:11","modified_gmt":"2025-05-07T20:53:11","slug":"regenmantel-fjord-2-0-grau-copy","status":"publish","type":"product","link":"https:\/\/www.havohravo.com\/de\/produkt\/regenmantel-fjord-2-0-grau-copy\/","title":{"rendered":"Regenmantel Fjord WD"},"content":{"rendered":"<div class=\"wpb-content-wrapper\"><p>[vc_row][vc_column][vc_empty_space][\/vc_column][\/vc_row][vc_row][vc_column width=&#8220;1\/2&#8243;][vc_column_text css=&#8220;&#8220;]<\/p>\n<h3>Fjord Raincoat WD<\/h3>\n<p>Regnerische Eins\u00e4tze k\u00f6nnen eine Herausforderung sein, aber Dein Hund sollte immer unter optimalen Bedingungen arbeiten.<\/p>\n<p>Dies ist die Arbeitshunde-Version Deines Lieblings-Regenmantels f\u00fcr Hunde. Er h\u00e4lt Deinen Hund auch nach stundenlangem Aufenthalt im Regen bei Eins\u00e4tzen und Training trocken und komfortabel. Die robuste Au\u00dfenschicht ist wind- und wasserdicht mit einer Wassers\u00e4ule von 15.000 mm. Mitten im Einsatz sorgt die hoch atmungsaktive Membran f\u00fcr Bel\u00fcftung und reduziert die Kondensation, wodurch ein Hitzestau verhindert wird.[\/vc_column_text][vc_empty_space height=&#8220;24&#8243;][\/vc_column][vc_column width=&#8220;5\/12&#8243; offset=&#8220;vc_col-sm-offset-1&#8243;][vc_column_text css=&#8220;&#8220;]<\/p>\n<h3>Charakteristik<\/h3>\n<p>Der Regenmantel wurde f\u00fcr volle Bewegungsfreiheit entwickelt und verf\u00fcgt \u00fcber verstellbare\u00a0Z\u00fcge an Kopf, Hals und R\u00fccken f\u00fcr eine perfekte Passform. Die Beingurte halten die Jacke auch bei starkem Wind sicher, und wenn er einmal eingestellt ist, bleibt er an Ort und Stelle, selbst wenn die Leinen\u00f6ffnung in der Mitte des R\u00fcckens verwendet wird.<\/p>\n<p>Das verstellbare Bauchteil sch\u00fctzt Deinen Hund vor Schlamm und ist mit Drainagel\u00f6chern versehen, die verhindern, dass sich Wasser unter der Brust Deines Hundes sammelt, was Unbehagen und K\u00e4lte reduziert.<\/p>\n<p>Das ger\u00e4uschlose Au\u00dfenmaterial maximiert die Unauff\u00e4lligkeit Deines Hundes bei Eins\u00e4tzen. Klettverschluss-Systeme auf jeder Seite erm\u00f6glichen individuelle\u00a0Patches zur Kennzeichnung oder Verbesserung der Sichtbarkeit.[\/vc_column_text][vc_empty_space height=&#8220;24&#8243;][\/vc_column][\/vc_row][vc_row][vc_column][vc_single_image image=&#8220;88199&#8243; img_size=&#8220;large&#8220;][vc_empty_space height=&#8220;32&#8243;][vc_column_text css=&#8220;&#8220;]<\/p>\n<table cellspacing=\"0\" cellpadding=\"0\">\n<tbody>\n<tr>\n<td valign=\"bottom\"><strong>Gr\u00f6\u00dfe<\/strong><\/td>\n<td valign=\"bottom\"><strong>R\u00fcckenl\u00e4nge<\/strong><\/td>\n<td valign=\"bottom\"><strong>Mantell\u00e4nge<\/strong><\/td>\n<\/tr>\n<tr>\n<td valign=\"bottom\">40<\/td>\n<td valign=\"bottom\">37-43 cm<\/td>\n<td valign=\"bottom\">42 cm<\/td>\n<\/tr>\n<tr>\n<td valign=\"bottom\">45<\/td>\n<td valign=\"bottom\">42-48 cm<\/td>\n<td valign=\"bottom\">47 cm<\/td>\n<\/tr>\n<tr>\n<td valign=\"bottom\">50<\/td>\n<td valign=\"bottom\">47-53 cm<\/td>\n<td valign=\"bottom\">53 cm<\/td>\n<\/tr>\n<tr>\n<td valign=\"bottom\">55<\/td>\n<td valign=\"bottom\">52-58 cm<\/td>\n<td valign=\"bottom\">58 cm<\/td>\n<\/tr>\n<tr>\n<td valign=\"bottom\">60<\/td>\n<td valign=\"bottom\">57-63 cm<\/td>\n<td valign=\"bottom\">63 cm<\/td>\n<\/tr>\n<tr>\n<td valign=\"bottom\">65<\/td>\n<td valign=\"bottom\">62-68 cm<\/td>\n<td valign=\"bottom\">68 cm<\/td>\n<\/tr>\n<tr>\n<td valign=\"bottom\">70<\/td>\n<td valign=\"bottom\">64-76 cm<\/td>\n<td valign=\"bottom\">73 cm<\/td>\n<\/tr>\n<\/tbody>\n<\/table>\n<p>[\/vc_column_text][\/vc_column][\/vc_row]<\/p>\n<\/div>","protected":false},"excerpt":{"rendered":"<p>Ein robuster, wind- und wasserdichter Regenmantel f\u00fcr Hunde, die im Einsatz sind. Er h\u00e4lt str\u00f6mendem Regen stand, bleibt auch bei starkem Wind an Ort und Stelle und bietet hervorragende Atmungsaktivit\u00e4t.<\/p>\n","protected":false},"featured_media":88197,"template":"","meta":[],"pwb-brand":[378],"product_cat":[2166,879,881],"product_tag":[],"class_list":{"0":"post-88181","1":"product","2":"type-product","3":"status-publish","4":"has-post-thumbnail","6":"pwb-brand-non-stop-dogwear-de","7":"product_cat-regenmantel","8":"product_cat-hundemode","9":"product_cat-mantel-und-jacken","11":"first","12":"onbackorder","13":"taxable","14":"shipping-taxable","15":"purchasable","16":"product-type-variable"},"brands":[{"id":378,"name":"Non-Stop Dogwear","slug":"non-stop-dogwear-de"}],"_links":{"self":[{"href":"https:\/\/www.havohravo.com\/de\/wp-json\/wp\/v2\/product\/88181","targetHints":{"allow":["GET"]}}],"collection":[{"href":"https:\/\/www.havohravo.com\/de\/wp-json\/wp\/v2\/product"}],"about":[{"href":"https:\/\/www.havohravo.com\/de\/wp-json\/wp\/v2\/types\/product"}],"wp:featuredmedia":[{"embeddable":true,"href":"https:\/\/www.havohravo.com\/de\/wp-json\/wp\/v2\/media\/88197"}],"wp:attachment":[{"href":"https:\/\/www.havohravo.com\/de\/wp-json\/wp\/v2\/media?parent=88181"}],"wp:term":[{"taxonomy":"pwb-brand","embeddable":true,"href":"https:\/\/www.havohravo.com\/de\/wp-json\/wp\/v2\/pwb-brand?post=88181"},{"taxonomy":"product_cat","embeddable":true,"href":"https:\/\/www.havohravo.com\/de\/wp-json\/wp\/v2\/product_cat?post=88181"},{"taxonomy":"product_tag","embeddable":true,"href":"https:\/\/www.havohravo.com\/de\/wp-json\/wp\/v2\/product_tag?post=88181"}],"curies":[{"name":"wp","href":"https:\/\/api.w.org\/{rel}","templated":true}]}}