{"id":88245,"date":"2025-05-07T23:29:54","date_gmt":"2025-05-07T21:29:54","guid":{"rendered":"https:\/\/www.havohravo.com\/?post_type=product&#038;p=88245"},"modified":"2026-03-27T11:28:49","modified_gmt":"2026-03-27T10:28:49","slug":"anemone-mini-zergel-copy-2","status":"publish","type":"product","link":"https:\/\/www.havohravo.com\/de\/produkt\/anemone-mini-zergel-copy-2\/","title":{"rendered":"Anemone Zergel mit Quaste"},"content":{"rendered":"<div class=\"wpb-content-wrapper\"><p>[vc_row][vc_column][vc_column_text css=&#8220;&#8220;]<\/p>\n<h3>Anemone Tug mit Quaste<\/h3>\n<p>Suchst du ein Spielzeug, das deinen Hund begeistert und euch beide gleichzeitig unterh\u00e4lt? Dieses Spielzeug ist perfekt f\u00fcr mittelgro\u00dfe bis gro\u00dfe Hunde, die Action, Zergeln und eine gute Dosis Bewegung lieben.<\/p>\n<p>Das Spielzeug hat einen praktischen Griff, an dem du mit deinem pelzigen Freund ziehen kannst. Im Inneren des Wischmops ist ein Quietscher versteckt, der die Aufmerksamkeit deines Hundes sofort auf sich zieht und den Spielspa\u00df erh\u00f6ht. Und am Ende des Mopps? Eine Quaste aus Fleece, die das Spielzeug noch attraktiver macht und an der Ihr Hund gerne schnappen, kauen und sch\u00fctteln wird.<\/p>\n<p>Der Tug Mop ist nicht nur ein gro\u00dfartiger Begleiter f\u00fcr zwangloses Spiel, sondern auch ein motivierendes Spielzeug f\u00fcr das Training.<\/p>\n<p>Er ist f\u00fcr das aktive Spiel zwischen dem Hundef\u00fchrer und seinem Hund gedacht. Lassen Sie den Hund nicht unbeaufsichtigt mit dem Spielzeug. Nehmen Sie das Spielzeug weg, wenn es besch\u00e4digt ist. Nicht f\u00fcr Kinder geeignet.<\/p>\n<h3>Gr\u00f6\u00dfe:<\/h3>\n<p>Gesamtl\u00e4nge ca. 60 cm<br \/>\nAnemonengr\u00f6\u00dfe ca. 20 cm<br \/>\nInklusive Quietsche.<\/p>\n<h3>Material:<\/h3>\n<p>100 % Polyester. Das Spielzeug ist in der Waschmaschine bei 30\u00b0C waschbar.<\/p>\n<p>\u00dcbersetzt mit DeepL.com (kostenlose Version)[\/vc_column_text][vc_empty_space][\/vc_column][\/vc_row]<\/p>\n<\/div>","protected":false},"excerpt":{"rendered":"<p>Perfektes Motivationsspielzeug mit weicher Fleecequaste<\/p>\n","protected":false},"featured_media":88258,"template":"","meta":[],"pwb-brand":[1009],"product_cat":[1696,1178,866],"product_tag":[917],"class_list":{"0":"post-88245","1":"product","2":"type-product","3":"status-publish","4":"has-post-thumbnail","6":"pwb-brand-piskacipotvurky","7":"product_cat-anderes-spielzeug","8":"product_cat-pluschtierchen","9":"product_cat-hundespielzeug","10":"product_tag-anemone-de","12":"first","13":"outofstock","14":"taxable","15":"shipping-taxable","16":"purchasable","17":"product-type-variable"},"brands":[{"id":1009,"name":"Piskaci Potvurky","slug":"piskacipotvurky"}],"_links":{"self":[{"href":"https:\/\/www.havohravo.com\/de\/wp-json\/wp\/v2\/product\/88245","targetHints":{"allow":["GET"]}}],"collection":[{"href":"https:\/\/www.havohravo.com\/de\/wp-json\/wp\/v2\/product"}],"about":[{"href":"https:\/\/www.havohravo.com\/de\/wp-json\/wp\/v2\/types\/product"}],"wp:featuredmedia":[{"embeddable":true,"href":"https:\/\/www.havohravo.com\/de\/wp-json\/wp\/v2\/media\/88258"}],"wp:attachment":[{"href":"https:\/\/www.havohravo.com\/de\/wp-json\/wp\/v2\/media?parent=88245"}],"wp:term":[{"taxonomy":"pwb-brand","embeddable":true,"href":"https:\/\/www.havohravo.com\/de\/wp-json\/wp\/v2\/pwb-brand?post=88245"},{"taxonomy":"product_cat","embeddable":true,"href":"https:\/\/www.havohravo.com\/de\/wp-json\/wp\/v2\/product_cat?post=88245"},{"taxonomy":"product_tag","embeddable":true,"href":"https:\/\/www.havohravo.com\/de\/wp-json\/wp\/v2\/product_tag?post=88245"}],"curies":[{"name":"wp","href":"https:\/\/api.w.org\/{rel}","templated":true}]}}