{"id":88270,"date":"2025-05-07T23:41:33","date_gmt":"2025-05-07T21:41:33","guid":{"rendered":"https:\/\/www.havohravo.com\/?post_type=product&#038;p=88270"},"modified":"2026-02-24T18:15:35","modified_gmt":"2026-02-24T17:15:35","slug":"anemone-zergel-mit-quaste-copy","status":"publish","type":"product","link":"https:\/\/www.havohravo.com\/de\/produkt\/anemone-zergel-mit-quaste-copy\/","title":{"rendered":"Teddy Schuh"},"content":{"rendered":"<div class=\"wpb-content-wrapper\"><p>[vc_row][vc_column][vc_column_text css=&#8220;&#8220;]<\/p>\n<h3>Teddy Schuh<\/h3>\n<p>Hat dein Hund eine besondere Vorliebe daf\u00fcr, an deinen Hausschuhen zu knabbern? Bist du es leid, in der ganzen Wohnung nach dem zweiten Schuh zu suchen und zu akzeptieren, dass der erste ein neues, \u201ebesseres\u201c Design hat? Wir haben eine L\u00f6sung, die deine F\u00fc\u00dfe und deine Nerven schont &#8211; schenke deinem pelzigen Freund seinen eigenen Hausschuh!<\/p>\n<p>Dieser niedliche Hausschuh mit Teddyb\u00e4rgesicht ist genau das, was dein Hund braucht. Er hat eine Mop-Sohle, so dass er leicht zu reinigen ist (na ja, okay, nur ein bisschen), und in ihm ist ein Quietscher versteckt, der garantiert seine Aufmerksamkeit erregt. Er ist so niedlich, dass du vielleicht bedauerst, dass wir ihn nur als linken Schuh in Gr\u00f6\u00dfe 36 n\u00e4hen. Aber was soll&#8217;s, Hauptsache, dein Hund ist gl\u00fccklich!<\/p>\n<h3>Gr\u00f6\u00dfe:<\/h3>\n<p>L\u00e4nge 25 cm<br \/>\nBreite 10 cm<br \/>\nInklusive Quietscher.<\/p>\n<h3>Material:<\/h3>\n<p>100 % Polyester. Das Spielzeug ist in der Waschmaschine bei 30\u00b0C waschbar.[\/vc_column_text][vc_empty_space][\/vc_column][\/vc_row]<\/p>\n<\/div>","protected":false},"excerpt":{"rendered":"<p>Perfektes Motivationsspielzeug<\/p>\n","protected":false},"featured_media":88284,"template":"","meta":[],"pwb-brand":[1009],"product_cat":[1696,1178,866],"product_tag":[917],"class_list":{"0":"post-88270","1":"product","2":"type-product","3":"status-publish","4":"has-post-thumbnail","6":"pwb-brand-piskacipotvurky","7":"product_cat-anderes-spielzeug","8":"product_cat-pluschtierchen","9":"product_cat-hundespielzeug","10":"product_tag-anemone-de","12":"first","13":"instock","14":"taxable","15":"shipping-taxable","16":"purchasable","17":"product-type-variable"},"brands":[{"id":1009,"name":"Piskaci Potvurky","slug":"piskacipotvurky"}],"_links":{"self":[{"href":"https:\/\/www.havohravo.com\/de\/wp-json\/wp\/v2\/product\/88270","targetHints":{"allow":["GET"]}}],"collection":[{"href":"https:\/\/www.havohravo.com\/de\/wp-json\/wp\/v2\/product"}],"about":[{"href":"https:\/\/www.havohravo.com\/de\/wp-json\/wp\/v2\/types\/product"}],"wp:featuredmedia":[{"embeddable":true,"href":"https:\/\/www.havohravo.com\/de\/wp-json\/wp\/v2\/media\/88284"}],"wp:attachment":[{"href":"https:\/\/www.havohravo.com\/de\/wp-json\/wp\/v2\/media?parent=88270"}],"wp:term":[{"taxonomy":"pwb-brand","embeddable":true,"href":"https:\/\/www.havohravo.com\/de\/wp-json\/wp\/v2\/pwb-brand?post=88270"},{"taxonomy":"product_cat","embeddable":true,"href":"https:\/\/www.havohravo.com\/de\/wp-json\/wp\/v2\/product_cat?post=88270"},{"taxonomy":"product_tag","embeddable":true,"href":"https:\/\/www.havohravo.com\/de\/wp-json\/wp\/v2\/product_tag?post=88270"}],"curies":[{"name":"wp","href":"https:\/\/api.w.org\/{rel}","templated":true}]}}