{"id":88328,"date":"2025-05-12T14:58:28","date_gmt":"2025-05-12T12:58:28","guid":{"rendered":"https:\/\/www.havohravo.com\/?post_type=product&#038;p=88328"},"modified":"2026-02-06T09:27:36","modified_gmt":"2026-02-06T08:27:36","slug":"treat-n-train-protect-tasche-copy","status":"publish","type":"product","link":"https:\/\/www.havohravo.com\/de\/produkt\/treat-n-train-protect-tasche-copy\/","title":{"rendered":"Teach n Train Protect Tasche"},"content":{"rendered":"<div class=\"wpb-content-wrapper\"><p>[vc_row][vc_column][vc_column_text css=&#8220;&#8220;]<\/p>\n<h3>Teach n Train Protect Tache<\/h3>\n<p>Diese Tasche wurde zum Schutz der <a href=\"https:\/\/www.havohravo.com\/product\/petsafe-teach-train-remote-reward-dog-trainer\/\" target=\"_blank\" rel=\"noopener\">Teach n Train Futtermaschine<\/a> von PetSafe entwickelt.<br \/>\nSie ist aus hochwertigen Materialien hergestellt. Dank des aktualisierten Designs mit 2 Rei\u00dfverschl\u00fcssen k\u00f6nnen Sie den TnT auch verwenden, ohne ihn aus der Tasche zu entfernen.<\/p>\n<p>Er passt in die Maschine und die Scheiben. Ausgestattet mit einer Seitentasche mit Rei\u00dfverschluss zur Aufnahme der Fernbedienung.<br \/>\nGepolsterter Innenraum und stabiler Boden.<br \/>\nHergestellt in Spanien.<\/p>\n<p>Dieses Produkt ist bei 30\u00b0C in der Maschine waschbar &#8211; entfernen Sie die Bodenpolsterung vor dem Waschen.[\/vc_column_text][vc_empty_space height=&#8220;24px&#8220;][\/vc_column][\/vc_row][vc_row][vc_column width=&#8220;1\/3&#8243;][vc_single_image image=&#8220;75277&#8243; img_size=&#8220;large&#8220;][\/vc_column][vc_column width=&#8220;1\/3&#8243;][vc_single_image image=&#8220;75275&#8243; img_size=&#8220;large&#8220;][\/vc_column][vc_column width=&#8220;1\/3&#8243;][vc_single_image image=&#8220;75271&#8243; img_size=&#8220;large&#8220;][\/vc_column][\/vc_row]<\/p>\n<\/div>","protected":false},"excerpt":{"rendered":"<p>Perfekte Tasche zum Schutz vom Teach n Train Futtermaschine &#8211; neues aktualisiertes Design<\/p>\n","protected":false},"featured_media":88352,"template":"","meta":[],"pwb-brand":[],"product_cat":[885],"product_tag":[],"class_list":{"0":"post-88328","1":"product","2":"type-product","3":"status-publish","4":"has-post-thumbnail","6":"product_cat-taschen-und-futterbeutel","8":"first","9":"instock","10":"taxable","11":"shipping-taxable","12":"purchasable","13":"product-type-variable"},"brands":[],"_links":{"self":[{"href":"https:\/\/www.havohravo.com\/de\/wp-json\/wp\/v2\/product\/88328","targetHints":{"allow":["GET"]}}],"collection":[{"href":"https:\/\/www.havohravo.com\/de\/wp-json\/wp\/v2\/product"}],"about":[{"href":"https:\/\/www.havohravo.com\/de\/wp-json\/wp\/v2\/types\/product"}],"wp:featuredmedia":[{"embeddable":true,"href":"https:\/\/www.havohravo.com\/de\/wp-json\/wp\/v2\/media\/88352"}],"wp:attachment":[{"href":"https:\/\/www.havohravo.com\/de\/wp-json\/wp\/v2\/media?parent=88328"}],"wp:term":[{"taxonomy":"pwb-brand","embeddable":true,"href":"https:\/\/www.havohravo.com\/de\/wp-json\/wp\/v2\/pwb-brand?post=88328"},{"taxonomy":"product_cat","embeddable":true,"href":"https:\/\/www.havohravo.com\/de\/wp-json\/wp\/v2\/product_cat?post=88328"},{"taxonomy":"product_tag","embeddable":true,"href":"https:\/\/www.havohravo.com\/de\/wp-json\/wp\/v2\/product_tag?post=88328"}],"curies":[{"name":"wp","href":"https:\/\/api.w.org\/{rel}","templated":true}]}}