{"id":88378,"date":"2025-05-14T19:28:36","date_gmt":"2025-05-14T17:28:36","guid":{"rendered":"https:\/\/www.havohravo.com\/?post_type=product&#038;p=88378"},"modified":"2025-05-17T19:04:39","modified_gmt":"2025-05-17T17:04:39","slug":"float-coat-copy","status":"publish","type":"product","link":"https:\/\/www.havohravo.com\/de\/produkt\/float-coat-copy\/","title":{"rendered":"Confluence Schwimmweste"},"content":{"rendered":"<div class=\"wpb-content-wrapper\"><p>[vc_row][vc_column][vc_empty_space][\/vc_column][\/vc_row][vc_row][vc_column width=&#8220;1\/2&#8243;][vc_column_text css=&#8220;&#8220;]<\/p>\n<h3>Confluence\u2122 Schwimmweste<\/h3>\n<p dir=\"ltr\">F\u00fcr Hunde, die im Wasser ihren Rhythmus finden, kombiniert die Confluence\u2122-Schwimmweste die stromlinienf\u00f6rmige Passform und Beweglichkeit eines Geschirrs mit dem Auftrieb einer Schwimmweste und gibt Hunden den Komfort, das Selbstvertrauen und die Freiheit, im Wasser und am Wasser ihre Umgebung zu erkunden.<b><\/b><\/p>\n<p dir=\"ltr\">Strategisch platzierte Schaumstoffplatten sorgen f\u00fcr optimalen Auftrieb und unterst\u00fctzen eine nat\u00fcrliche Schwimmposition. Der starke, flache Griff erleichtert das Zur\u00fccksteigen und hilft ausbalanciert, und ein versteckter zweiter hinterer Griff sorgt bei Bedarf f\u00fcr zus\u00e4tzlichen Auftrieb.<b><\/b><\/p>\n<p dir=\"ltr\">Das Gurtband ist wasserbest\u00e4ndig, beh\u00e4lt seine Form und dehnt sich bei N\u00e4sse nicht aus. Es bietet an allen sechs Einstellpunkten einen sicheren Sitz. Bei Bedarf k\u00f6nnen Sie es an der verst\u00e4rkten Schleppschlaufe befestigen, um eine Leine zu befestigen. Reflektierende Zierelemente verbessern die Sichtbarkeit bei schlechten Lichtverh\u00e4ltnissen und es gibt eine spezielle Lichtschlaufe f\u00fcr <a title=\"Shop Beacon Sicherheitslicht\" href=\"https:\/\/ruffwear.eu\/de\/products\/the-beacon-safety-dog-light\">The Beacon\u2122,<\/a> wenn das Abenteuer nach Sonnenuntergang andauert.<\/p>\n<p>Brauchst du Hilfe mit Schwimmtraining f\u00fcr deinen Hund? Hier findest du Tipps zum\u00a0<a href=\"https:\/\/www.havohravo.com\/de\/intensives-schwimmtraining-fur-hunde\/\" target=\"_blank\" rel=\"noopener noreferrer\">Intensiven Schwimmtraining f\u00fcr Hunde<\/a>.<\/p>\n<h3>Richtige Gr\u00f6\u00dfe<\/h3>\n<p>Messen sie an der breitesten Stelle des Brustkorbes.<br \/>\n<strong>Zwischen zwei Gr\u00f6\u00dfen?<\/strong>\u00a0W\u00e4hlen sie die kleine Gr\u00f6\u00dfe.[\/vc_column_text][vc_empty_space height=&#8220;32&#8243;][vc_column_text]<\/p>\n<h3>Gr\u00f6\u00dfen<\/h3>\n<ul>\n<li>XX-Small: 33\u201343cm<\/li>\n<li>X-Small: 43\u201356cm<\/li>\n<li>Small: 56\u201369cm<\/li>\n<li>Medium: 69\u201381cm<\/li>\n<li>Large: 81\u201391cm<\/li>\n<li>X-Large: 91\u2013107cm<\/li>\n<\/ul>\n<p>[\/vc_column_text][\/vc_column][vc_column width=&#8220;5\/12&#8243; offset=&#8220;vc_col-sm-offset-1&#8243;][vc_column_text css=&#8220;&#8220;]<\/p>\n<h3>Eigenschaften<\/h3>\n<ul>\n<li class=\"sc-hgAvOL gZbiGt\" data-testid=\"ripley-core__text-item__unordered-list-item__component\" data-foleon-id=\"ccf07735-8483-41dd-b8ee-dba28369e4a5\"><span class=\"sc-gRJRMm hhSLwb\">Geschirr\u00e4hnliche Konstruktion mit sechs Verstellpunkten f\u00fcr eine ideale Passform, hohen Tragekomfort und maximale Bewegungsfreiheit \u2013 im Wasser und an Land<\/span><\/li>\n<li class=\"sc-hgAvOL gZbiGt\" data-testid=\"ripley-core__text-item__unordered-list-item__component\" data-foleon-id=\"e09f4d86-df67-4d7a-9f18-cd24b1029b8b\"><span class=\"sc-gRJRMm hhSLwb\">Robuster, flacher Griff, der optimal positioniert ist, um Hunden beim Verlassen des Wassers oder beim Einsteigen in ein Boot oder auf ein Paddelbrett zu helfen<\/span><\/li>\n<li class=\"sc-hgAvOL gZbiGt\" data-testid=\"ripley-core__text-item__unordered-list-item__component\" data-foleon-id=\"378dae72-6fb4-4008-a6fb-045601c19a91\"><span class=\"sc-gRJRMm hhSLwb\">Unauff\u00e4lliger zweiter Griff auf der R\u00fcckseite der Rettungsweste f\u00fcr zus\u00e4tzliche Unterst\u00fctzung beim Heben<\/span><\/li>\n<li class=\"sc-hgAvOL gZbiGt\" data-testid=\"ripley-core__text-item__unordered-list-item__component\" data-foleon-id=\"9248153f-d4bd-49c7-83a6-9d7ae7d60db5\"><span class=\"sc-gRJRMm hhSLwb\">Strategisch positionierte Schaumstoffpaneele unterst\u00fctzen eine nat\u00fcrliche Schwimmhaltung<\/span><\/li>\n<li class=\"sc-hgAvOL gZbiGt\" data-testid=\"ripley-core__text-item__unordered-list-item__component\" data-foleon-id=\"cb311133-be83-438a-a1d1-c7e461d1a556\"><span class=\"sc-gRJRMm hhSLwb\">Mehrschichtiger, PVC-freier Schaum und CLPE-Schaum sorgen f\u00fcr eine weiche, bequeme Passform, die sich optimal an die Schwimmbewegungen des Hundes anpasst<\/span><\/li>\n<li class=\"sc-hgAvOL gZbiGt\" data-testid=\"ripley-core__text-item__unordered-list-item__component\" data-foleon-id=\"a4634bdd-a2c9-4a56-8d87-68a2e319ea7c\"><span class=\"sc-gRJRMm hhSLwb\">Wasserabweisendes Gurtband bleibt stabil, selbst in nassen Bedingungen<\/span><\/li>\n<li class=\"sc-hgAvOL gZbiGt\" data-testid=\"ripley-core__text-item__unordered-list-item__component\" data-foleon-id=\"dddbabeb-a787-4aa0-b6c5-8585a9eb8011\"><span class=\"sc-gRJRMm hhSLwb\">Steckschnallen f\u00fcr einfaches An- und Ausziehen<\/span><\/li>\n<li class=\"sc-hgAvOL gZbiGt\" data-testid=\"ripley-core__text-item__unordered-list-item__component\" data-foleon-id=\"e2ea7cdd-3dc6-4448-a357-13bdc3519381\"><span class=\"sc-gRJRMm hhSLwb\">Verst\u00e4rkte Zugschlaufe als Leinenbefestigungspunkt<\/span><\/li>\n<li class=\"sc-hgAvOL gZbiGt\" data-testid=\"ripley-core__text-item__unordered-list-item__component\" data-foleon-id=\"f4fe00c0-5dfe-4276-af61-db4ceb55d31a\"><span class=\"sc-gRJRMm hhSLwb\">Reflektierende Paspeln f\u00fcr bessere Sichtbarkeit bei schlechten Lichtverh\u00e4ltnissen und Lichtschlaufe zur Befestigung von The Beacon\u2122<\/span><\/li>\n<\/ul>\n<p>[\/vc_column_text][vc_empty_space height=&#8220;24&#8243;][vc_column_text]<\/p>\n<h3>Pflegeanleitung<\/h3>\n<ul>\n<li>Steckschnallen verschlie\u00dfen<\/li>\n<li>Waschen im kalten Wasser<\/li>\n<li>Verwenden sie mildes Waschmittel.<\/li>\n<li>Zum trocknen aufh\u00e4ngen.<\/li>\n<li>Nicht bleichen, b\u00fcgeln und nicht geeignet f\u00fcr Trockner.<\/li>\n<\/ul>\n<p>[\/vc_column_text][\/vc_column][\/vc_row][vc_row][vc_column][vc_video link=&#8220;https:\/\/youtu.be\/y6uNkEdwsPY&#8220;][vc_empty_space height=&#8220;10px&#8220;][\/vc_column][\/vc_row]<\/p>\n<\/div>","protected":false},"excerpt":{"rendered":"<p>Eine Schwimmweste mit Griff &amp; Geschirr-Design, die Hunden au\u00dfergew\u00f6hnlichen Komfort und Bewegungsfreiheit bietet und gleichzeitig optimalen Auftrieb f\u00fcr eine nat\u00fcrliche Schwimmposition gew\u00e4hrleistet.<\/p>\n","protected":false},"featured_media":88475,"template":"","meta":[],"pwb-brand":[388],"product_cat":[1937,879],"product_tag":[925,1990],"class_list":{"0":"post-88378","1":"product","2":"type-product","3":"status-publish","4":"has-post-thumbnail","6":"pwb-brand-ruffwear-de","7":"product_cat-schwimmwesten-rucksaecke","8":"product_cat-hundemode","9":"product_tag-sicherheit","10":"product_tag-sommer","12":"first","13":"onbackorder","14":"taxable","15":"shipping-taxable","16":"purchasable","17":"product-type-variable"},"brands":[{"id":388,"name":"Ruffwear","slug":"ruffwear-de"}],"_links":{"self":[{"href":"https:\/\/www.havohravo.com\/de\/wp-json\/wp\/v2\/product\/88378","targetHints":{"allow":["GET"]}}],"collection":[{"href":"https:\/\/www.havohravo.com\/de\/wp-json\/wp\/v2\/product"}],"about":[{"href":"https:\/\/www.havohravo.com\/de\/wp-json\/wp\/v2\/types\/product"}],"wp:featuredmedia":[{"embeddable":true,"href":"https:\/\/www.havohravo.com\/de\/wp-json\/wp\/v2\/media\/88475"}],"wp:attachment":[{"href":"https:\/\/www.havohravo.com\/de\/wp-json\/wp\/v2\/media?parent=88378"}],"wp:term":[{"taxonomy":"pwb-brand","embeddable":true,"href":"https:\/\/www.havohravo.com\/de\/wp-json\/wp\/v2\/pwb-brand?post=88378"},{"taxonomy":"product_cat","embeddable":true,"href":"https:\/\/www.havohravo.com\/de\/wp-json\/wp\/v2\/product_cat?post=88378"},{"taxonomy":"product_tag","embeddable":true,"href":"https:\/\/www.havohravo.com\/de\/wp-json\/wp\/v2\/product_tag?post=88378"}],"curies":[{"name":"wp","href":"https:\/\/api.w.org\/{rel}","templated":true}]}}