{"id":88770,"date":"2025-06-16T14:47:27","date_gmt":"2025-06-16T12:47:27","guid":{"rendered":"https:\/\/www.havohravo.com\/?post_type=product&#038;p=88770"},"modified":"2025-06-16T14:58:28","modified_gmt":"2025-06-16T12:58:28","slug":"leggings-fave-copy","status":"publish","type":"product","link":"https:\/\/www.havohravo.com\/de\/produkt\/leggings-fave-copy\/","title":{"rendered":"Leggings FAVE Kurz"},"content":{"rendered":"<div class=\"wpb-content-wrapper\"><p>[vc_row][vc_column][vc_empty_space][\/vc_column][\/vc_row][vc_row type=&#8220;boxed&#8220;][vc_column width=&#8220;1\/2&#8243;][vc_column_text css=&#8220;&#8220;]<\/p>\n<h3>Leggings FAVE Kurz<\/h3>\n<p data-start=\"1505\" data-end=\"1757\">FAVE kurze\u00a0trainingsleggings sind f\u00fcr einen aktiven Lebensstil konzipiert. Sie sind hoch geschnitten, squatproof und aus einem mittelweichen Stoff mit Vierwege-Stretch gefertigt. Die Passform bleibt an ihrem Platz und folgt jeder deiner Bewegungen.<\/p>\n<p data-start=\"1759\" data-end=\"2111\">Die\u00a0trainingsleggings sind 23-25 cm lang. Sie verf\u00fcgen \u00fcber ein Mehrf\u00e4chersystem mit zwei Seitentaschen f\u00fcr dein Telefon und Leckerlis sowie eine Kanaltasche hinten f\u00fcr Spielzeuge. Zudem gibt es eine kleine, versteckte Tasche im Taillenbund f\u00fcr Schl\u00fcssel oder Beutel. Das Hundlands-Logo auf der linken Bein-Tasche ist 7 cm gro\u00df und aus reflektierendem Material.<\/p>\n<p data-start=\"2113\" data-end=\"2317\">Das luftige Material absorbiert effektiv Feuchtigkeit von der Haut und h\u00e4lt dich w\u00e4hrend des Trainings und bei Outdoor-Abenteuern k\u00fchl und bequem. Nimm alles mit, was du brauchst, auch wenn es hei\u00df ist.<\/p>\n<p>[\/vc_column_text][vc_empty_space height=&#8220;24&#8243;][\/vc_column][vc_column width=&#8220;1\/2&#8243; offset=&#8220;vc_col-lg-offset-1 vc_col-lg-5 vc_col-sm-offset-0&#8243;][vc_single_image image=&#8220;88777&#8243; img_size=&#8220;full&#8220;][vc_empty_space height=&#8220;24&#8243;][vc_column_text css=&#8220;&#8220;]<\/p>\n<h3>Material<\/h3>\n<p>92% Polyester<br \/>\n8% Elastane<\/p>\n<h3>Pflege<\/h3>\n<p>Bei 30 Grad waschen<br \/>\nBeim Waschen auf links drehen<br \/>\nNicht im Trockner trocknen<\/p>\n<p>[\/vc_column_text][vc_empty_space height=&#8220;24&#8243;][\/vc_column][\/vc_row]<\/p>\n<\/div>","protected":false},"excerpt":{"rendered":"<p style=\"font-weight: 400;\">Trainingshorts f\u00fcr einen aktiven Lebensstil<\/p>\n","protected":false},"featured_media":88779,"template":"","meta":[],"pwb-brand":[2405],"product_cat":[1707,861,887],"product_tag":[],"class_list":{"0":"post-88770","1":"product","2":"type-product","3":"status-publish","4":"has-post-thumbnail","6":"pwb-brand-hundlands-de","7":"product_cat-hosen","8":"product_cat-fur-menschen","9":"product_cat-bekleidung","11":"first","12":"instock","13":"featured","14":"taxable","15":"shipping-taxable","16":"purchasable","17":"product-type-variable"},"brands":[{"id":2405,"name":"Hundlands","slug":"hundlands-de"}],"_links":{"self":[{"href":"https:\/\/www.havohravo.com\/de\/wp-json\/wp\/v2\/product\/88770","targetHints":{"allow":["GET"]}}],"collection":[{"href":"https:\/\/www.havohravo.com\/de\/wp-json\/wp\/v2\/product"}],"about":[{"href":"https:\/\/www.havohravo.com\/de\/wp-json\/wp\/v2\/types\/product"}],"wp:featuredmedia":[{"embeddable":true,"href":"https:\/\/www.havohravo.com\/de\/wp-json\/wp\/v2\/media\/88779"}],"wp:attachment":[{"href":"https:\/\/www.havohravo.com\/de\/wp-json\/wp\/v2\/media?parent=88770"}],"wp:term":[{"taxonomy":"pwb-brand","embeddable":true,"href":"https:\/\/www.havohravo.com\/de\/wp-json\/wp\/v2\/pwb-brand?post=88770"},{"taxonomy":"product_cat","embeddable":true,"href":"https:\/\/www.havohravo.com\/de\/wp-json\/wp\/v2\/product_cat?post=88770"},{"taxonomy":"product_tag","embeddable":true,"href":"https:\/\/www.havohravo.com\/de\/wp-json\/wp\/v2\/product_tag?post=88770"}],"curies":[{"name":"wp","href":"https:\/\/api.w.org\/{rel}","templated":true}]}}