{"id":88792,"date":"2025-06-16T15:13:02","date_gmt":"2025-06-16T13:13:02","guid":{"rendered":"https:\/\/www.havohravo.com\/?post_type=product&#038;p=88792"},"modified":"2025-08-20T12:39:37","modified_gmt":"2025-08-20T10:39:37","slug":"dog-rescue-sling-copy","status":"publish","type":"product","link":"https:\/\/www.havohravo.com\/de\/produkt\/dog-rescue-sling-copy\/","title":{"rendered":"K\u00fchlweste"},"content":{"rendered":"<div class=\"wpb-content-wrapper\"><p>[vc_row][vc_column][vc_empty_space][\/vc_column][\/vc_row][vc_row][vc_column][vc_column_text css=&#8220;&#8220;]<\/p>\n<h3>K\u00fchlweste<\/h3>\n<p>Das fortschrittliche 3Chill tec\u2122-System der K\u00fchlweste sorgt f\u00fcr dauerhafte K\u00fchlung, damit Dein Hund auch an den w\u00e4rmsten Tagen mit Dir im Freien sein kann.<\/p>\n<ol>\n<li><strong>Die Weste anfeuchten:\u00a0\u00a0<\/strong>Tauche die Weste in einen Eimer mit kaltem Wasser oder einen Fluss.\u00a0Die mittlere Schicht aus Filz nimmt das Wasser schnell auf und verteilt es gleichm\u00e4\u00dfig. Sie kann das Neunfache ihres Gewichts aufnehmen und sorgt so f\u00fcr eine sofortige und langfristige Wirkung.<\/li>\n<li><strong>K\u00fchlungsmuster wird aktiviert:\u00a0<\/strong>Wenn die Weste nass wird, zeigt die UV-gesch\u00fctzte Au\u00dfenschicht ein Muster.\u00a0\u00a0Dies zeigt Dir, dass die Weste aktiv daran arbeitet, Deinen Hund k\u00fchl zu halten.<\/li>\n<li><strong>Mit Leichtigkeit anzuziehen:\u00a0\u00a0<\/strong>Ziehe die Weste \u00fcber den Kopf Deines Hundes, befestige die robusten Brustschnallen und stelle die elastischen Hals- und Brustgurte f\u00fcr eine individuelle Passform ein.<\/li>\n<li><strong>Die Hitze besiegen:\u00a0<\/strong>Die eng anliegende Weste bedeckt nur den Rumpf und k\u00fchlt effizient, ohne die Bewegungsfreiheit einzuschr\u00e4nken. Die helle Farbe der Weste reflektiert das Sonnenlicht und die weiche 3D-Air-Mesh-Innenschicht sorgt f\u00fcr Komfort und Atmungsaktivit\u00e4t.<\/li>\n<li><strong>Muster verschwindet &#8211; Weste neu befeuchten:\u00a0\u00a0<\/strong>Wenn das Muster verblasst, befeuchte das Oberteil der Weste einfach erneut oder lass Deinen Hund in einen nahe gelegenen Bach springen, um die k\u00fchlende Wirkung zu reaktivieren.<\/li>\n<\/ol>\n<p>Die Cooling vest besteht aus strapazierf\u00e4higen Materialien mit reflektierenden Details f\u00fcr bessere Sichtbarkeit und eignet sich perfekt f\u00fcr Dienst- und Arbeitshunde im Einsatz, f\u00fcr Aktivit\u00e4ten mit geringer Intensit\u00e4t oder zur Abk\u00fchlung vor und nach hohen Belastungen. Sie ist d\u00fcnn genug, um sie unter ein Geschirr zu ziehen.[\/vc_column_text][vc_empty_space height=&#8220;24&#8243;][vc_single_image image=&#8220;88802&#8243; img_size=&#8220;large&#8220;][vc_empty_space height=&#8220;24&#8243;][vc_column_text css=&#8220;&#8220;]<\/p>\n<table cellspacing=\"0\" cellpadding=\"0\">\n<tbody>\n<tr>\n<td valign=\"bottom\"><strong>Gr\u00f6\u00dfe<\/strong><\/td>\n<td valign=\"bottom\"><strong>Halsumfang<\/strong><\/td>\n<td valign=\"bottom\"><strong>Brustumfang<\/strong><\/td>\n<\/tr>\n<tr>\n<td valign=\"bottom\">XS<\/td>\n<td valign=\"bottom\">29-36cm<\/td>\n<td valign=\"bottom\">40-56cm<\/td>\n<\/tr>\n<tr>\n<td valign=\"bottom\">S<\/td>\n<td valign=\"bottom\">36-48cm<\/td>\n<td valign=\"bottom\">45-60cm<\/td>\n<\/tr>\n<tr>\n<td valign=\"bottom\">M<\/td>\n<td valign=\"bottom\">43-60cm<\/td>\n<td valign=\"bottom\">58-84cm<\/td>\n<\/tr>\n<tr>\n<td valign=\"bottom\">L<\/td>\n<td valign=\"bottom\">51-69cm<\/td>\n<td valign=\"bottom\">72-102cm<\/td>\n<\/tr>\n<tr>\n<td valign=\"bottom\">XL<\/td>\n<td valign=\"bottom\">60-84cm<\/td>\n<td valign=\"bottom\">74-108cm<\/td>\n<\/tr>\n<\/tbody>\n<\/table>\n<p>[\/vc_column_text][vc_empty_space height=&#8220;24&#8243;][\/vc_column][\/vc_row]<\/p>\n<\/div>","protected":false},"excerpt":{"rendered":"<p>K\u00fchlweste f\u00fcr Hunde mit 3Chill tec\u2122 f\u00fcr einen lang anhaltenden K\u00fchleffekt, mit einem Musterindikator, der anzeigt, wann die Weste wieder befeuchtet werden muss, damit der Hund an warmen Tagen k\u00fchl und komfortabel bleibt.<\/p>\n","protected":false},"featured_media":88798,"template":"","meta":[],"pwb-brand":[378],"product_cat":[1011,879,881,889],"product_tag":[925],"class_list":{"0":"post-88792","1":"product","2":"type-product","3":"status-publish","4":"has-post-thumbnail","6":"pwb-brand-non-stop-dogwear-de","7":"product_cat-anderes-zubehoer","8":"product_cat-hundemode","9":"product_cat-mantel-und-jacken","10":"product_cat-andere-produkte-menschen","11":"product_tag-sicherheit","13":"first","14":"instock","15":"taxable","16":"shipping-taxable","17":"purchasable","18":"product-type-variable"},"brands":[{"id":378,"name":"Non-Stop Dogwear","slug":"non-stop-dogwear-de"}],"_links":{"self":[{"href":"https:\/\/www.havohravo.com\/de\/wp-json\/wp\/v2\/product\/88792","targetHints":{"allow":["GET"]}}],"collection":[{"href":"https:\/\/www.havohravo.com\/de\/wp-json\/wp\/v2\/product"}],"about":[{"href":"https:\/\/www.havohravo.com\/de\/wp-json\/wp\/v2\/types\/product"}],"wp:featuredmedia":[{"embeddable":true,"href":"https:\/\/www.havohravo.com\/de\/wp-json\/wp\/v2\/media\/88798"}],"wp:attachment":[{"href":"https:\/\/www.havohravo.com\/de\/wp-json\/wp\/v2\/media?parent=88792"}],"wp:term":[{"taxonomy":"pwb-brand","embeddable":true,"href":"https:\/\/www.havohravo.com\/de\/wp-json\/wp\/v2\/pwb-brand?post=88792"},{"taxonomy":"product_cat","embeddable":true,"href":"https:\/\/www.havohravo.com\/de\/wp-json\/wp\/v2\/product_cat?post=88792"},{"taxonomy":"product_tag","embeddable":true,"href":"https:\/\/www.havohravo.com\/de\/wp-json\/wp\/v2\/product_tag?post=88792"}],"curies":[{"name":"wp","href":"https:\/\/api.w.org\/{rel}","templated":true}]}}