{"id":88869,"date":"2025-06-28T19:16:42","date_gmt":"2025-06-28T17:16:42","guid":{"rendered":"https:\/\/www.havohravo.com\/?post_type=product&#038;p=88869"},"modified":"2026-04-15T11:27:44","modified_gmt":"2026-04-15T09:27:44","slug":"bobber-copy","status":"publish","type":"product","link":"https:\/\/www.havohravo.com\/de\/produkt\/bobber-copy\/","title":{"rendered":"CoolPets Ring O&#8216; Ducky"},"content":{"rendered":"<div class=\"wpb-content-wrapper\"><p>[vc_row][vc_column][vc_empty_space][\/vc_column][\/vc_row][vc_row][vc_column][vc_column_text css=&#8220;&#8220;]Der robuste Ring O&#8216; ist das perfekte Hundespielzeug f\u00fcr den Sommer. K\u00fchlen Sie Ihren vierbeinigen Freund auf spielerische Weise ab, indem Sie zum Beispiel mit dem Spielzeug im Wasser Apportieren spielen; das Spielzeug schwimmt! Gleichzeitig absorbiert das Spielzeug auch Wasser, das freigesetzt wird, wenn der Hund es ins Maul nimmt. Dies verhindert eine Dehydrierung und erm\u00f6glicht es Ihnen und Ihrem Hund, unbesorgt zu spielen. Dank des lustigen Knackmaterials und des im Spielzeug verarbeiteten Quietschens ist der Spa\u00df noch gr\u00f6\u00dfer!<\/p>\n<p>Length: 36 cm<br \/>\nHeight: 12 cm<br \/>\nWidth: 20 cm[\/vc_column_text][vc_empty_space height=&#8220;24&#8243;][\/vc_column][\/vc_row]<\/p>\n<\/div>","protected":false},"excerpt":{"rendered":"<p>Das ultimative Spielzeug f\u00fcr Apportierspa\u00df im Sommer<\/p>\n","protected":false},"featured_media":88884,"template":"","meta":[],"pwb-brand":[2490],"product_cat":[1696,866],"product_tag":[1990],"class_list":{"0":"post-88869","1":"product","2":"type-product","3":"status-publish","4":"has-post-thumbnail","6":"pwb-brand-coolpets-de","7":"product_cat-anderes-spielzeug","8":"product_cat-hundespielzeug","9":"product_tag-sommer","11":"first","12":"outofstock","13":"taxable","14":"shipping-taxable","15":"purchasable","16":"product-type-variable"},"brands":[{"id":2490,"name":"Coolpets","slug":"coolpets-de"}],"_links":{"self":[{"href":"https:\/\/www.havohravo.com\/de\/wp-json\/wp\/v2\/product\/88869","targetHints":{"allow":["GET"]}}],"collection":[{"href":"https:\/\/www.havohravo.com\/de\/wp-json\/wp\/v2\/product"}],"about":[{"href":"https:\/\/www.havohravo.com\/de\/wp-json\/wp\/v2\/types\/product"}],"wp:featuredmedia":[{"embeddable":true,"href":"https:\/\/www.havohravo.com\/de\/wp-json\/wp\/v2\/media\/88884"}],"wp:attachment":[{"href":"https:\/\/www.havohravo.com\/de\/wp-json\/wp\/v2\/media?parent=88869"}],"wp:term":[{"taxonomy":"pwb-brand","embeddable":true,"href":"https:\/\/www.havohravo.com\/de\/wp-json\/wp\/v2\/pwb-brand?post=88869"},{"taxonomy":"product_cat","embeddable":true,"href":"https:\/\/www.havohravo.com\/de\/wp-json\/wp\/v2\/product_cat?post=88869"},{"taxonomy":"product_tag","embeddable":true,"href":"https:\/\/www.havohravo.com\/de\/wp-json\/wp\/v2\/product_tag?post=88869"}],"curies":[{"name":"wp","href":"https:\/\/api.w.org\/{rel}","templated":true}]}}