{"id":8897,"date":"2018-10-14T18:44:21","date_gmt":"2018-10-14T16:44:21","guid":{"rendered":"https:\/\/www.havohravo.com\/product\/knieschoner-mit-klettverschlus\/"},"modified":"2020-01-18T17:13:13","modified_gmt":"2020-01-18T16:13:13","slug":"knieschoner-mit-klettverschlus","status":"publish","type":"product","link":"https:\/\/www.havohravo.com\/de\/produkt\/knieschoner-mit-klettverschlus\/","title":{"rendered":"Knieschoner mit Klettverschlu\u00df"},"content":{"rendered":"<div class=\"wpb-content-wrapper\"><p>[vc_row][vc_column][vc_empty_space][\/vc_column][\/vc_row][vc_row][vc_column width=&#8220;1\/2&#8243;][vc_column_text]<\/p>\n<h3>Knieschoner mit Klettverschlu\u00df<\/h3>\n<ul>\n<li>Ideal f\u00fcr Anwendung bei Kneeverletzungen oder Osteoarthritide.<\/li>\n<li>Hergestellt aus Welltex\u00ae, das die Durchblutung stimuliert und hilft somit den Verletzungen vorzubeugen.<\/li>\n<li>Verf\u00fcgt \u00fcber einen elastischen Spannband im oberen Teil.<\/li>\n<li>Bei k\u00f6rperlicher Bewegung k\u00f6nnen Sie das Band festspannen und in Ruhephasen l\u00f6sen.<\/li>\n<li>Es kann auch komplett abgenommen werden, z.B. beim Schlafen.<\/li>\n<li>Ein elastischer Ring im oberen Teil des Knieschoners sichert, da\u00df der Schoner nicht verrutscht.<\/li>\n<li>In den Seiten des Schoners befinden sich zwei weiche, biegsame Schienen, die eine gewisse St\u00fctzfunktion aufweisen und die daf\u00fcr sorgen, dass keine Falten in der Kniekehle entstehen.<\/li>\n<li>Perfekte Passform.<\/li>\n<li>Hohes Tragekomfort.<\/li>\n<\/ul>\n<h3>Gr\u00f6\u00dfe<\/h3>\n<p>Ma\u00dfe\u00a0<strong>E<\/strong> &#8211; siehe Abbildung<br \/>\nS 35-41 cm<br \/>\nM 39-43 cm<br \/>\nL 42-46 cm<br \/>\nXL 46-52 cm<br \/>\nXXL 52-61 cm<br \/>\nXXXL\u00a0 60-64 cm[\/vc_column_text][vc_empty_space height=&#8220;24&#8243;][\/vc_column][vc_column width=&#8220;5\/12&#8243; offset=&#8220;vc_col-sm-offset-1&#8243;][vc_column_text]<\/p>\n<h3>Richtige Gr\u00f6\u00dfe bestimmen<\/h3>\n<p>Um richtige Gr\u00f6\u00dfe zu bestimmen, messen sie knapp ohne zus\u00e4tzlichen Freiraum.[\/vc_column_text][vc_empty_space height=&#8220;32&#8243;][vc_single_image image=&#8220;2062&#8243; img_size=&#8220;full&#8220;][vc_empty_space height=&#8220;24&#8243;][\/vc_column][\/vc_row]<\/p>\n<\/div>","protected":false},"excerpt":{"rendered":"<p>Ideal f\u00fcr Anwendung bei Kneeverletzungen oder Osteoarthritide.<\/p>\n","protected":false},"featured_media":8906,"template":"","meta":[],"pwb-brand":[360],"product_cat":[861,886],"product_tag":[1228],"class_list":{"0":"post-8897","1":"product","2":"type-product","3":"status-publish","4":"has-post-thumbnail","6":"pwb-brand-back-on-track-de","7":"product_cat-fur-menschen","8":"product_cat-menschen-bandagen","9":"product_tag-ausverkauf","11":"first","12":"instock","13":"sale","14":"taxable","15":"shipping-taxable","16":"purchasable","17":"product-type-variable"},"brands":[{"id":360,"name":"Back On Track","slug":"back-on-track-de"}],"_links":{"self":[{"href":"https:\/\/www.havohravo.com\/de\/wp-json\/wp\/v2\/product\/8897","targetHints":{"allow":["GET"]}}],"collection":[{"href":"https:\/\/www.havohravo.com\/de\/wp-json\/wp\/v2\/product"}],"about":[{"href":"https:\/\/www.havohravo.com\/de\/wp-json\/wp\/v2\/types\/product"}],"wp:featuredmedia":[{"embeddable":true,"href":"https:\/\/www.havohravo.com\/de\/wp-json\/wp\/v2\/media\/8906"}],"wp:attachment":[{"href":"https:\/\/www.havohravo.com\/de\/wp-json\/wp\/v2\/media?parent=8897"}],"wp:term":[{"taxonomy":"pwb-brand","embeddable":true,"href":"https:\/\/www.havohravo.com\/de\/wp-json\/wp\/v2\/pwb-brand?post=8897"},{"taxonomy":"product_cat","embeddable":true,"href":"https:\/\/www.havohravo.com\/de\/wp-json\/wp\/v2\/product_cat?post=8897"},{"taxonomy":"product_tag","embeddable":true,"href":"https:\/\/www.havohravo.com\/de\/wp-json\/wp\/v2\/product_tag?post=8897"}],"curies":[{"name":"wp","href":"https:\/\/api.w.org\/{rel}","templated":true}]}}