{"id":89002,"date":"2025-08-14T11:16:19","date_gmt":"2025-08-14T09:16:19","guid":{"rendered":"https:\/\/www.havohravo.com\/product\/shaker-havohravo\/"},"modified":"2025-10-01T16:35:14","modified_gmt":"2025-10-01T14:35:14","slug":"shaker-havohravo","status":"publish","type":"product","link":"https:\/\/www.havohravo.com\/de\/produkt\/shaker-havohravo\/","title":{"rendered":"Shaker havohravo"},"content":{"rendered":"<p>Perfekt f\u00fcr die Hydratation deines Hundes oder sogar f\u00fcr deinen Proteindrink. Einfach das Pulver und Wasser hinzuf\u00fcgen und gut sch\u00fctteln, bis alles gut vermischt ist. Mit einem Mischgitter und einem Schraubdeckel, um Versch\u00fctten zu verhindern.<\/p>\n<p>Aus ungiftigem Material, sp\u00fclmaschinenfest.<\/p>\n<p>Fassungsverm\u00f6gen 600 ml.<\/p>\n<p>Vor dem ersten Gebrauch waschen.<\/p>\n","protected":false},"excerpt":{"rendered":"<p>Shaker mit Mischgitter und Schraubverschluss<\/p>\n","protected":false},"featured_media":88999,"template":"","meta":[],"pwb-brand":[374],"product_cat":[1011,875,1933,861,889],"product_tag":[],"class_list":{"0":"post-89002","1":"product","2":"type-product","3":"status-publish","4":"has-post-thumbnail","6":"pwb-brand-havohravo-de","7":"product_cat-anderes-zubehoer","8":"product_cat-fuer-hundesport","9":"product_cat-futter","10":"product_cat-fur-menschen","11":"product_cat-andere-produkte-menschen","13":"first","14":"outofstock","15":"featured","16":"taxable","17":"shipping-taxable","18":"purchasable","19":"product-type-simple"},"brands":[{"id":374,"name":"havohravo","slug":"havohravo-de"}],"_links":{"self":[{"href":"https:\/\/www.havohravo.com\/de\/wp-json\/wp\/v2\/product\/89002","targetHints":{"allow":["GET"]}}],"collection":[{"href":"https:\/\/www.havohravo.com\/de\/wp-json\/wp\/v2\/product"}],"about":[{"href":"https:\/\/www.havohravo.com\/de\/wp-json\/wp\/v2\/types\/product"}],"wp:featuredmedia":[{"embeddable":true,"href":"https:\/\/www.havohravo.com\/de\/wp-json\/wp\/v2\/media\/88999"}],"wp:attachment":[{"href":"https:\/\/www.havohravo.com\/de\/wp-json\/wp\/v2\/media?parent=89002"}],"wp:term":[{"taxonomy":"pwb-brand","embeddable":true,"href":"https:\/\/www.havohravo.com\/de\/wp-json\/wp\/v2\/pwb-brand?post=89002"},{"taxonomy":"product_cat","embeddable":true,"href":"https:\/\/www.havohravo.com\/de\/wp-json\/wp\/v2\/product_cat?post=89002"},{"taxonomy":"product_tag","embeddable":true,"href":"https:\/\/www.havohravo.com\/de\/wp-json\/wp\/v2\/product_tag?post=89002"}],"curies":[{"name":"wp","href":"https:\/\/api.w.org\/{rel}","templated":true}]}}