{"id":8907,"date":"2018-10-14T18:44:21","date_gmt":"2018-10-14T16:44:21","guid":{"rendered":"https:\/\/www.havohravo.com\/product\/fleecedecke\/"},"modified":"2021-11-23T21:32:08","modified_gmt":"2021-11-23T20:32:08","slug":"fleecedecke","status":"publish","type":"product","link":"https:\/\/www.havohravo.com\/de\/produkt\/fleecedecke\/","title":{"rendered":"Fleecedecke"},"content":{"rendered":"<div class=\"wpb-content-wrapper\"><p>[vc_row][vc_column][vc_empty_space][\/vc_column][\/vc_row][vc_row][vc_column width=&#8220;1\/2&#8243;][vc_column_text]<\/p>\n<h3>Fleecedecke<\/h3>\n<ul>\n<li>F\u00fcr Extra-W\u00e4rme.<\/li>\n<li>Zur Milderung von Gelenk- und Muskelschmerzen.<\/li>\n<li>Zur Anwendung daheim und unterwegs.<\/li>\n<li>Hergestellt aus Welltex\u00ae, das die Durchblutung stimuliert und hilft somit den Verletzungen vorzubeugen.<\/li>\n<li>80% Polyester und 20% Polypropylene.<\/li>\n<li>Innere Schicht besteht aus Welltex\u00ae Material und aussere Schicht besteht aus weichem Fleece von hoher Qualit\u00e4t.<\/li>\n<li>Multi-funktionelle Fleecedecke.<\/li>\n<li>Verleiht schnell ein warmes und angenehmes Gef\u00fchl.<\/li>\n<li>Leicht zum transportieren.<\/li>\n<li>Verf\u00fcgbar in 2 Gr\u00f6\u00dfen.<\/li>\n<\/ul>\n<h3>Gr\u00f6\u00dfe<\/h3>\n<p>120 x 160 cm\u00a0\u00a0\u00a0 \u20ac 64<br \/>\n140 x 200 cm\u00a0\u00a0\u00a0 \u20ac 93[\/vc_column_text][vc_empty_space height=&#8220;24&#8243;][\/vc_column][vc_column width=&#8220;1\/2&#8243;][vc_column_text]<\/p>\n<h3 style=\"text-align: left;\">Mehr Infos<\/h3>\n<p>[\/vc_column_text][vc_empty_space height=&#8220;4&#8243;]\r\n\t\t\t<div class=\"nm-lightbox\" data-mfp-type=\"image\" data-mfp-src=\"https:\/\/www.havohravo.com\/wp-content\/uploads\/2018\/10\/backontrack_welltex.jpg\"><a href=\"#\">Wie funktioniert die Welltex\u00ae Technologie!<\/a>\r\n\t\t\t<\/div>\r\n\t\t\t<div class=\"nm-lightbox\" data-mfp-type=\"image\" data-mfp-src=\"https:\/\/www.havohravo.com\/wp-content\/uploads\/2018\/10\/backontrack_manufacturing.jpg\"><a href=\"#\">Wie wird es hergestellt<\/a>\r\n\t\t\t<\/div>[vc_empty_space height=&#8220;24&#8243;][\/vc_column][\/vc_row]<\/p>\n<\/div>","protected":false},"excerpt":{"rendered":"<p>Ideal f\u00fcr Extra-W\u00e4rme.<\/p>\n","protected":false},"featured_media":8910,"template":"","meta":[],"pwb-brand":[360],"product_cat":[861,889],"product_tag":[1228],"class_list":{"0":"post-8907","1":"product","2":"type-product","3":"status-publish","4":"has-post-thumbnail","6":"pwb-brand-back-on-track-de","7":"product_cat-fur-menschen","8":"product_cat-andere-produkte-menschen","9":"product_tag-ausverkauf","11":"first","12":"instock","13":"sale","14":"taxable","15":"shipping-taxable","16":"purchasable","17":"product-type-variable"},"brands":[{"id":360,"name":"Back On Track","slug":"back-on-track-de"}],"_links":{"self":[{"href":"https:\/\/www.havohravo.com\/de\/wp-json\/wp\/v2\/product\/8907","targetHints":{"allow":["GET"]}}],"collection":[{"href":"https:\/\/www.havohravo.com\/de\/wp-json\/wp\/v2\/product"}],"about":[{"href":"https:\/\/www.havohravo.com\/de\/wp-json\/wp\/v2\/types\/product"}],"wp:featuredmedia":[{"embeddable":true,"href":"https:\/\/www.havohravo.com\/de\/wp-json\/wp\/v2\/media\/8910"}],"wp:attachment":[{"href":"https:\/\/www.havohravo.com\/de\/wp-json\/wp\/v2\/media?parent=8907"}],"wp:term":[{"taxonomy":"pwb-brand","embeddable":true,"href":"https:\/\/www.havohravo.com\/de\/wp-json\/wp\/v2\/pwb-brand?post=8907"},{"taxonomy":"product_cat","embeddable":true,"href":"https:\/\/www.havohravo.com\/de\/wp-json\/wp\/v2\/product_cat?post=8907"},{"taxonomy":"product_tag","embeddable":true,"href":"https:\/\/www.havohravo.com\/de\/wp-json\/wp\/v2\/product_tag?post=8907"}],"curies":[{"name":"wp","href":"https:\/\/api.w.org\/{rel}","templated":true}]}}