{"id":89126,"date":"2025-09-03T10:24:14","date_gmt":"2025-09-03T08:24:14","guid":{"rendered":"https:\/\/www.havohravo.com\/?post_type=product&#038;p=89126"},"modified":"2026-03-24T20:53:34","modified_gmt":"2026-03-24T19:53:34","slug":"kevyt-pomppa-forest-copy","status":"publish","type":"product","link":"https:\/\/www.havohravo.com\/de\/produkt\/kevyt-pomppa-forest-copy\/","title":{"rendered":"Kevyt Pomppa Rust"},"content":{"rendered":"<div class=\"wpb-content-wrapper\"><p>[vc_row][vc_column][vc_empty_space][\/vc_column][\/vc_row][vc_row type=&#8220;boxed&#8220;][vc_column width=&#8220;1\/2&#8243;][vc_column_text css=&#8220;&#8220;]<\/p>\n<div class=\"wpb_text_column wpb_content_element\">\n<div class=\"wpb_wrapper\">\n<h3>Kevyt Pomppa<\/h3>\n<p>KevytPomppa ist ein warmer Regenmantel, der den Hund in der Zwischensaison trocken und komfortabel h\u00e4lt. Das wasserdichte und strapazierf\u00e4hige Au\u00dfenmaterial sch\u00fctzt den Hund vor Regen, Wind und Schmutz. Das Futter besteht aus weichem Kunstfell, das effektiv isoliert. KevytPomppa eignet sich perfekt als \u00dcbergangsmantel f\u00fcr k\u00e4lteempfindliche Hunde und als Wintermantel f\u00fcr k\u00e4ltetolerantere Rassen.<\/p>\n<p>NEU: Die Saisonfarben Trail und Forest sind jetzt mit abnehmbaren und verstellbaren Beinschlaufen ausgestattet, zus\u00e4tzlich zu einer funktionellen \u00d6ffnung f\u00fcr das Geschirr! Der Gurt und die Schnalle wurden ebenfalls \u00fcberarbeitet.<\/p>\n<\/div>\n<\/div>\n<p>[\/vc_column_text][vc_empty_space height=&#8220;24&#8243;][vc_column_text css=&#8220;&#8220;]<\/p>\n<h3>Charakteristik<\/h3>\n<p>\u2714 Warmer, leichter und strapazierf\u00e4higer Regenmantel<br \/>\n\u2714 Weiches Fellfutter, das das Fell nicht verheddert<br \/>\n\u2714 Voller Schutz ohne Einschr\u00e4nkung der Bewegungsfreiheit<br \/>\n\u2714 Das einfache Design ist f\u00fcr viele Hundetypen geeignet<br \/>\n\u2714 Schnelles und einfaches An- und Ausziehen<br \/>\n\u2714 Leichte Materialien, klein verpackbar<br \/>\n\u2714 Funktioniert wie eine Shell-Jacke \u00fcber JumppaPomppa<br \/>\n[\/vc_column_text][vc_empty_space height=&#8220;24&#8243;][\/vc_column][vc_column width=&#8220;1\/2&#8243; offset=&#8220;vc_col-lg-offset-1 vc_col-lg-5 vc_col-sm-offset-0&#8243;][vc_single_image image=&#8220;83746&#8243; img_size=&#8220;full&#8220;][vc_empty_space height=&#8220;24&#8243;][vc_column_text css=&#8220;&#8220;]<\/p>\n<h3>Material<\/h3>\n<p>Technische Einzelheiten<\/p>\n<p>Obermaterial: 100 % recyceltes Polyester*<br \/>\nWassers\u00e4ule des Au\u00dfenmaterials: 5 000 mm<br \/>\nAu\u00dfenmaterial mit wasserabweisender Behandlung<br \/>\nFutter: 100 % Polyester<br \/>\nPassform: Regular<\/p>\n<p>*Ab der Saison 22-23 besteht das Au\u00dfenmaterial der Pomppa-M\u00e4ntel aus 100 % recyceltem Polyester. Es gibt zwar noch einzelne Produkte aus 100 % neuem Polyester in unserem Lager, aber trotzdem sind Aussehen und Funktionalit\u00e4t der beiden Materialien vollkommen gleich.<\/p>\n<h3>Waschanleitung<\/h3>\n<p>Maschinenw\u00e4sche bei 30 \u00b0C<br \/>\nKeinen Weichsp\u00fcler verwenden<br \/>\nNicht im Trockner trocknen<br \/>\nNicht b\u00fcgeln<br \/>\nNicht bleichen<br \/>\nMit \u00e4hnlichen Farben waschen<br \/>\nNach ein paar W\u00e4schen die DWR mit Impr\u00e4gnierspray wiederherstellen<\/p>\n<p>Herkunftsland<\/p>\n<p>Design und Produktentwicklung: Finnland<br \/>\nObermaterial: Taiwan<br \/>\nInnenfutter: Taiwan<br \/>\nHerstellung: China[\/vc_column_text][vc_empty_space height=&#8220;24&#8243;][\/vc_column][\/vc_row][vc_row equal_height=&#8220;yes&#8220; content_placement=&#8220;middle&#8220; css=&#8220;.vc_custom_1546260833978{padding-top: 40px !important;padding-bottom: 40px !important;}&#8220;][vc_column width=&#8220;1\/2&#8243;][vc_single_image image=&#8220;83744&#8243; img_size=&#8220;full&#8220; alignment=&#8220;center&#8220;][\/vc_column][vc_column width=&#8220;1\/2&#8243;][vc_column_text css=&#8220;&#8220;]<\/p>\n<h3>Auswahl der richtigen Gr\u00f6\u00dfe<\/h3>\n<p>Die Pomppa-Gr\u00f6\u00dfen richten sich nach der R\u00fcckenl\u00e4nge des Hundes in Zentimetern. W\u00e4hle die richtige Gr\u00f6\u00dfe in erster Linie nach der R\u00fcckenl\u00e4nge deines Hundes. Die Passform von KevytPomppa ist \u00e4hnlich wie bei Sade-, Kevyt- und PerusPomppa. Wenn die Ma\u00dfe deines Hundes zwischen zwei Gr\u00f6\u00dfen liegen, w\u00e4hle die kleinere Gr\u00f6\u00dfe nur, wenn dein Hund die Rute hoch tr\u00e4gt oder schmal gebaut ist.<\/p>\n<p>Messe deinen Hund gem\u00e4\u00df den unten stehenden Anweisungen. Achte darauf, dass gen\u00fcgend Platz f\u00fcr das Fell des Hundes bleibt. Hinweis: Je nach den Proportionen des Hundes kann es sein, dass der Gurt nicht an der schmalsten Stelle des Bauches des Hundes anliegt.<\/p>\n<p>R\u00dcCKEN: Die R\u00fcckenl\u00e4nge wird vom Hals des Hundes bis zum Rutenansatz gemessen. Beginne mit der Messung am Widerrist, d. h. an der Stelle, an der der Hals auf den R\u00fccken trifft (beziehe keinen Teil des Halses in die Messung ein).<br \/>\nHALS: Der Halsumfang wird an der breitesten Stelle des Halses, nahe der Brust, gemessen.<br \/>\nBRUST: Der Brustumfang wird an der breitesten Stelle der Brust gemessen.<br \/>\nTAILLE: Der Taillenumfang wird an der schmalsten Stelle des Bauches des Hundes gemessen.[\/vc_column_text][\/vc_column][\/vc_row][vc_row type=&#8220;boxed&#8220;][vc_column][vc_empty_space height=&#8220;64&#8243;][vc_video link=&#8220;https:\/\/youtu.be\/mEV22x_ep3Q&#8220; align=&#8220;center&#8220;][vc_empty_space][\/vc_column][\/vc_row]<\/p>\n<\/div>","protected":false},"excerpt":{"rendered":"<p>KevytPomppa ist ein vielseitiger Mantel f\u00fcr die \u00dcbergangszeit, der den Hund sowohl trocken als auch warm h\u00e4lt. Das wasserdichte Obermaterial und das warme Fellfutter sind die perfekte Wahl f\u00fcr das unberechenbare Wetter im Fr\u00fchling und Herbst.<\/p>\n","protected":false},"featured_media":89148,"template":"","meta":[],"pwb-brand":[386],"product_cat":[2164,2166,879,881],"product_tag":[],"class_list":{"0":"post-89126","1":"product","2":"type-product","3":"status-publish","4":"has-post-thumbnail","6":"pwb-brand-pomppa-de","7":"product_cat-uebergangsmaentel","8":"product_cat-regenmantel","9":"product_cat-hundemode","10":"product_cat-mantel-und-jacken","12":"first","13":"instock","14":"featured","15":"taxable","16":"shipping-taxable","17":"purchasable","18":"product-type-variable"},"brands":[{"id":386,"name":"Pomppa","slug":"pomppa-de"}],"_links":{"self":[{"href":"https:\/\/www.havohravo.com\/de\/wp-json\/wp\/v2\/product\/89126","targetHints":{"allow":["GET"]}}],"collection":[{"href":"https:\/\/www.havohravo.com\/de\/wp-json\/wp\/v2\/product"}],"about":[{"href":"https:\/\/www.havohravo.com\/de\/wp-json\/wp\/v2\/types\/product"}],"wp:featuredmedia":[{"embeddable":true,"href":"https:\/\/www.havohravo.com\/de\/wp-json\/wp\/v2\/media\/89148"}],"wp:attachment":[{"href":"https:\/\/www.havohravo.com\/de\/wp-json\/wp\/v2\/media?parent=89126"}],"wp:term":[{"taxonomy":"pwb-brand","embeddable":true,"href":"https:\/\/www.havohravo.com\/de\/wp-json\/wp\/v2\/pwb-brand?post=89126"},{"taxonomy":"product_cat","embeddable":true,"href":"https:\/\/www.havohravo.com\/de\/wp-json\/wp\/v2\/product_cat?post=89126"},{"taxonomy":"product_tag","embeddable":true,"href":"https:\/\/www.havohravo.com\/de\/wp-json\/wp\/v2\/product_tag?post=89126"}],"curies":[{"name":"wp","href":"https:\/\/api.w.org\/{rel}","templated":true}]}}