{"id":89290,"date":"2025-09-03T10:41:06","date_gmt":"2025-09-03T08:41:06","guid":{"rendered":"https:\/\/www.havohravo.com\/?post_type=product&#038;p=89290"},"modified":"2026-03-24T22:35:31","modified_gmt":"2026-03-24T21:35:31","slug":"sporttipomppa-graphite-copy","status":"publish","type":"product","link":"https:\/\/www.havohravo.com\/de\/produkt\/sporttipomppa-graphite-copy\/","title":{"rendered":"SporttiPomppa Habanero"},"content":{"rendered":"<div class=\"wpb-content-wrapper\"><p>[vc_row][vc_column][vc_empty_space][\/vc_column][\/vc_row][vc_row type=&#8220;boxed&#8220;][vc_column width=&#8220;1\/2&#8243;][vc_column_text css=&#8220;&#8220;]<\/p>\n<h3>SporttiPomppa<\/h3>\n<p>SporttiPomppa ist der neueste Zuwachs in der Jumppa-Produktfamilie. Er sch\u00fctzt den Hund vor Regen, Wind und Schmutz, aber auch vor K\u00e4lte. SporttiPomppa verf\u00fcgt \u00fcber das gleiche beliebte Design wie JumppaPomppa, aber jetzt mit neuen Updates!<br \/>\n[\/vc_column_text][vc_empty_space height=&#8220;24&#8243;][vc_column_text css=&#8220;&#8220;]<\/p>\n<h3>Charakteristik<\/h3>\n<p>\u2714 Wasserdichtes, atmungsaktives und flexibles Softshell-Gewebe an R\u00fccken, Hals und Brust<br \/>\n\u2714 Wasserdichter Rei\u00dfverschluss an der Seite f\u00fcr leichtes An-\/Ausziehen<br \/>\n\u2714 Aktualisiertes Vorderteil f\u00fcr maximale Abdeckung von Brust und Schultern, ohne die Bewegungsfreiheit einzuschr\u00e4nken<br \/>\n\u2714 Verstellbare Taille f\u00fcr eine optimale Passform auch f\u00fcr R\u00fcden<br \/>\n\u2714 Reflektierendes Band um das gesamte Produkt f\u00fcr 360\u00b0 Sichtbarkeit<\/p>\n<p>SporttiPomppa ist eine ausgezeichnete Wahl f\u00fcr alle Arten von Outdoor-Aktivit\u00e4ten vom fr\u00fchen Herbst bis zum sp\u00e4ten Fr\u00fchjahr. Das flexible Softshell-Gewebe mit Trikoteins\u00e4tzen am Kragen und an der Brust passt sich den Bewegungen des Hundes an und erm\u00f6glicht volle Bewegungsfreiheit. Die weiche Innenseite des Gewebes macht den Mantel au\u00dferdem angenehm zu tragen.<br \/>\n[\/vc_column_text][vc_empty_space height=&#8220;24&#8243;][\/vc_column][vc_column width=&#8220;1\/2&#8243; offset=&#8220;vc_col-lg-offset-1 vc_col-lg-5 vc_col-sm-offset-0&#8243;][vc_single_image image=&#8220;83451&#8243; img_size=&#8220;full&#8220;][vc_empty_space height=&#8220;24&#8243;][vc_column_text css=&#8220;&#8220;]<\/p>\n<h3>Material<\/h3>\n<p><strong>Technische Details<\/strong><br \/>\nStoff obere Schicht: 84% Nylon, 16% Elastan<br \/>\nFutterstoff: 95% recycled Polyester, 5% Elastan<br \/>\nWassers\u00e4ule: 10 000 mm<br \/>\nAtmungsaktivit\u00e4t: 10 000 g\/m2\/24h<br \/>\nPFC-freie DWR-Behandlung<br \/>\nPassform: Slim<\/p>\n<p><strong>Pflegehinweise<\/strong><br \/>\nSchonende Maschinenw\u00e4sche bei 30 \u00b0C (Rei\u00dfverschluss schlie\u00dfen)<br \/>\nKeinen Weichsp\u00fcler verwenden<br \/>\nNicht im Trockner trocknen<br \/>\nNicht b\u00fcgeln<br \/>\nNicht bleichen<br \/>\nMit \u00e4hnlichen Farben waschen<br \/>\n\u2013 Mit Feinwaschmittel waschen<br \/>\n\u2013 Nach jeder W\u00e4sche die Wasserabweisung des Mantels reaktivieren<br \/>\n\u2013 Nach ein paar W\u00e4schen die DWR mit Impr\u00e4gnierspray wiederherstellen<\/p>\n<p>Herkunftsland<br \/>\n\u2013 Design und Produktentwicklung: Finnland<br \/>\n\u2013 Materialien und Herstellung: China[\/vc_column_text][vc_empty_space height=&#8220;24&#8243;][\/vc_column][\/vc_row][vc_row equal_height=&#8220;yes&#8220; content_placement=&#8220;middle&#8220; css=&#8220;.vc_custom_1546260833978{padding-top: 40px !important;padding-bottom: 40px !important;}&#8220;][vc_column width=&#8220;1\/2&#8243;][vc_single_image image=&#8220;83453&#8243; img_size=&#8220;full&#8220; alignment=&#8220;center&#8220;][\/vc_column][vc_column width=&#8220;1\/2&#8243;][vc_column_text css=&#8220;&#8220;]<\/p>\n<h3>Auswahl der richtigen Gr\u00f6\u00dfe<\/h3>\n<p>Die Pomppa-Gr\u00f6\u00dfen richten sich nach der R\u00fcckenl\u00e4nge des Hundes in Zentimetern. W\u00e4hle die richtige Gr\u00f6\u00dfe in erster Linie nach der R\u00fcckenl\u00e4nge deines Hundes. Der SporttiPomppa ist ein schmal geschnittenes Produkt, das zur Jumppa-Produktfamilie geh\u00f6rt. Beachten Sie jedoch, dass der Stoff von SporttiPomppa nicht so dehnbar ist wie der von JumppaPomppas. Wenn die Ma\u00dfe Ihres Hundes zwischen zwei Gr\u00f6\u00dfen liegen, empfehlen wir, die gr\u00f6\u00dfere Gr\u00f6\u00dfe zu w\u00e4hlen.<\/p>\n<p>Messe deinen Hund gem\u00e4\u00df den unten stehenden Anweisungen. Achte darauf, dass gen\u00fcgend Platz f\u00fcr das Fell des Hundes bleibt. Hinweis: Je nach den Proportionen des Hundes kann es sein, dass der Gurt nicht an der schmalsten Stelle des Bauches des Hundes anliegt.<\/p>\n<p>R\u00dcCKEN: Die R\u00fcckenl\u00e4nge wird vom Hals des Hundes bis zum Rutenansatz gemessen. Beginne mit der Messung am Widerrist, d. h. an der Stelle, an der der Hals auf den R\u00fccken trifft (beziehe keinen Teil des Halses in die Messung ein).<br \/>\nHALS: Der Halsumfang wird an der breitesten Stelle des Halses, nahe der Brust, gemessen.<br \/>\nBRUST: Der Brustumfang wird an der breitesten Stelle der Brust gemessen.<br \/>\nTAILLE: Der Taillenumfang wird an der schmalsten Stelle des Bauches des Hundes gemessen.<br \/>\n[\/vc_column_text][\/vc_column][\/vc_row]<\/p>\n<\/div>","protected":false},"excerpt":{"rendered":"<p style=\"font-weight: 400;\">SporttiPomppa ist ein wasserdichter und warmer Softshell-Hundemantel f\u00fcr den Einsatz in drei Jahreszeiten. Flexible Materialien, eine gute Passform und ein wasserfester Rei\u00dfverschluss machen den Mantel einfach anzuziehen und angenehm zu tragen.<\/p>\n","protected":false},"featured_media":89154,"template":"","meta":[],"pwb-brand":[386],"product_cat":[2164,2166,879,881],"product_tag":[],"class_list":{"0":"post-89290","1":"product","2":"type-product","3":"status-publish","4":"has-post-thumbnail","6":"pwb-brand-pomppa-de","7":"product_cat-uebergangsmaentel","8":"product_cat-regenmantel","9":"product_cat-hundemode","10":"product_cat-mantel-und-jacken","12":"first","13":"instock","14":"featured","15":"taxable","16":"shipping-taxable","17":"purchasable","18":"product-type-variable"},"brands":[{"id":386,"name":"Pomppa","slug":"pomppa-de"}],"_links":{"self":[{"href":"https:\/\/www.havohravo.com\/de\/wp-json\/wp\/v2\/product\/89290","targetHints":{"allow":["GET"]}}],"collection":[{"href":"https:\/\/www.havohravo.com\/de\/wp-json\/wp\/v2\/product"}],"about":[{"href":"https:\/\/www.havohravo.com\/de\/wp-json\/wp\/v2\/types\/product"}],"wp:featuredmedia":[{"embeddable":true,"href":"https:\/\/www.havohravo.com\/de\/wp-json\/wp\/v2\/media\/89154"}],"wp:attachment":[{"href":"https:\/\/www.havohravo.com\/de\/wp-json\/wp\/v2\/media?parent=89290"}],"wp:term":[{"taxonomy":"pwb-brand","embeddable":true,"href":"https:\/\/www.havohravo.com\/de\/wp-json\/wp\/v2\/pwb-brand?post=89290"},{"taxonomy":"product_cat","embeddable":true,"href":"https:\/\/www.havohravo.com\/de\/wp-json\/wp\/v2\/product_cat?post=89290"},{"taxonomy":"product_tag","embeddable":true,"href":"https:\/\/www.havohravo.com\/de\/wp-json\/wp\/v2\/product_tag?post=89290"}],"curies":[{"name":"wp","href":"https:\/\/api.w.org\/{rel}","templated":true}]}}