{"id":8930,"date":"2018-10-14T18:44:13","date_gmt":"2018-10-14T16:44:13","guid":{"rendered":"https:\/\/www.havohravo.com\/product\/kniestrumpfe-nikki\/"},"modified":"2020-01-17T01:09:26","modified_gmt":"2020-01-17T00:09:26","slug":"kniestrumpfe-nikki","status":"publish","type":"product","link":"https:\/\/www.havohravo.com\/de\/produkt\/kniestrumpfe-nikki\/","title":{"rendered":"Kniestr\u00fcmpfe Nikki"},"content":{"rendered":"<div class=\"wpb-content-wrapper\"><p>[vc_row][vc_column][vc_empty_space][\/vc_column][\/vc_row][vc_row][vc_column width=&#8220;1\/2&#8243;][vc_column_text]<\/p>\n<h3>Kniestr\u00fcmpfe Nikki<\/h3>\n<p>Diese Kniestr\u00fcmpfe sind Teil der neuen Back on Track\u00ae Produkte, die f\u00fcr Reiter, Athleten und Outdoor-Aktivisten gemacht sind! Nikki besteht aus 100% Welltex\u00ae-Material mit einer angenehmen Frotteesohle unter dem Fu\u00df. Dieser Kniestrumpf ist ideal f\u00fcr Reiter in den k\u00e4lteren Monaten, ebenso f\u00fcr die Herbst- und Winterspazierg\u00e4nge mit Hund und f\u00fcr alle die auch bei k\u00e4lteren Temperaturen drau\u00dfen sind. Durch den leichten Kompressionseffekt ist dieses Modell auch bei Fl\u00fcgen bequem zu tragen.<\/p>\n<h3>Gr\u00f6\u00dfe<\/h3>\n<p>S\u00a035-37<br \/>\nM 37-39<br \/>\nL 39-42<br \/>\nXL 42-45[\/vc_column_text][vc_empty_space height=&#8220;24&#8243;][\/vc_column][vc_column width=&#8220;1\/2&#8243;][\/vc_column][\/vc_row][vc_row][vc_column][vc_empty_space][vc_video link=&#8220;https:\/\/youtu.be\/Ky_X85yfUUo&#8220;][\/vc_column][\/vc_row]<\/p>\n<\/div>","protected":false},"excerpt":{"rendered":"<p>Diese Kniestr\u00fcmpfe sind Teil der neuen Back on Track\u00ae Produkte, die f\u00fcr Reiter, Athleten und Outdoor-Aktivisten gemacht sind!<\/p>\n","protected":false},"featured_media":8936,"template":"","meta":[],"pwb-brand":[360],"product_cat":[1706,861,887],"product_tag":[1228],"class_list":{"0":"post-8930","1":"product","2":"type-product","3":"status-publish","4":"has-post-thumbnail","6":"pwb-brand-back-on-track-de","7":"product_cat-socken","8":"product_cat-fur-menschen","9":"product_cat-bekleidung","10":"product_tag-ausverkauf","12":"first","13":"instock","14":"sale","15":"taxable","16":"shipping-taxable","17":"purchasable","18":"product-type-variable"},"brands":[{"id":360,"name":"Back On Track","slug":"back-on-track-de"}],"_links":{"self":[{"href":"https:\/\/www.havohravo.com\/de\/wp-json\/wp\/v2\/product\/8930","targetHints":{"allow":["GET"]}}],"collection":[{"href":"https:\/\/www.havohravo.com\/de\/wp-json\/wp\/v2\/product"}],"about":[{"href":"https:\/\/www.havohravo.com\/de\/wp-json\/wp\/v2\/types\/product"}],"wp:featuredmedia":[{"embeddable":true,"href":"https:\/\/www.havohravo.com\/de\/wp-json\/wp\/v2\/media\/8936"}],"wp:attachment":[{"href":"https:\/\/www.havohravo.com\/de\/wp-json\/wp\/v2\/media?parent=8930"}],"wp:term":[{"taxonomy":"pwb-brand","embeddable":true,"href":"https:\/\/www.havohravo.com\/de\/wp-json\/wp\/v2\/pwb-brand?post=8930"},{"taxonomy":"product_cat","embeddable":true,"href":"https:\/\/www.havohravo.com\/de\/wp-json\/wp\/v2\/product_cat?post=8930"},{"taxonomy":"product_tag","embeddable":true,"href":"https:\/\/www.havohravo.com\/de\/wp-json\/wp\/v2\/product_tag?post=8930"}],"curies":[{"name":"wp","href":"https:\/\/api.w.org\/{rel}","templated":true}]}}