{"id":89540,"date":"2025-09-18T12:57:06","date_gmt":"2025-09-18T10:57:06","guid":{"rendered":"https:\/\/www.havohravo.com\/?post_type=product&#038;p=89540"},"modified":"2025-09-18T13:10:09","modified_gmt":"2025-09-18T11:10:09","slug":"regenmantel-fjord-2-0-grau-copy-2","status":"publish","type":"product","link":"https:\/\/www.havohravo.com\/de\/produkt\/regenmantel-fjord-2-0-grau-copy-2\/","title":{"rendered":"Regenmantel Stormsy"},"content":{"rendered":"<div class=\"wpb-content-wrapper\"><p>[vc_row][vc_column][vc_empty_space][\/vc_column][\/vc_row][vc_row][vc_column width=&#8220;1\/2&#8243;][vc_column_text css=&#8220;&#8220;]<\/p>\n<p data-start=\"1060\" data-end=\"1355\">STORMSY ist einer der d\u00fcnnsten und funktionalsten Regenm\u00e4ntel f\u00fcr Hunde auf dem Markt \u2013 komplett wind- und wasserdicht, gefertigt aus schnelltrocknendem Material. Der gro\u00dfz\u00fcgige Schnitt deckt gro\u00dfe Teile des Fells ab \u2013 ideal f\u00fcr Regentage, an denen dein Hund trocken und bequem bleiben soll.<\/p>\n<p data-start=\"1357\" data-end=\"1586\">Der Mantel l\u00e4sst sich leicht an- und ausziehen. Dank Kordelz\u00fcgen vorne und hinten kann die Passform individuell an den Hund angepasst werden. Wie unsere anderen Modelle bietet STORMSY volle Bewegungsfreiheit \u2013 auch bei Aktivit\u00e4t.<\/p>\n<p>[\/vc_column_text][vc_empty_space height=&#8220;24&#8243;][\/vc_column][vc_column width=&#8220;5\/12&#8243; offset=&#8220;vc_col-sm-offset-1&#8243;][vc_column_text css=&#8220;&#8220;]<\/p>\n<h3>Characteristics<\/h3>\n<p data-start=\"1588\" data-end=\"1813\">Funktionelle Details:<br data-start=\"1609\" data-end=\"1612\" \/>\u2013 Hoher, sch\u00fctzender Kragen f\u00fcr den Nackenbereich<br data-start=\"1661\" data-end=\"1664\" \/>\u2013 Beinschlaufen f\u00fcr besseren Halt bei Wind<br data-start=\"1706\" data-end=\"1709\" \/>\u2013 \u00d6ffnung f\u00fcr das Geschirr<br data-start=\"1735\" data-end=\"1738\" \/>\u2013 Reflektierende Elemente f\u00fcr bessere Sichtbarkeit bei Dunkelheit und Regen<\/p>\n<p data-start=\"1815\" data-end=\"1998\">STORMSY ist die perfekte Wahl f\u00fcr alle, die einen leichten Hunderegenmantel mit durchdachtem Design und maximaler Funktionalit\u00e4t suchen. Der Mantel f\u00e4llt normal bis gro\u00dfz\u00fcgig aus.<\/p>\n<p>[\/vc_column_text][vc_empty_space height=&#8220;24&#8243;][\/vc_column][\/vc_row][vc_row][vc_column][vc_single_image image=&#8220;89556&#8243; img_size=&#8220;large&#8220;][vc_empty_space height=&#8220;32&#8243;][\/vc_column][\/vc_row]<\/p>\n<\/div>","protected":false},"excerpt":{"rendered":"<p>Einer der d\u00fcnnsten und funktionalsten Regenm\u00e4ntel f\u00fcr Hunde auf dem Markt<\/p>\n","protected":false},"featured_media":89558,"template":"","meta":[],"pwb-brand":[2405],"product_cat":[2166,879,881],"product_tag":[],"class_list":{"0":"post-89540","1":"product","2":"type-product","3":"status-publish","4":"has-post-thumbnail","6":"pwb-brand-hundlands-de","7":"product_cat-regenmantel","8":"product_cat-hundemode","9":"product_cat-mantel-und-jacken","11":"first","12":"onbackorder","13":"taxable","14":"shipping-taxable","15":"purchasable","16":"product-type-variable"},"brands":[{"id":2405,"name":"Hundlands","slug":"hundlands-de"}],"_links":{"self":[{"href":"https:\/\/www.havohravo.com\/de\/wp-json\/wp\/v2\/product\/89540","targetHints":{"allow":["GET"]}}],"collection":[{"href":"https:\/\/www.havohravo.com\/de\/wp-json\/wp\/v2\/product"}],"about":[{"href":"https:\/\/www.havohravo.com\/de\/wp-json\/wp\/v2\/types\/product"}],"wp:featuredmedia":[{"embeddable":true,"href":"https:\/\/www.havohravo.com\/de\/wp-json\/wp\/v2\/media\/89558"}],"wp:attachment":[{"href":"https:\/\/www.havohravo.com\/de\/wp-json\/wp\/v2\/media?parent=89540"}],"wp:term":[{"taxonomy":"pwb-brand","embeddable":true,"href":"https:\/\/www.havohravo.com\/de\/wp-json\/wp\/v2\/pwb-brand?post=89540"},{"taxonomy":"product_cat","embeddable":true,"href":"https:\/\/www.havohravo.com\/de\/wp-json\/wp\/v2\/product_cat?post=89540"},{"taxonomy":"product_tag","embeddable":true,"href":"https:\/\/www.havohravo.com\/de\/wp-json\/wp\/v2\/product_tag?post=89540"}],"curies":[{"name":"wp","href":"https:\/\/api.w.org\/{rel}","templated":true}]}}