{"id":90555,"date":"2025-09-30T16:39:08","date_gmt":"2025-09-30T14:39:08","guid":{"rendered":"https:\/\/www.havohravo.com\/?post_type=product&#038;p=90555"},"modified":"2025-09-30T16:54:27","modified_gmt":"2025-09-30T14:54:27","slug":"regenmantel-bay-niedriger-rutenansatz-copy","status":"publish","type":"product","link":"https:\/\/www.havohravo.com\/de\/produkt\/regenmantel-bay-niedriger-rutenansatz-copy\/","title":{"rendered":"Netzmantel Bay, niedriger Rutenansatz"},"content":{"rendered":"<div class=\"wpb-content-wrapper\"><p>[vc_row][vc_column][vc_empty_space][\/vc_column][\/vc_row][vc_row][vc_column width=&#8220;1\/2&#8243;][vc_column_text css=&#8220;&#8220;]Dieser Netzmantel ist ein multifunktionales Produkt und kann das ganze Jahr \u00fcber verwendet werden, sowohl Indoor als auch Outdoor. Das Au\u00dfenmaterial besteht aus einem Mesh-Material und das Innenfutter ist stark atmungsaktiv. Der leichte und luftige Netzmantel eignet sich sogar zur Verwendung im Sommer hervorragend. Im Winter kann er als Base-Layer unter Outdoor-Hundm\u00e4nteln genutzt werden, um zus\u00e4tzlich W\u00e4rme zu spenden.<\/p>\n<p>Das Innenfutter beinhaltet Welltex\u00ae, wodurch es Ferninfrarot-Energie (FIR), gesch\u00fcrt von der eigenen K\u00f6rperw\u00e4rme, absorbieren und anschlie\u00dfend wieder aussenden kann. FIR kann eine therapeutische Wirkung auf den K\u00f6rper haben, indem es die Blutzirkulation anregt. Dies kann helfen die Muskulatur warm und geschmeidig zu erhalten und den k\u00f6rpereignene Heilungs- und Regenerationsprozess unterst\u00fctzen.<\/p>\n<p>Der &#8222;Bay&#8220; Netz-Hundemantel ist entworfen worden, um den K\u00f6rper des Hundes optimal einzukleiden und zugleich ein Optimum an Bewegungsfreiheit zu gew\u00e4hrleisten. Das wird durch die k\u00f6rperbetonte Passform an H\u00fcfte und Brust erreicht. Da diese Variante f\u00fcr Hunde mit niedrigem Rutenansatz konzipiert worden ist, haben wir sowohl am hinteren als auch am vorderen Ende des Mantels eine \u00dcberlappung eingebaut, die ausreichend Bewegungsfreiheit f\u00fcr Beine und Rute schafft.<\/p>\n<p>Der gro\u00dfz\u00fcgig geschnittene Kragen ist sehr anpassungsf\u00e4hig dank zwei Korderlz\u00fcgen &#8211; einen am Nacken und einen zur Verstellbarkeit der Kragenweite.<br \/>\nZwei Leinendurchl\u00e4sse erm\u00f6glichen die Anbringung von Leine oder Seil an Halsband oder Brustgeschirr.[\/vc_column_text][vc_empty_space height=&#8220;24&#8243;][\/vc_column][vc_column width=&#8220;5\/12&#8243; offset=&#8220;vc_col-sm-offset-1&#8243;][vc_column_text]<\/p>\n<h3>Richtige Gr\u00f6\u00dfe bestimmen:<\/h3>\n<p>Um richtige Gr\u00f6\u00dfe zu bestimmen, messen sie bitte knapp ohne zus\u00e4tzliche Zentimeter dazu zu rechnen.<\/p>\n<p>4. L\u00e4nge vom Widerrist (Punk, wo sich Schulterbl\u00e4tter treffen) zum Ruteanfang.\u00a0<strong>Messen sie keinen Teil vom Hals oder Rute mit!<\/strong><br \/>\n[\/vc_column_text][vc_empty_space height=&#8220;24&#8243;][vc_single_image image=&#8220;2142&#8243; img_size=&#8220;full&#8220;][vc_empty_space height=&#8220;24&#8243;][vc_column_text css=&#8220;&#8220;]<\/p>\n<div class=\"wpb_text_column wpb_content_element \">\n<div class=\"wpb_wrapper\">\n<h3>Charakteristik:<\/h3>\n<ul>\n<li>\u00a0Welltex\u00ae-Technologie<\/li>\n<li>Luftige, elastische Materialien<\/li>\n<li>Vielf\u00e4ltig und multifunktional einsetzbar<\/li>\n<li>Gro\u00dfz\u00fcgig geformter Kragen mit zwei Kordelz\u00fcgen; einen an der Kragen-Oberseite und einen zur Verstellbarkeit der Kragenweite<\/li>\n<li>Anschmiegsame, k\u00f6rperbetonte Passform<\/li>\n<li>Optimale Abdeckung der Hinterl\u00e4ufe sowie des Rutenansatzes<\/li>\n<li>\u00dcberlappung an der Vorder- und Hinterseite des Mantels f\u00fcr optimale Bewegungsfreiheit<\/li>\n<li>Zwei Leinendurchl\u00e4sse (f\u00fcr Brustgeschirr oder Halsband)<\/li>\n<\/ul>\n<\/div>\n<\/div>\n<p>[\/vc_column_text][\/vc_column][\/vc_row][vc_row][vc_column][vc_single_image image=&#8220;90603&#8243; img_size=&#8220;large&#8220;][\/vc_column][\/vc_row]<\/p>\n<\/div>","protected":false},"excerpt":{"rendered":"<p>Perfekter Mantel f\u00fcr Sporthunde mit FIR Technologie<\/p>\n","protected":false},"featured_media":90601,"template":"","meta":[],"pwb-brand":[360],"product_cat":[2164,2166,879,881],"product_tag":[],"class_list":{"0":"post-90555","1":"product","2":"type-product","3":"status-publish","4":"has-post-thumbnail","6":"pwb-brand-back-on-track-de","7":"product_cat-uebergangsmaentel","8":"product_cat-regenmantel","9":"product_cat-hundemode","10":"product_cat-mantel-und-jacken","12":"first","13":"onbackorder","14":"taxable","15":"shipping-taxable","16":"purchasable","17":"product-type-variable"},"brands":[{"id":360,"name":"Back On Track","slug":"back-on-track-de"}],"_links":{"self":[{"href":"https:\/\/www.havohravo.com\/de\/wp-json\/wp\/v2\/product\/90555","targetHints":{"allow":["GET"]}}],"collection":[{"href":"https:\/\/www.havohravo.com\/de\/wp-json\/wp\/v2\/product"}],"about":[{"href":"https:\/\/www.havohravo.com\/de\/wp-json\/wp\/v2\/types\/product"}],"wp:featuredmedia":[{"embeddable":true,"href":"https:\/\/www.havohravo.com\/de\/wp-json\/wp\/v2\/media\/90601"}],"wp:attachment":[{"href":"https:\/\/www.havohravo.com\/de\/wp-json\/wp\/v2\/media?parent=90555"}],"wp:term":[{"taxonomy":"pwb-brand","embeddable":true,"href":"https:\/\/www.havohravo.com\/de\/wp-json\/wp\/v2\/pwb-brand?post=90555"},{"taxonomy":"product_cat","embeddable":true,"href":"https:\/\/www.havohravo.com\/de\/wp-json\/wp\/v2\/product_cat?post=90555"},{"taxonomy":"product_tag","embeddable":true,"href":"https:\/\/www.havohravo.com\/de\/wp-json\/wp\/v2\/product_tag?post=90555"}],"curies":[{"name":"wp","href":"https:\/\/api.w.org\/{rel}","templated":true}]}}