{"id":91344,"date":"2025-10-21T19:29:47","date_gmt":"2025-10-21T17:29:47","guid":{"rendered":"https:\/\/www.havohravo.com\/?post_type=product&#038;p=91344"},"modified":"2026-03-24T21:49:03","modified_gmt":"2026-03-24T20:49:03","slug":"wintermantel-bay-niedriger-rutenansatz-copy","status":"publish","type":"product","link":"https:\/\/www.havohravo.com\/de\/produkt\/wintermantel-bay-niedriger-rutenansatz-copy\/","title":{"rendered":"Wintermantel Bay, hoher Rutenansatz"},"content":{"rendered":"<div class=\"wpb-content-wrapper\"><p>[vc_row][vc_column][vc_empty_space][\/vc_column][\/vc_row][vc_row][vc_column width=&#8220;1\/2&#8243;][vc_column_text css=&#8220;&#8220;]Dieser gesteppte Hundemantel wird deinen Hund entsprechend ausr\u00fcsten, um den Elementen und herausfordernden Wetter-Bedingungen zu trotzen. Er ist leichtgewichtig und widerstandsf\u00e4hig und verf\u00fcgt \u00fcber ein gewebtes, glattes und reibungsarmes Innenfutter mit Welltex\u00ae\ufe0f-Technologie, die durch die Anregung der Blutzirkulation helfen kann, die Muskulatur warm und geschmeidig zu erhalten.<\/p>\n<p>Der BAY Wintermantel\u00a0ist wasserdicht (10.000 mm Wassers\u00e4ule) und mit einer thermisch versiegelten Steppung ausgestattet; dadurch wird eine gleichm\u00e4\u00dfige Verteilung der Wattierung ohne Verrutschen gew\u00e4hrleistet, ohne dass N\u00e4hte, die das Au\u00dfenmaterial durchl\u00f6chern, notwendig sind. Dies erm\u00f6glicht dem Mantel Regen, Wind und Schnee zuverl\u00e4ssig vom Hund abzuhalten und ihn warm, trocken und optimal gesch\u00fctzt zu halten.<br \/>\nDieser Hundemantel ist entworfen worden, um den K\u00f6rper des Hundes optimal einzukleiden und zugleich ein Optimum an Bewegungsfreiheit zu gew\u00e4hrleisten. Das wird durch die k\u00f6rperbetonte Passform an H\u00fcfte und Brust erreicht sowie der \u00dcberlappung in der Front, die ausreichend Bewegungsfreiheit f\u00fcr die Vorderbeine schafft. Der gro\u00dfz\u00fcgig geschnittene Kragen l\u00e4sst sich mithilfe eines Rei\u00dfverschlusses einfach \u00f6ffnen und schlie\u00dfen. Der Kragen ist au\u00dferdem sehr anpassungsf\u00e4hig dank der zwei Kordelz\u00fcge \u2013 einen am Nacken und einen zur Verstellbarkeit der Kragenweite. Da diese Version f\u00fcr Hunde mit hoch angesetzter Rute gedacht ist, verf\u00fcgt der R\u00fccken \u00fcber einen Kordelzug zur Anpassung der R\u00fcckenl\u00e4nge.<\/p>\n<p>Zwei Leinendurchl\u00e4sse erm\u00f6glichen die Anbringung von Leine oder Seil an Halsband oder Brustgeschirr.<\/p>\n<p>Dieser Hundemantel besteht zu 100 % aus recyceltem Polyester.[\/vc_column_text][vc_empty_space height=&#8220;24&#8243;][\/vc_column][vc_column width=&#8220;5\/12&#8243; offset=&#8220;vc_col-sm-offset-1&#8243;][vc_column_text]<\/p>\n<h3>Richtige Gr\u00f6\u00dfe bestimmen:<\/h3>\n<p>Um richtige Gr\u00f6\u00dfe zu bestimmen, messen sie bitte knapp ohne zus\u00e4tzliche Zentimeter dazu zu rechnen.<\/p>\n<p>4. L\u00e4nge vom Widerrist (Punk, wo sich Schulterbl\u00e4tter treffen) zum Ruteanfang.\u00a0<strong>Messen sie keinen Teil vom Hals oder Rute mit!<\/strong><br \/>\n[\/vc_column_text][vc_empty_space height=&#8220;24&#8243;][vc_single_image image=&#8220;2142&#8243; img_size=&#8220;full&#8220;][vc_empty_space height=&#8220;24&#8243;][vc_column_text css=&#8220;&#8220;]<\/p>\n<h3>Charakteristik:<\/h3>\n<ul>\n<li>Welltex\u00ae\ufe0f-Technologie<\/li>\n<li>Wasserdicht (10.000 mm Wassers\u00e4ule)<\/li>\n<li>Thermofixierte Steppung (ohne N\u00e4hte)<\/li>\n<li>Gro\u00dfz\u00fcgig geformter Kragen mit zwei Kordelz\u00fcgen; einen an der Kragen-Oberseite und einen zur Verstellbarkeit der Kragenweite<\/li>\n<li>Rei\u00dfverschluss zur \u00d6ffnung des Kragens<\/li>\n<li>Anschmiegsame, k\u00f6rperbetonte Passform<\/li>\n<li>\u00dcberlappung in der Front f\u00fcr mehr Bewegungsfreiheit<\/li>\n<li>Zwei Leinendurchl\u00e4sse (f\u00fcr Brustgeschirr oder Halsband)<\/li>\n<\/ul>\n<p>[\/vc_column_text][\/vc_column][\/vc_row]<\/p>\n<\/div>","protected":false},"excerpt":{"rendered":"<p>Perfekter Mantel f\u00fcr Sporthunde mit FIR Technologie<\/p>\n","protected":false},"featured_media":91286,"template":"","meta":[],"pwb-brand":[360],"product_cat":[2167,879,881],"product_tag":[1228],"class_list":{"0":"post-91344","1":"product","2":"type-product","3":"status-publish","4":"has-post-thumbnail","6":"pwb-brand-back-on-track-de","7":"product_cat-wintermantel","8":"product_cat-hundemode","9":"product_cat-mantel-und-jacken","10":"product_tag-ausverkauf","12":"first","13":"instock","14":"sale","15":"featured","16":"taxable","17":"shipping-taxable","18":"purchasable","19":"product-type-variable"},"brands":[{"id":360,"name":"Back On Track","slug":"back-on-track-de"}],"_links":{"self":[{"href":"https:\/\/www.havohravo.com\/de\/wp-json\/wp\/v2\/product\/91344","targetHints":{"allow":["GET"]}}],"collection":[{"href":"https:\/\/www.havohravo.com\/de\/wp-json\/wp\/v2\/product"}],"about":[{"href":"https:\/\/www.havohravo.com\/de\/wp-json\/wp\/v2\/types\/product"}],"wp:featuredmedia":[{"embeddable":true,"href":"https:\/\/www.havohravo.com\/de\/wp-json\/wp\/v2\/media\/91286"}],"wp:attachment":[{"href":"https:\/\/www.havohravo.com\/de\/wp-json\/wp\/v2\/media?parent=91344"}],"wp:term":[{"taxonomy":"pwb-brand","embeddable":true,"href":"https:\/\/www.havohravo.com\/de\/wp-json\/wp\/v2\/pwb-brand?post=91344"},{"taxonomy":"product_cat","embeddable":true,"href":"https:\/\/www.havohravo.com\/de\/wp-json\/wp\/v2\/product_cat?post=91344"},{"taxonomy":"product_tag","embeddable":true,"href":"https:\/\/www.havohravo.com\/de\/wp-json\/wp\/v2\/product_tag?post=91344"}],"curies":[{"name":"wp","href":"https:\/\/api.w.org\/{rel}","templated":true}]}}