{"id":91516,"date":"2025-10-21T20:16:31","date_gmt":"2025-10-21T18:16:31","guid":{"rendered":"https:\/\/www.havohravo.com\/?post_type=product&#038;p=91516"},"modified":"2025-10-21T20:19:59","modified_gmt":"2025-10-21T18:19:59","slug":"regenmantel-fjord-2-0-mauve-copy","status":"publish","type":"product","link":"https:\/\/www.havohravo.com\/de\/produkt\/regenmantel-fjord-2-0-mauve-copy\/","title":{"rendered":"Regenmantel Fjord 2.0 Teal"},"content":{"rendered":"<div class=\"wpb-content-wrapper\"><p>[vc_row][vc_column][vc_empty_space][\/vc_column][\/vc_row][vc_row][vc_column width=&#8220;1\/2&#8243;][vc_column_text css=&#8220;&#8220;]<\/p>\n<h3>Fjord Raincoat 2.0<\/h3>\n<p>Der Fjord raincoat 2.0 ist eine wind- und wasserdichte Jacke, in der sich Dein Hund auch bei starkem Regen frei bewegen und wohlf\u00fchlen kann.<\/p>\n<p>Schlechtes Wetter sollte Deinen besten Freund nicht davon abhalten, Spa\u00df zu haben! Der Fjord Regenmantel wurde mit mehr recycelten Materialien aufger\u00fcstet und seine Leistung erh\u00f6ht. Er hat jetzt eine Wassers\u00e4ule von 20.000 mm, um Regenschauern standzuhalten, und eine Atmungsaktivit\u00e4t von 20.000 g\/m2\/24hr, um Kondenswasserbildung zu reduzieren und Bel\u00fcftung zu erm\u00f6glichen.<\/p>\n<p>[\/vc_column_text][vc_empty_space height=&#8220;24&#8243;][\/vc_column][vc_column width=&#8220;5\/12&#8243; offset=&#8220;vc_col-sm-offset-1&#8243;][vc_column_text css=&#8220;&#8220;]<\/p>\n<h3>Eigenschaften<\/h3>\n<p>W\u00e4hrend des Tragens, kann Dein Hund immer noch mit voller Geschwindigkeit und ohne Einschr\u00e4nkungen laufen. Die Schulterpartie wurde f\u00fcr eine noch optimalere Passform verbessert. Die gro\u00dfe Anzahl von Gr\u00f6\u00dfen (von 24 bis 90) und die verstellbaren Schnallen an Kopf, Hals und Schwanz erm\u00f6glichen eine gute Abdeckung des K\u00f6rpers. Ein gro\u00dfer Kragen sch\u00fctzt den Hals.<\/p>\n<p>Weil es auf Details ankommt, ist der Regenmantel mit Beingurten ausgestattet, die verhindern, dass er sich bei starkem Wind hebt, und helfen ihn in Position halten. Entw\u00e4sserungsl\u00f6cher im Brustbereich verhindern, dass sich das Wasser darunter sammelt und Unbehagen verursacht. Reflektierende Details sorgen daf\u00fcr, dass Dein Hund aus allen Blickwinkeln sichtbar ist \u2013 perfekt f\u00fcr dunkle Regentage.<\/p>\n<p>Eine Leinen\u00f6ffnung erm\u00f6glicht es Dir, Deine Leine an einem Halbgeschirr zu befestigen. Die Jacke ist leicht und l\u00e4sst sich problemlos im mitgelieferten Kompressionsbeutel verstauen, sodass Du sie jederzeit bei dir haben kannst.[\/vc_column_text][vc_empty_space height=&#8220;24&#8243;][\/vc_column][\/vc_row][vc_row][vc_column][vc_single_image image=&#8220;91484&#8243; img_size=&#8220;large&#8220;][vc_empty_space height=&#8220;32&#8243;][vc_column_text]<\/p>\n<table cellspacing=\"0\" cellpadding=\"0\">\n<tbody>\n<tr>\n<td valign=\"bottom\"><strong>Gr\u00f6\u00dfe<\/strong><\/td>\n<td valign=\"bottom\"><strong>R\u00fcckenl\u00e4nge<\/strong><\/td>\n<td valign=\"bottom\"><strong>Mantell\u00e4nge<\/strong><\/td>\n<\/tr>\n<tr>\n<td valign=\"bottom\">24<\/td>\n<td valign=\"bottom\">22-26 cm<\/td>\n<td valign=\"bottom\">25 cm<\/td>\n<\/tr>\n<tr>\n<td valign=\"bottom\">27<\/td>\n<td valign=\"bottom\">25-29 cm<\/td>\n<td valign=\"bottom\">28 cm<\/td>\n<\/tr>\n<tr>\n<td valign=\"bottom\">30<\/td>\n<td valign=\"bottom\">28-32 cm<\/td>\n<td valign=\"bottom\">32 cm<\/td>\n<\/tr>\n<tr>\n<td valign=\"bottom\">33<\/td>\n<td valign=\"bottom\">31-35 cm<\/td>\n<td valign=\"bottom\">35 cm<\/td>\n<\/tr>\n<tr>\n<td valign=\"bottom\">36<\/td>\n<td valign=\"bottom\">33-39 cm<\/td>\n<td valign=\"bottom\">38 cm<\/td>\n<\/tr>\n<tr>\n<td valign=\"bottom\">40<\/td>\n<td valign=\"bottom\">37-43 cm<\/td>\n<td valign=\"bottom\">42 cm<\/td>\n<\/tr>\n<tr>\n<td valign=\"bottom\">45<\/td>\n<td valign=\"bottom\">42-48 cm<\/td>\n<td valign=\"bottom\">47 cm<\/td>\n<\/tr>\n<tr>\n<td valign=\"bottom\">50<\/td>\n<td valign=\"bottom\">47-53 cm<\/td>\n<td valign=\"bottom\">53 cm<\/td>\n<\/tr>\n<tr>\n<td valign=\"bottom\">55<\/td>\n<td valign=\"bottom\">52-58 cm<\/td>\n<td valign=\"bottom\">58 cm<\/td>\n<\/tr>\n<tr>\n<td valign=\"bottom\">60<\/td>\n<td valign=\"bottom\">57-63 cm<\/td>\n<td valign=\"bottom\">63 cm<\/td>\n<\/tr>\n<tr>\n<td valign=\"bottom\">65<\/td>\n<td valign=\"bottom\">62-68 cm<\/td>\n<td valign=\"bottom\">68 cm<\/td>\n<\/tr>\n<tr>\n<td valign=\"bottom\">70<\/td>\n<td valign=\"bottom\">64-76 cm<\/td>\n<td valign=\"bottom\">73 cm<\/td>\n<\/tr>\n<tr>\n<td valign=\"bottom\">80<\/td>\n<td valign=\"bottom\">74-86 cm<\/td>\n<td valign=\"bottom\">81 cm<\/td>\n<\/tr>\n<tr>\n<td valign=\"bottom\">90<\/td>\n<td valign=\"bottom\">84-96 cm<\/td>\n<td valign=\"bottom\">90 cm<\/td>\n<\/tr>\n<\/tbody>\n<\/table>\n<p>[\/vc_column_text][\/vc_column][\/vc_row]<\/p>\n<\/div>","protected":false},"excerpt":{"rendered":"<p>Ein wind- und wasserdichter Regenmantel f\u00fcr Hunde mit bemerkenswerter Atmungsaktivit\u00e4t und einer Wasserdichtigkeit von 20.000 mm, damit Dein Hund im str\u00f6menden Regen trockener und komfortabler bleibt als Du.<\/p>\n","protected":false},"featured_media":91482,"template":"","meta":[],"pwb-brand":[378],"product_cat":[2166,879,881],"product_tag":[],"class_list":{"0":"post-91516","1":"product","2":"type-product","3":"status-publish","4":"has-post-thumbnail","6":"pwb-brand-non-stop-dogwear-de","7":"product_cat-regenmantel","8":"product_cat-hundemode","9":"product_cat-mantel-und-jacken","11":"first","12":"instock","13":"taxable","14":"shipping-taxable","15":"purchasable","16":"product-type-variable"},"brands":[{"id":378,"name":"Non-Stop Dogwear","slug":"non-stop-dogwear-de"}],"_links":{"self":[{"href":"https:\/\/www.havohravo.com\/de\/wp-json\/wp\/v2\/product\/91516","targetHints":{"allow":["GET"]}}],"collection":[{"href":"https:\/\/www.havohravo.com\/de\/wp-json\/wp\/v2\/product"}],"about":[{"href":"https:\/\/www.havohravo.com\/de\/wp-json\/wp\/v2\/types\/product"}],"wp:featuredmedia":[{"embeddable":true,"href":"https:\/\/www.havohravo.com\/de\/wp-json\/wp\/v2\/media\/91482"}],"wp:attachment":[{"href":"https:\/\/www.havohravo.com\/de\/wp-json\/wp\/v2\/media?parent=91516"}],"wp:term":[{"taxonomy":"pwb-brand","embeddable":true,"href":"https:\/\/www.havohravo.com\/de\/wp-json\/wp\/v2\/pwb-brand?post=91516"},{"taxonomy":"product_cat","embeddable":true,"href":"https:\/\/www.havohravo.com\/de\/wp-json\/wp\/v2\/product_cat?post=91516"},{"taxonomy":"product_tag","embeddable":true,"href":"https:\/\/www.havohravo.com\/de\/wp-json\/wp\/v2\/product_tag?post=91516"}],"curies":[{"name":"wp","href":"https:\/\/api.w.org\/{rel}","templated":true}]}}