{"id":91833,"date":"2025-11-12T21:25:53","date_gmt":"2025-11-12T20:25:53","guid":{"rendered":"https:\/\/www.havohravo.com\/?post_type=product&#038;p=91833"},"modified":"2026-03-24T21:43:54","modified_gmt":"2026-03-24T20:43:54","slug":"hundemantel-glacier-3-0-schwarz-orange-copy","status":"publish","type":"product","link":"https:\/\/www.havohravo.com\/de\/produkt\/hundemantel-glacier-3-0-schwarz-orange-copy\/","title":{"rendered":"Hundemantel Glacier 3.0 Mauve"},"content":{"rendered":"<div class=\"wpb-content-wrapper\"><p>[vc_row][vc_column][vc_empty_space][\/vc_column][\/vc_row][vc_row][vc_column width=&#8220;1\/2&#8243;][vc_column_text css=&#8220;&#8220;]<\/p>\n<h3>Glacier Jacket 3.0<\/h3>\n<p>Diese Winterjacke f\u00fcr Hunde ist mit PrimaLoft\u00ae Black Insulation Eco isoliert und bietet eine bemerkenswert leichte und dennoch leistungsstarke W\u00e4rmeleistung. Urspr\u00fcnglich f\u00fcr Outdoor-Ausr\u00fcstung und Schlafs\u00e4cke f\u00fcr Menschen entwickelt, behalten die recycelten Fasern auch bei N\u00e4sse ihre isolierenden Eigenschaften. Sie ist weich, atmungsaktiv und komprimierbar und l\u00e4sst sich leicht in der Aufbewahrungstasche verstauen \u2013 ideal f\u00fcr Wanderungen und Campingausfl\u00fcge an kalten Tagen.<\/p>\n<p>Die wind- und wasserabweisende Au\u00dfenh\u00fclle wurde verbessert, um ihre Wirksamkeit zu verdoppeln und Deinen Hund bei einem Wetterwechsel von Schneefall zu Regen trocken zu halten.<\/p>\n<p>Durchdachte Details erh\u00f6hen die Leistung: Entw\u00e4sserungsl\u00f6cher verhindern Wasseransammlungen, doppelte Leinen\u00f6ffnungen sorgen f\u00fcr Vielseitigkeit und reflektierende Aufdrucke verbessern die Sichtbarkeit aus jedem Winkel. Verst\u00e4rkte\u00a0Stellen sch\u00fctzen vor rauer Vegetation.<\/p>\n<p>[\/vc_column_text][vc_empty_space height=&#8220;24&#8243;][\/vc_column][vc_column width=&#8220;5\/12&#8243; offset=&#8220;vc_col-sm-offset-1&#8243;][vc_column_text css=&#8220;&#8220;]<\/p>\n<h3>Charakteristik<\/h3>\n<ul>\n<li>Obermaterial: 2-Lagen, 60% Polyester, 40% recyceltes Polyester<\/li>\n<li>Futter: 100% Polyester<\/li>\n<li>Isolierung:\u00a0PrimaLoft\u00ae Black Insulation Eco, 133 g\/m2 size 24-36, 170 g\/m2 size 40-90 (bluesign\u00ae APPROVED)<\/li>\n<li>Gurtb\u00e4nder: Polyester<\/li>\n<li>Wasserdichtigkeit: 20.000mm<\/li>\n<li>Atmungsaktivit\u00e4t: 20.000g\/m2\/24hrs<\/li>\n<li>Duraflex\u00ae Schnalle (bluesign\u00ae APPROVED)<\/li>\n<li>Leinen\u00f6ffnungen: 2<\/li>\n<li>Verstellm\u00f6glichkeiten: 4<\/li>\n<li>Entw\u00e4sserungsl\u00f6cher<\/li>\n<li>Beinschlaufen<\/li>\n<li>Gummiseil-Einstellung<\/li>\n<li>Aufbewahrungsbeutel<\/li>\n<li>3M\u2122 reflektierender Druck<\/li>\n<\/ul>\n<p>[\/vc_column_text][vc_empty_space height=&#8220;24&#8243;][vc_single_image image=&#8220;91802&#8243; img_size=&#8220;full&#8220;][vc_empty_space height=&#8220;24&#8243;][\/vc_column][\/vc_row][vc_row][vc_column][vc_empty_space height=&#8220;32&#8243;][vc_column_text]<\/p>\n<div class=\"wpb_text_column wpb_content_element\">\n<div class=\"wpb_wrapper\">\n<table cellspacing=\"0\" cellpadding=\"0\">\n<tbody>\n<tr>\n<td valign=\"bottom\"><strong>Gr\u00f6\u00dfe<\/strong><\/td>\n<td valign=\"bottom\"><strong>R\u00fcckenl\u00e4nge<\/strong><\/td>\n<td valign=\"bottom\"><strong>Mantell\u00e4nge<\/strong><\/td>\n<\/tr>\n<tr>\n<td valign=\"bottom\">24<\/td>\n<td valign=\"bottom\">22-26 cm<\/td>\n<td valign=\"bottom\">25 cm<\/td>\n<\/tr>\n<tr>\n<td valign=\"bottom\">27<\/td>\n<td valign=\"bottom\">26-29 cm<\/td>\n<td valign=\"bottom\">28 cm<\/td>\n<\/tr>\n<tr>\n<td valign=\"bottom\">30<\/td>\n<td valign=\"bottom\">28-32 cm<\/td>\n<td valign=\"bottom\">32 cm<\/td>\n<\/tr>\n<tr>\n<td valign=\"bottom\">33<\/td>\n<td valign=\"bottom\">31-35 cm<\/td>\n<td valign=\"bottom\">35 cm<\/td>\n<\/tr>\n<tr>\n<td valign=\"bottom\">36<\/td>\n<td valign=\"bottom\">33-39 cm<\/td>\n<td valign=\"bottom\">38 cm<\/td>\n<\/tr>\n<tr>\n<td valign=\"bottom\">40<\/td>\n<td valign=\"bottom\">37-43 cm<\/td>\n<td valign=\"bottom\">42 cm<\/td>\n<\/tr>\n<tr>\n<td valign=\"bottom\">45<\/td>\n<td valign=\"bottom\">42-48 cm<\/td>\n<td valign=\"bottom\">47 cm<\/td>\n<\/tr>\n<tr>\n<td valign=\"bottom\">50<\/td>\n<td valign=\"bottom\">47-53 cm<\/td>\n<td valign=\"bottom\">53 cm<\/td>\n<\/tr>\n<tr>\n<td valign=\"bottom\">55<\/td>\n<td valign=\"bottom\">52-58 cm<\/td>\n<td valign=\"bottom\">58 cm<\/td>\n<\/tr>\n<tr>\n<td valign=\"bottom\">60<\/td>\n<td valign=\"bottom\">57-63 cm<\/td>\n<td valign=\"bottom\">63 cm<\/td>\n<\/tr>\n<tr>\n<td valign=\"bottom\">65<\/td>\n<td valign=\"bottom\">62-68 cm<\/td>\n<td valign=\"bottom\">68 cm<\/td>\n<\/tr>\n<tr>\n<td valign=\"bottom\">70<\/td>\n<td valign=\"bottom\">64-76 cm<\/td>\n<td valign=\"bottom\">73 cm<\/td>\n<\/tr>\n<tr>\n<td valign=\"bottom\">80<\/td>\n<td valign=\"bottom\">74-86 cm<\/td>\n<td valign=\"bottom\">81 cm<\/td>\n<\/tr>\n<tr>\n<td valign=\"bottom\">90<\/td>\n<td valign=\"bottom\">84-96 cm<\/td>\n<td valign=\"bottom\">90 cm<\/td>\n<\/tr>\n<\/tbody>\n<\/table>\n<\/div>\n<\/div>\n<p>[\/vc_column_text][vc_empty_space height=&#8220;24&#8243;][\/vc_column][\/vc_row]<\/p>\n<\/div>","protected":false},"excerpt":{"rendered":"<p>Leichte und funktionelle, warme Jacke f\u00fcr Hunde, mit viel Bewegungsfreiheit.<\/p>\n","protected":false},"featured_media":91796,"template":"","meta":[],"pwb-brand":[378],"product_cat":[2167,879,881],"product_tag":[1228],"class_list":{"0":"post-91833","1":"product","2":"type-product","3":"status-publish","4":"has-post-thumbnail","6":"pwb-brand-non-stop-dogwear-de","7":"product_cat-wintermantel","8":"product_cat-hundemode","9":"product_cat-mantel-und-jacken","10":"product_tag-ausverkauf","12":"first","13":"instock","14":"sale","15":"taxable","16":"shipping-taxable","17":"purchasable","18":"product-type-variable"},"brands":[{"id":378,"name":"Non-Stop Dogwear","slug":"non-stop-dogwear-de"}],"_links":{"self":[{"href":"https:\/\/www.havohravo.com\/de\/wp-json\/wp\/v2\/product\/91833","targetHints":{"allow":["GET"]}}],"collection":[{"href":"https:\/\/www.havohravo.com\/de\/wp-json\/wp\/v2\/product"}],"about":[{"href":"https:\/\/www.havohravo.com\/de\/wp-json\/wp\/v2\/types\/product"}],"wp:featuredmedia":[{"embeddable":true,"href":"https:\/\/www.havohravo.com\/de\/wp-json\/wp\/v2\/media\/91796"}],"wp:attachment":[{"href":"https:\/\/www.havohravo.com\/de\/wp-json\/wp\/v2\/media?parent=91833"}],"wp:term":[{"taxonomy":"pwb-brand","embeddable":true,"href":"https:\/\/www.havohravo.com\/de\/wp-json\/wp\/v2\/pwb-brand?post=91833"},{"taxonomy":"product_cat","embeddable":true,"href":"https:\/\/www.havohravo.com\/de\/wp-json\/wp\/v2\/product_cat?post=91833"},{"taxonomy":"product_tag","embeddable":true,"href":"https:\/\/www.havohravo.com\/de\/wp-json\/wp\/v2\/product_tag?post=91833"}],"curies":[{"name":"wp","href":"https:\/\/api.w.org\/{rel}","templated":true}]}}