{"id":92839,"date":"2026-01-13T15:53:38","date_gmt":"2026-01-13T14:53:38","guid":{"rendered":"https:\/\/www.havohravo.com\/?post_type=product&#038;p=92839"},"modified":"2026-01-20T16:47:09","modified_gmt":"2026-01-20T15:47:09","slug":"tuggy-basic-paw-ball-copy","status":"publish","type":"product","link":"https:\/\/www.havohravo.com\/de\/produkt\/tuggy-basic-paw-ball-copy\/","title":{"rendered":"Tuggy Basic Geo Standard"},"content":{"rendered":"<div class=\"wpb-content-wrapper\"><p>[vc_row][vc_column][vc_empty_space][\/vc_column][\/vc_row][vc_row][vc_column width=&#8220;2\/3&#8243; offset=&#8220;vc_col-sm-offset-2 vc_col-xs-12&#8243;][vc_column_text css=&#8220;&#8220;]Zerrspielzeug f\u00fcr Hunde, die B\u00e4lle lieben!<br \/>\nDer integrierte Sto\u00dfd\u00e4mpfer im Griff sch\u00fctzt die Wirbels\u00e4ule deines Hundes und deine eigene vor pl\u00f6tzlichen Ruckbewegungen.<br \/>\nDieses Spielzeug besteht aus einem Tuggy-Griff und einem hochwertigen Hundespielzeug. Der Ball ist superweich. Er ist au\u00dferdem strapazierf\u00e4hig, ungiftig und schwimmt im Wasser. Er ist f\u00fcr aktives Spielen zwischen Hundehalter und Hund konzipiert. Lass den Hund mit dem Spielzeug nicht unbeaufsichtigt.<\/p>\n<p>Bitte beachte, dass das Bild nur zur Illustration dient. Du w\u00e4hlst die Farbe des Balls. Die Farben des Griffs werden zuf\u00e4llig kombiniert. Wenn du eine bestimmte Farbkombination m\u00f6chtest, gib dies bitte bei der Bestellung an.<\/p>\n<p><strong>Gesamtl\u00e4nge:<\/strong><br \/>\nStandardversion: ca. 45 cm<\/p>\n<p><strong>Ballgr\u00f6\u00dfe:<\/strong> 6 cm[\/vc_column_text][vc_empty_space height=&#8220;32&#8243;][vc_single_image image=&#8220;92881&#8243; img_size=&#8220;large&#8220;][\/vc_column][\/vc_row]<\/p>\n<\/div>","protected":false},"excerpt":{"rendered":"<p>Zerspielzeug f\u00fcr Hunde, die B\u00e4lle lieben!<\/p>\n","protected":false},"featured_media":92859,"template":"","meta":[],"pwb-brand":[374],"product_cat":[866,870],"product_tag":[],"class_list":{"0":"post-92839","1":"product","2":"type-product","3":"status-publish","4":"has-post-thumbnail","6":"pwb-brand-havohravo-de","7":"product_cat-hundespielzeug","8":"product_cat-spielzeug-mit-tuggy-griff","10":"first","11":"instock","12":"featured","13":"taxable","14":"shipping-taxable","15":"purchasable","16":"product-type-variable"},"brands":[{"id":374,"name":"havohravo","slug":"havohravo-de"}],"_links":{"self":[{"href":"https:\/\/www.havohravo.com\/de\/wp-json\/wp\/v2\/product\/92839","targetHints":{"allow":["GET"]}}],"collection":[{"href":"https:\/\/www.havohravo.com\/de\/wp-json\/wp\/v2\/product"}],"about":[{"href":"https:\/\/www.havohravo.com\/de\/wp-json\/wp\/v2\/types\/product"}],"wp:featuredmedia":[{"embeddable":true,"href":"https:\/\/www.havohravo.com\/de\/wp-json\/wp\/v2\/media\/92859"}],"wp:attachment":[{"href":"https:\/\/www.havohravo.com\/de\/wp-json\/wp\/v2\/media?parent=92839"}],"wp:term":[{"taxonomy":"pwb-brand","embeddable":true,"href":"https:\/\/www.havohravo.com\/de\/wp-json\/wp\/v2\/pwb-brand?post=92839"},{"taxonomy":"product_cat","embeddable":true,"href":"https:\/\/www.havohravo.com\/de\/wp-json\/wp\/v2\/product_cat?post=92839"},{"taxonomy":"product_tag","embeddable":true,"href":"https:\/\/www.havohravo.com\/de\/wp-json\/wp\/v2\/product_tag?post=92839"}],"curies":[{"name":"wp","href":"https:\/\/api.w.org\/{rel}","templated":true}]}}