{"id":93072,"date":"2026-01-13T17:42:22","date_gmt":"2026-01-13T16:42:22","guid":{"rendered":"https:\/\/www.havohravo.com\/?post_type=product&#038;p=93072"},"modified":"2026-01-13T17:50:00","modified_gmt":"2026-01-13T16:50:00","slug":"tuggy-anemone-moby-mini-copy","status":"publish","type":"product","link":"https:\/\/www.havohravo.com\/de\/produkt\/tuggy-anemone-moby-mini-copy\/","title":{"rendered":"Tuggy Anemone Air Glow"},"content":{"rendered":"<div class=\"wpb-content-wrapper\"><p>[vc_row][vc_column][vc_empty_space][\/vc_column][\/vc_row][vc_row][vc_column width=&#8220;2\/3&#8243; offset=&#8220;vc_col-sm-offset-2 vc_col-xs-12&#8243;][vc_column_text css=&#8220;&#8220;]Zerrspielzeug f\u00fcr Hunde, die B\u00e4lle lieben!<br \/>\nDer integrierte Sto\u00dfd\u00e4mpfer im Griff sch\u00fctzt die Wirbels\u00e4ule deines Hundes und deine eigene vor pl\u00f6tzlichen Ruckbewegungen.<br \/>\nDieses Spielzeug besteht aus einem Tuggy-Griff und einem hochwertigen Hundespielzeug. Der Ball ist strapazierf\u00e4hig, ungiftig und schwimmt im Wasser. Das spezielle Material gl\u00fcht im Dunkel. Er ist f\u00fcr aktives Spielen zwischen Hundehalter und Hund konzipiert. Lass den Hund mit dem Spielzeug nicht unbeaufsichtigt.<\/p>\n<p>Bitte beachte, dass das Bild nur zur Illustration dient. Die Farben des Griffs werden zuf\u00e4llig kombiniert. Wenn du eine bestimmte Farbkombination m\u00f6chtest, gib dies bitte bei der Bestellung an.<\/p>\n<p><strong>Gesamtl\u00e4nge:<\/strong><br \/>\nStandardversion: ca. 65 cm<\/p>\n<p><strong>Ballgr\u00f6\u00dfe:<\/strong> 6 cm[\/vc_column_text][vc_empty_space height=&#8220;32&#8243;][\/vc_column][\/vc_row]<\/p>\n<\/div>","protected":false},"excerpt":{"rendered":"<p>Zerspielzeug f\u00fcr Hunde, die B\u00e4lle lieben!<\/p>\n","protected":false},"featured_media":93078,"template":"","meta":[],"pwb-brand":[374],"product_cat":[866,870],"product_tag":[],"class_list":{"0":"post-93072","1":"product","2":"type-product","3":"status-publish","4":"has-post-thumbnail","6":"pwb-brand-havohravo-de","7":"product_cat-hundespielzeug","8":"product_cat-spielzeug-mit-tuggy-griff","10":"first","11":"instock","12":"featured","13":"taxable","14":"shipping-taxable","15":"purchasable","16":"product-type-simple"},"brands":[{"id":374,"name":"havohravo","slug":"havohravo-de"}],"_links":{"self":[{"href":"https:\/\/www.havohravo.com\/de\/wp-json\/wp\/v2\/product\/93072","targetHints":{"allow":["GET"]}}],"collection":[{"href":"https:\/\/www.havohravo.com\/de\/wp-json\/wp\/v2\/product"}],"about":[{"href":"https:\/\/www.havohravo.com\/de\/wp-json\/wp\/v2\/types\/product"}],"wp:featuredmedia":[{"embeddable":true,"href":"https:\/\/www.havohravo.com\/de\/wp-json\/wp\/v2\/media\/93078"}],"wp:attachment":[{"href":"https:\/\/www.havohravo.com\/de\/wp-json\/wp\/v2\/media?parent=93072"}],"wp:term":[{"taxonomy":"pwb-brand","embeddable":true,"href":"https:\/\/www.havohravo.com\/de\/wp-json\/wp\/v2\/pwb-brand?post=93072"},{"taxonomy":"product_cat","embeddable":true,"href":"https:\/\/www.havohravo.com\/de\/wp-json\/wp\/v2\/product_cat?post=93072"},{"taxonomy":"product_tag","embeddable":true,"href":"https:\/\/www.havohravo.com\/de\/wp-json\/wp\/v2\/product_tag?post=93072"}],"curies":[{"name":"wp","href":"https:\/\/api.w.org\/{rel}","templated":true}]}}