{"id":93505,"date":"2026-02-19T11:47:49","date_gmt":"2026-02-19T10:47:49","guid":{"rendered":"https:\/\/www.havohravo.com\/?post_type=product&#038;p=93505"},"modified":"2026-02-24T17:42:46","modified_gmt":"2026-02-24T16:42:46","slug":"fitpaws-fitkinect-core","status":"publish","type":"product","link":"https:\/\/www.havohravo.com\/de\/produkt\/fitpaws-fitkinect-core\/","title":{"rendered":"FitPAWS fitKinect Core"},"content":{"rendered":"<div class=\"wpb-content-wrapper\"><p>[vc_row][vc_column][vc_empty_space][\/vc_column][\/vc_row][vc_row][vc_column width=&#8220;2\/3&#8243;][vc_column_text]<\/p>\n<p>Das FitPaws FitKinect Core ist ein innovatives und modulares Trainingssystem f\u00fcr Hunde, das entwickelt wurde, um Kraft, Gleichgewicht, Koordination und Selbstvertrauen zu verbessern. Dieses System wurde speziell entwickelt, damit Hunde jeden Alters und jeder Leistungsstufe sich sicher und effektiv bewegen k\u00f6nnen \u2013 von verspielten Welpen \u00fcber aktive erwachsene Hunde bis hin zu Senioren, die zus\u00e4tzliche Unterst\u00fctzung ben\u00f6tigen.<\/p>\n<p>[\/vc_column_text][vc_empty_space height=&#8220;16&#8243;][vc_column_text]<\/p>\n<p>Alle Komponenten verf\u00fcgen \u00fcber eine rutschfeste Oberfl\u00e4che aus thermoplastischem Gummi, die Ihrem Hund einen stabilen Halt auf nahezu jedem Untergrund gew\u00e4hrleistet. Dadurch wird das Training nicht nur sicher, sondern auch komfortabel und vertrauensbildend. Die kontrastreichen Farben Gelb und Blau sind perfekt auf das Sehverm\u00f6gen von Hunden abgestimmt und f\u00f6rdern eine bessere Konzentration, pr\u00e4zisere Bewegungen und ein gesteigertes K\u00f6rperbewusstsein.<\/p>\n<h3>Eigenschaften<\/h3>\n<ul>\n<li>2 achteckige Bl\u00f6cke<\/li>\n<li>4 rechteckige Bl\u00f6cke<\/li>\n<li>10 Verbindungsst\u00fccke<\/li>\n<li>8 Stangen<\/li>\n<\/ul>\n<p><strong>Achteckblock<\/strong><\/p>\n<ul>\n<li>Breite: 26,06 cm<\/li>\n<li>L\u00e4nge: 26,06 cm<\/li>\n<\/ul>\n<p><strong>Rechteckblock<\/strong><\/p>\n<ul>\n<li>L\u00e4nge: 25,40 cm<\/li>\n<li>Breite: 10,16 cm<\/li>\n<li>H\u00f6he: 5,08 cm<\/li>\n<\/ul>\n<p><strong>Stange<\/strong><\/p>\n<ul>\n<li>L\u00e4nge: 33,02 cm<\/li>\n<li>H\u00f6he: 2,54 cm<\/li>\n<\/ul>\n<p>[\/vc_column_text][\/vc_column][\/vc_row][vc_row][vc_column][vc_empty_space height=&#8220;16&#8243;]<\/p>\n<\/div>","protected":false},"excerpt":{"rendered":"<p>F\u00fcr Indoor und Outdoor Training.<\/p>\n","protected":false},"featured_media":93501,"template":"","meta":[],"pwb-brand":[372],"product_cat":[874,2159],"product_tag":[],"class_list":{"0":"post-93505","1":"product","2":"type-product","3":"status-publish","4":"has-post-thumbnail","6":"pwb-brand-fitpaws-de","7":"product_cat-hundefitness","8":"product_cat-sonstiges","10":"first","11":"onbackorder","12":"taxable","13":"shipping-taxable","14":"purchasable","15":"product-type-simple"},"brands":[{"id":372,"name":"FitPAWS","slug":"fitpaws-de"}],"_links":{"self":[{"href":"https:\/\/www.havohravo.com\/de\/wp-json\/wp\/v2\/product\/93505","targetHints":{"allow":["GET"]}}],"collection":[{"href":"https:\/\/www.havohravo.com\/de\/wp-json\/wp\/v2\/product"}],"about":[{"href":"https:\/\/www.havohravo.com\/de\/wp-json\/wp\/v2\/types\/product"}],"wp:featuredmedia":[{"embeddable":true,"href":"https:\/\/www.havohravo.com\/de\/wp-json\/wp\/v2\/media\/93501"}],"wp:attachment":[{"href":"https:\/\/www.havohravo.com\/de\/wp-json\/wp\/v2\/media?parent=93505"}],"wp:term":[{"taxonomy":"pwb-brand","embeddable":true,"href":"https:\/\/www.havohravo.com\/de\/wp-json\/wp\/v2\/pwb-brand?post=93505"},{"taxonomy":"product_cat","embeddable":true,"href":"https:\/\/www.havohravo.com\/de\/wp-json\/wp\/v2\/product_cat?post=93505"},{"taxonomy":"product_tag","embeddable":true,"href":"https:\/\/www.havohravo.com\/de\/wp-json\/wp\/v2\/product_tag?post=93505"}],"curies":[{"name":"wp","href":"https:\/\/api.w.org\/{rel}","templated":true}]}}