{"id":93535,"date":"2026-02-20T10:30:14","date_gmt":"2026-02-20T09:30:14","guid":{"rendered":"https:\/\/www.havohravo.com\/?post_type=product&#038;p=93535"},"modified":"2026-02-24T17:43:50","modified_gmt":"2026-02-24T16:43:50","slug":"fitpaws-fitkinect-achteckblock-copy","status":"publish","type":"product","link":"https:\/\/www.havohravo.com\/de\/produkt\/fitpaws-fitkinect-achteckblock-copy\/","title":{"rendered":"FitPAWS fitKinect Stange"},"content":{"rendered":"<div class=\"wpb-content-wrapper\"><p>[vc_row][vc_column][vc_empty_space][\/vc_column][\/vc_row][vc_row][vc_column width=&#8220;2\/3&#8243;][vc_column_text]<\/p>\n<p>Ist ein Teil deines FitPaws FitKinect Core oder Xtra verloren gegangen oder besch\u00e4digt worden? Keine Sorge. Bestelle einfach einzelne Ersatzteile, wie beispielsweise einen einzelnen Achteckblock, einen rechteckigen Block oder ein Rohr. Auf diese Weise musst du nicht das gesamte Set ersetzen und dein Trainingssystem bleibt voll funktionsf\u00e4hig.<\/p>\n<p>[\/vc_column_text][vc_empty_space height=&#8220;16&#8243;][vc_column_text]<\/p>\n<p>Alle Einzelteile sind vollst\u00e4ndig kompatibel mit FitKinect Core, FitKinect Xtra und den FitKinect Upgrade Kits (Achteck und Rechtecke). Sie bestehen aus denselben strapazierf\u00e4higen Materialien und verf\u00fcgen \u00fcber eine rutschfeste Deckschicht aus thermoplastischem Gummi, sodass dein Hund sicher und stabil trainieren kann.<\/p>\n<p><strong>Stange<\/strong><\/p>\n<ul>\n<li>L\u00e4nge: 33,02 cm<\/li>\n<li>H\u00f6he: 2,54 cm<\/li>\n<\/ul>\n<p>[\/vc_column_text][\/vc_column][\/vc_row][vc_row][vc_column][vc_empty_space height=&#8220;16&#8243;]<\/p>\n<\/div>","protected":false},"excerpt":{"rendered":"<p>F\u00fcr Indoor und Outdoor Training.<\/p>\n","protected":false},"featured_media":93537,"template":"","meta":[],"pwb-brand":[372],"product_cat":[874,2159],"product_tag":[],"class_list":{"0":"post-93535","1":"product","2":"type-product","3":"status-publish","4":"has-post-thumbnail","6":"pwb-brand-fitpaws-de","7":"product_cat-hundefitness","8":"product_cat-sonstiges","10":"first","11":"onbackorder","12":"taxable","13":"shipping-taxable","14":"purchasable","15":"product-type-simple"},"brands":[{"id":372,"name":"FitPAWS","slug":"fitpaws-de"}],"_links":{"self":[{"href":"https:\/\/www.havohravo.com\/de\/wp-json\/wp\/v2\/product\/93535","targetHints":{"allow":["GET"]}}],"collection":[{"href":"https:\/\/www.havohravo.com\/de\/wp-json\/wp\/v2\/product"}],"about":[{"href":"https:\/\/www.havohravo.com\/de\/wp-json\/wp\/v2\/types\/product"}],"wp:featuredmedia":[{"embeddable":true,"href":"https:\/\/www.havohravo.com\/de\/wp-json\/wp\/v2\/media\/93537"}],"wp:attachment":[{"href":"https:\/\/www.havohravo.com\/de\/wp-json\/wp\/v2\/media?parent=93535"}],"wp:term":[{"taxonomy":"pwb-brand","embeddable":true,"href":"https:\/\/www.havohravo.com\/de\/wp-json\/wp\/v2\/pwb-brand?post=93535"},{"taxonomy":"product_cat","embeddable":true,"href":"https:\/\/www.havohravo.com\/de\/wp-json\/wp\/v2\/product_cat?post=93535"},{"taxonomy":"product_tag","embeddable":true,"href":"https:\/\/www.havohravo.com\/de\/wp-json\/wp\/v2\/product_tag?post=93535"}],"curies":[{"name":"wp","href":"https:\/\/api.w.org\/{rel}","templated":true}]}}