{"id":9393,"date":"2018-10-14T18:42:35","date_gmt":"2018-10-14T16:42:35","guid":{"rendered":"https:\/\/www.havohravo.com\/product\/sprunggelenkschoner-fur-hund\/"},"modified":"2026-03-29T16:04:58","modified_gmt":"2026-03-29T14:04:58","slug":"sprunggelenkschoner-fur-hund","status":"publish","type":"product","link":"https:\/\/www.havohravo.com\/de\/produkt\/sprunggelenkschoner-fur-hund\/","title":{"rendered":"Sprunggelenkschoner f\u00fcr Hund Dixie"},"content":{"rendered":"<div class=\"wpb-content-wrapper\"><p>[vc_row][vc_column][vc_empty_space][\/vc_column][\/vc_row][vc_row][vc_column width=&#8220;1\/2&#8243;][vc_column_text]<\/p>\n<h3 style=\"text-align: left;\">Sprunggelenkschoner<\/h3>\n<p>Sprunggelenkbandagen mit Welltex\u00ae-Technologie zur Linderung von Beschwerden im Zusammenhang mit Gelenkentz\u00fcndungen, Arthrose oder Problemen mit B\u00e4ndern und Sehnen. Die Bandagen k\u00f6nnen auch eine zus\u00e4tzliche Unterst\u00fctzung bei der Genesung nach einer Operation bieten. Das Welltex\u00ae-Innenfutter reflektiert die K\u00f6rperw\u00e4rme des Hundes in Form von Ferninfrarot-Energie (FIR). Es ist bekannt, dass dieser Effekt die Durchblutung und den Blutfluss anregen kann, was wiederum zur Genesung beitragen und Steifheit oder Schwellungen lindern kann.<\/p>\n<p>Die Dixie Sprunggelenkbandagen sind f\u00fcr eine optimale Passform um die Beine des Hundes verstellbar und haben eine \u00d6ffnung \u00fcber der Sprunggelenksspitze. Einfaches Anlegen und Verschlie\u00dfen mit doppelseitigen Klettb\u00e4ndern. Luftiges 3D-Netzgewebe sorgt f\u00fcr gute Atmungsaktivit\u00e4t und hohen Tragekomfort. Die Sprunggelenkschoner werden paarweise verkauft.<\/p>\n<p>[\/vc_column_text][vc_empty_space height=&#8220;24&#8243;][vc_column_text]<\/p>\n<h3 style=\"text-align: left;\">Gr\u00f6\u00dfen<\/h3>\n<p>XS 5-6 cm<br \/>\nS 7-8 cm<br \/>\nM 9-11 cm<br \/>\nL 12-15 cm<br \/>\nXL 15-17 cm<br \/>\n[\/vc_column_text][vc_empty_space height=&#8220;24&#8243;][\/vc_column][vc_column width=&#8220;5\/12&#8243; offset=&#8220;vc_col-sm-offset-1&#8243;][vc_column_text]<\/p>\n<h3>Richtig vermessen:<\/h3>\n<p>Um die richtige Gr\u00f6\u00dfe zu ermitteln, messe bitte den Umfang der Pfote deines Hundes, wobei der Ma\u00dfband fest anliegen sollte.<\/p>\n<p>[\/vc_column_text][vc_empty_space height=&#8220;24&#8243;][vc_single_image image=&#8220;2142&#8243; img_size=&#8220;full&#8220;][\/vc_column][\/vc_row]<\/p>\n<\/div>","protected":false},"excerpt":{"rendered":"<p>Ideal f\u00fcr Hunde mit schwachen Sprunggelenken nach einer OP.<\/p>\n","protected":false},"featured_media":95099,"template":"","meta":[],"pwb-brand":[360],"product_cat":[879,880],"product_tag":[],"class_list":{"0":"post-9393","1":"product","2":"type-product","3":"status-publish","4":"has-post-thumbnail","6":"pwb-brand-back-on-track-de","7":"product_cat-hundemode","8":"product_cat-bandagen","10":"first","11":"instock","12":"taxable","13":"shipping-taxable","14":"purchasable","15":"product-type-variable"},"brands":[{"id":360,"name":"Back On Track","slug":"back-on-track-de"}],"_links":{"self":[{"href":"https:\/\/www.havohravo.com\/de\/wp-json\/wp\/v2\/product\/9393","targetHints":{"allow":["GET"]}}],"collection":[{"href":"https:\/\/www.havohravo.com\/de\/wp-json\/wp\/v2\/product"}],"about":[{"href":"https:\/\/www.havohravo.com\/de\/wp-json\/wp\/v2\/types\/product"}],"wp:featuredmedia":[{"embeddable":true,"href":"https:\/\/www.havohravo.com\/de\/wp-json\/wp\/v2\/media\/95099"}],"wp:attachment":[{"href":"https:\/\/www.havohravo.com\/de\/wp-json\/wp\/v2\/media?parent=9393"}],"wp:term":[{"taxonomy":"pwb-brand","embeddable":true,"href":"https:\/\/www.havohravo.com\/de\/wp-json\/wp\/v2\/pwb-brand?post=9393"},{"taxonomy":"product_cat","embeddable":true,"href":"https:\/\/www.havohravo.com\/de\/wp-json\/wp\/v2\/product_cat?post=9393"},{"taxonomy":"product_tag","embeddable":true,"href":"https:\/\/www.havohravo.com\/de\/wp-json\/wp\/v2\/product_tag?post=9393"}],"curies":[{"name":"wp","href":"https:\/\/api.w.org\/{rel}","templated":true}]}}