{"id":9422,"date":"2018-10-14T18:42:30","date_gmt":"2018-10-14T16:42:30","guid":{"rendered":"https:\/\/www.havohravo.com\/product\/hundematratze-all-round\/"},"modified":"2021-01-03T17:25:43","modified_gmt":"2021-01-03T16:25:43","slug":"hundematratze-all-round","status":"publish","type":"product","link":"https:\/\/www.havohravo.com\/de\/produkt\/hundematratze-all-round\/","title":{"rendered":"Hundematratze All-round"},"content":{"rendered":"<div class=\"wpb-content-wrapper\"><p>[vc_row][vc_column][vc_empty_space][\/vc_column][\/vc_row][vc_row][vc_column width=&#8220;1\/2&#8243;][vc_column_text]<\/p>\n<h3 style=\"text-align: left;\">Hundematratze All-round<\/h3>\n<p>Zur Anwendung daheim, im Auto, beim Reisen oder inzwischen beim Training und Ausstellungen.<\/p>\n<ul>\n<li>Hergestellt aus Welltex\u00ae, das die Durchblutung stimuliert und hilft somit den Verletzungen vorzubeugen.<\/li>\n<li>Obere und untere Schicht bestehen aus Welltex Material.<\/li>\n<li>Verf\u00fcgt \u00fcber eine d\u00fcnne F\u00fcllung.<\/li>\n<\/ul>\n<h3>Sizes<\/h3>\n<p>55 x 38 cm\u00a0 \u00a0 \u00a0 \u20ac 46<br \/>\n76 x 58 cm\u00a0 \u00a0 \u00a0 \u20ac 58<br \/>\n86 x 58 cm\u00a0 \u00a0 \u00a0 \u20ac 62<br \/>\n100 x 68 cm\u00a0\u00a0\u00a0 \u20ac 77<br \/>\n120 x 74 cm\u00a0 \u00a0 \u00a0\u20ac 82[\/vc_column_text][vc_empty_space height=&#8220;24&#8243;][\/vc_column][vc_column width=&#8220;5\/12&#8243; offset=&#8220;vc_col-sm-offset-1&#8243;][\/vc_column][\/vc_row]<\/p>\n<\/div>","protected":false},"excerpt":{"rendered":"<p>Zur Anwendung daheim, im Auto, beim Reisen oder inzwischen beim Training und Ausstellungen.<\/p>\n","protected":false},"featured_media":9431,"template":"","meta":[],"pwb-brand":[360],"product_cat":[1687,879],"product_tag":[],"class_list":{"0":"post-9422","1":"product","2":"type-product","3":"status-publish","4":"has-post-thumbnail","6":"pwb-brand-back-on-track-de","7":"product_cat-betten","8":"product_cat-hundemode","10":"first","11":"onbackorder","12":"taxable","13":"shipping-taxable","14":"product-type-variable"},"brands":[{"id":360,"name":"Back On Track","slug":"back-on-track-de"}],"_links":{"self":[{"href":"https:\/\/www.havohravo.com\/de\/wp-json\/wp\/v2\/product\/9422","targetHints":{"allow":["GET"]}}],"collection":[{"href":"https:\/\/www.havohravo.com\/de\/wp-json\/wp\/v2\/product"}],"about":[{"href":"https:\/\/www.havohravo.com\/de\/wp-json\/wp\/v2\/types\/product"}],"wp:featuredmedia":[{"embeddable":true,"href":"https:\/\/www.havohravo.com\/de\/wp-json\/wp\/v2\/media\/9431"}],"wp:attachment":[{"href":"https:\/\/www.havohravo.com\/de\/wp-json\/wp\/v2\/media?parent=9422"}],"wp:term":[{"taxonomy":"pwb-brand","embeddable":true,"href":"https:\/\/www.havohravo.com\/de\/wp-json\/wp\/v2\/pwb-brand?post=9422"},{"taxonomy":"product_cat","embeddable":true,"href":"https:\/\/www.havohravo.com\/de\/wp-json\/wp\/v2\/product_cat?post=9422"},{"taxonomy":"product_tag","embeddable":true,"href":"https:\/\/www.havohravo.com\/de\/wp-json\/wp\/v2\/product_tag?post=9422"}],"curies":[{"name":"wp","href":"https:\/\/api.w.org\/{rel}","templated":true}]}}