{"id":94508,"date":"2026-03-24T20:35:53","date_gmt":"2026-03-24T19:35:53","guid":{"rendered":"https:\/\/www.havohravo.com\/?post_type=product&#038;p=94508"},"modified":"2026-03-24T20:39:21","modified_gmt":"2026-03-24T19:39:21","slug":"toppa-pomppa-lime-copy","status":"publish","type":"product","link":"https:\/\/www.havohravo.com\/de\/produkt\/toppa-pomppa-lime-copy\/","title":{"rendered":"Toppa Pomppa Graphite"},"content":{"rendered":"<div class=\"wpb-content-wrapper\"><p>[vc_row][vc_column][vc_empty_space][\/vc_column][\/vc_row][vc_row type=&#8220;boxed&#8220;][vc_column width=&#8220;1\/2&#8243;][vc_column_text]<\/p>\n<h3>Toppa Pomppa<\/h3>\n<p>ToppaPomppa ist ein dicker und gro\u00dfz\u00fcgig geschnittener Wintermantel f\u00fcr frostige Wetterbedingungen. Das wasserdichte Obermaterial, das Teddyfutter und die zus\u00e4tzliche Isolierung funktionieren am besten bei den eisigen Bedingungen mitten im Winter. Die antistatischen Materialien sorgen daf\u00fcr, dass sich auch das Fell eines langhaarigen Hundes nicht verheddert.<br \/>\n[\/vc_column_text][vc_empty_space height=&#8220;24&#8243;][vc_column_text]<\/p>\n<h3>Charakteristik<\/h3>\n<p>ToppaPomppa ist der perfekte Wintermantel f\u00fcr k\u00e4lteempfindliche Hunde. F\u00fcr Hunde mit dickem Fell empfehlen wir die Verwendung von ToppaPomppa f\u00fcr ruhigere Spazierg\u00e4nge oder f\u00fcr Pausen beim Training, wenn es wichtig ist, die gro\u00dfen Muskelgruppen warm zu halten. Das gro\u00dfz\u00fcgig dimensionierte Futter sch\u00fctzt effektiv R\u00fccken, Nacken, Bauch und Hinterteil des Hundes. Au\u00dferdem garantiert das schlichte Design eine gute Passform f\u00fcr alle Hundetypen und ist schnell und einfach anzuziehen.<\/p>\n<p>Bitte beachten Sie, dass die R\u00fcckenl\u00e4nge von ToppaPomppa 2 cm l\u00e4nger ist als bei anderen Pomppa-M\u00e4nteln in der gleichen Gr\u00f6\u00dfe. Wenn Ihr Hund eine Zwischengr\u00f6\u00dfe hat, empfehlen wir, die kleinere Gr\u00f6\u00dfe zu w\u00e4hlen.<\/p>\n<ul>\n<li>Au\u00dfergew\u00f6hnlich warmer Wintermantel<\/li>\n<li>Warme Isolierung hinzugef\u00fcgt<\/li>\n<li>Gr\u00f6\u00dfer geschnitten im Vergleich zu anderen Pomppa-M\u00e4nteln<\/li>\n<li>Sch\u00fctzt ohne die Bewegung einzuschr\u00e4nken<\/li>\n<li>Einfaches, aber einzigartiges Design ist einfach anzuziehen<\/li>\n<\/ul>\n<p>[\/vc_column_text][vc_empty_space height=&#8220;24&#8243;][\/vc_column][vc_column width=&#8220;1\/2&#8243; offset=&#8220;vc_col-lg-offset-1 vc_col-lg-5 vc_col-sm-offset-0&#8243;][vc_single_image image=&#8220;74399&#8243; img_size=&#8220;full&#8220;][vc_empty_space height=&#8220;24&#8243;][vc_column_text]<\/p>\n<h3>Material<\/h3>\n<ul>\n<li>Au\u00dfenschicht : 100 % recycled Polyester*<\/li>\n<li>Wassers\u00e4ule Au\u00dfenschicht: 5 000 mm<\/li>\n<li>Das Obermaterial ist wasserabweisend behandelt<\/li>\n<li>Isolierung : 100 % recycled Polyester*<\/li>\n<li>Futterstoff: 100 % Polyakryl<\/li>\n<\/ul>\n<p>*Ab Saison 22-23 besteht der Oberstoff der Pomppa-M\u00e4ntel aus 100 % recyceltem Polyester. Einzelne Produkte aus 100 % reinem Polyester befinden sich noch in unserem Lager, trotzdem sind Optik und Funktionalit\u00e4t der beiden Materialien absolut gleichwertig.[\/vc_column_text][vc_empty_space height=&#8220;24&#8243;][\/vc_column][\/vc_row][vc_row equal_height=&#8220;yes&#8220; content_placement=&#8220;middle&#8220; css=&#8220;.vc_custom_1546260833978{padding-top: 40px !important;padding-bottom: 40px !important;}&#8220;][vc_column width=&#8220;1\/2&#8243;][vc_single_image image=&#8220;18667&#8243; img_size=&#8220;full&#8220; alignment=&#8220;center&#8220;][\/vc_column][vc_column width=&#8220;1\/2&#8243;][vc_column_text]<\/p>\n<h3>Richtige Gr\u00f6\u00dfe bestimmen<\/h3>\n<p>Beim Vermessen sollte der Hund stehen, mit m\u00f6glichst geradem R\u00fccken. Messen sie ohne Zugabe von zus\u00e4tzlichem Freiraum. Falls der Hund sehr viel Fell hat, solltest du es ber\u00fccksichtigen und bisschen zus\u00e4tzlichen Raum bei den Messungen einplanen.[\/vc_column_text][\/vc_column][vc_column][vc_single_image image=&#8220;18664&#8243; img_size=&#8220;full&#8220;][\/vc_column][\/vc_row][vc_row type=&#8220;boxed&#8220;][vc_column][vc_empty_space height=&#8220;64&#8243;][vc_video link=&#8220;https:\/\/youtu.be\/4Nl3LGrPpFg&#8220; align=&#8220;center&#8220;][vc_empty_space][\/vc_column][\/vc_row]<\/p>\n<\/div>","protected":false},"excerpt":{"rendered":"<p style=\"font-weight: 400;\">ToppaPomppa ist ein au\u00dfergew\u00f6hnlich warmer Wintermantel. Das wasserdichte Obermaterial, das dicke Teddyfutter und die zus\u00e4tzliche Isolierung halten den Hund selbst bei den arktischsten Wetterbedingungen warm und bequem.<\/p>\n","protected":false},"featured_media":20755,"template":"","meta":[],"pwb-brand":[386],"product_cat":[2167,879,881],"product_tag":[1228],"class_list":{"0":"post-94508","1":"product","2":"type-product","3":"status-publish","4":"has-post-thumbnail","6":"pwb-brand-pomppa-de","7":"product_cat-wintermantel","8":"product_cat-hundemode","9":"product_cat-mantel-und-jacken","10":"product_tag-ausverkauf","12":"first","13":"instock","14":"sale","15":"taxable","16":"shipping-taxable","17":"purchasable","18":"product-type-variable"},"brands":[{"id":386,"name":"Pomppa","slug":"pomppa-de"}],"_links":{"self":[{"href":"https:\/\/www.havohravo.com\/de\/wp-json\/wp\/v2\/product\/94508","targetHints":{"allow":["GET"]}}],"collection":[{"href":"https:\/\/www.havohravo.com\/de\/wp-json\/wp\/v2\/product"}],"about":[{"href":"https:\/\/www.havohravo.com\/de\/wp-json\/wp\/v2\/types\/product"}],"wp:featuredmedia":[{"embeddable":true,"href":"https:\/\/www.havohravo.com\/de\/wp-json\/wp\/v2\/media\/20755"}],"wp:attachment":[{"href":"https:\/\/www.havohravo.com\/de\/wp-json\/wp\/v2\/media?parent=94508"}],"wp:term":[{"taxonomy":"pwb-brand","embeddable":true,"href":"https:\/\/www.havohravo.com\/de\/wp-json\/wp\/v2\/pwb-brand?post=94508"},{"taxonomy":"product_cat","embeddable":true,"href":"https:\/\/www.havohravo.com\/de\/wp-json\/wp\/v2\/product_cat?post=94508"},{"taxonomy":"product_tag","embeddable":true,"href":"https:\/\/www.havohravo.com\/de\/wp-json\/wp\/v2\/product_tag?post=94508"}],"curies":[{"name":"wp","href":"https:\/\/api.w.org\/{rel}","templated":true}]}}