{"id":9453,"date":"2018-10-14T18:42:24","date_gmt":"2018-10-14T16:42:24","guid":{"rendered":"https:\/\/www.havohravo.com\/product\/caninegym-gear-agility-kit\/"},"modified":"2025-07-21T13:29:26","modified_gmt":"2025-07-21T11:29:26","slug":"caninegym-gear-agility-kit","status":"publish","type":"product","link":"https:\/\/www.havohravo.com\/de\/produkt\/caninegym-gear-agility-kit\/","title":{"rendered":"CanineGym\u00ae Gear Agility Kit"},"content":{"rendered":"<div class=\"wpb-content-wrapper\"><p>[vc_row][vc_column][vc_empty_space][\/vc_column][\/vc_row][vc_row][vc_column width=&#8220;2\/3&#8243;][vc_column_text]<\/p>\n<h3>CanineGym\u00ae Gear Agility Set<\/h3>\n<p>F\u00fcr Indoor und Outdoor Training.<br \/>\n15 Minuten t\u00e4glich \u2013 inkl. Trainingskarten<\/p>\n<ul>\n<li>Cardio<\/li>\n<li>Agility<\/li>\n<li>Gehtraining<\/li>\n<li>K\u00f6rperwahrnehmung<\/li>\n<\/ul>\n<p>[\/vc_column_text][\/vc_column][vc_column width=&#8220;1\/3&#8243;][vc_column_text]<\/p>\n<h3>Beschreibung<\/h3>\n<ul>\n<li>6 Stk. 30 cm Kegel, 3 verstellbare H\u00f6hen<\/li>\n<li>3 zusammenklappbare Sprungstangen<\/li>\n<li>5cm, 12,5 cm, 20 cm sind die \u00d6ffnungen f\u00fcr H\u00f6heneinstellung.<\/li>\n<\/ul>\n<p>[\/vc_column_text][vc_empty_space height=&#8220;16&#8243;][vc_column_text]<\/p>\n<h3>FitPAWS\u00ae Produktkatalog<\/h3>\n<p>Den kompletten Produktkatalog von FitPAWS\u00ae findest du unten (externes Link zur offiziellen FitPAWS\u00ae Webseite):<\/p>\n<p><a href=\"http:\/\/online.fliphtml5.com\/swpr\/huqb\/\">FitPAWS\u00ae Katalog<\/a>[\/vc_column_text][\/vc_column][\/vc_row][vc_row][vc_column][vc_empty_space][vc_video link=&#8220;https:\/\/youtu.be\/1LWU8JUDcyM&#8220; align=&#8220;center&#8220;][\/vc_column][\/vc_row]<\/p>\n<\/div>","protected":false},"excerpt":{"rendered":"<p>F\u00fcr Indoor und Outdoor Training.<\/p>\n","protected":false},"featured_media":9454,"template":"","meta":[],"pwb-brand":[372],"product_cat":[874,2159],"product_tag":[],"class_list":{"0":"post-9453","1":"product","2":"type-product","3":"status-publish","4":"has-post-thumbnail","6":"pwb-brand-fitpaws-de","7":"product_cat-hundefitness","8":"product_cat-sonstiges","10":"first","11":"onbackorder","12":"taxable","13":"shipping-taxable","14":"purchasable","15":"product-type-simple"},"brands":[{"id":372,"name":"FitPAWS","slug":"fitpaws-de"}],"_links":{"self":[{"href":"https:\/\/www.havohravo.com\/de\/wp-json\/wp\/v2\/product\/9453","targetHints":{"allow":["GET"]}}],"collection":[{"href":"https:\/\/www.havohravo.com\/de\/wp-json\/wp\/v2\/product"}],"about":[{"href":"https:\/\/www.havohravo.com\/de\/wp-json\/wp\/v2\/types\/product"}],"wp:featuredmedia":[{"embeddable":true,"href":"https:\/\/www.havohravo.com\/de\/wp-json\/wp\/v2\/media\/9454"}],"wp:attachment":[{"href":"https:\/\/www.havohravo.com\/de\/wp-json\/wp\/v2\/media?parent=9453"}],"wp:term":[{"taxonomy":"pwb-brand","embeddable":true,"href":"https:\/\/www.havohravo.com\/de\/wp-json\/wp\/v2\/pwb-brand?post=9453"},{"taxonomy":"product_cat","embeddable":true,"href":"https:\/\/www.havohravo.com\/de\/wp-json\/wp\/v2\/product_cat?post=9453"},{"taxonomy":"product_tag","embeddable":true,"href":"https:\/\/www.havohravo.com\/de\/wp-json\/wp\/v2\/product_tag?post=9453"}],"curies":[{"name":"wp","href":"https:\/\/api.w.org\/{rel}","templated":true}]}}