{"id":94661,"date":"2026-03-24T22:03:15","date_gmt":"2026-03-24T21:03:15","guid":{"rendered":"https:\/\/www.havohravo.com\/?post_type=product&#038;p=94661"},"modified":"2026-03-24T22:08:24","modified_gmt":"2026-03-24T21:08:24","slug":"trekking-fleece-dog-jacket-copy","status":"publish","type":"product","link":"https:\/\/www.havohravo.com\/de\/produkt\/trekking-fleece-dog-jacket-copy\/","title":{"rendered":"Trekking Fleece Dog Jacket"},"content":{"rendered":"<div class=\"wpb-content-wrapper\"><p>[vc_row][vc_column][vc_empty_space][\/vc_column][\/vc_row][vc_row][vc_column width=&#8220;1\/2&#8243;][vc_column_text]<\/p>\n<h3>Trekking Fleece Dog Jacket<\/h3>\n<p>Die Trekking fleece dog jacket eignet sich hervorragend f\u00fcr kalte und trockene Wetterbedingungen und um die Regeneration deines Hundes nach der Leistung zu unterst\u00fctzen.<\/p>\n<p>Die Jacke ist f\u00fcr eine optimale Passform verstellbar. Beinschlaufen sorgen daf\u00fcr, dass die Jacke an Ort und Stelle bleibt, egal ob dein Hund liegt oder sich bewegt. Die Jacke ist so seitlich sehr gro\u00dfz\u00fcgig geschnitten, dass sie die gro\u00dfen Muskelgruppen deines Hundes gut abdeckt ohne dir Bewegung einzuschr\u00e4nken.<\/p>\n<p>Jacke hat 2 verstellbare Stellen am Kragen und einen Druckknopf im Rutenbereich, um die Breite in diesem Bereich zu verstellen.[\/vc_column_text][vc_empty_space height=&#8220;24&#8243;][\/vc_column][vc_column width=&#8220;5\/12&#8243; offset=&#8220;vc_col-sm-offset-1&#8243;][vc_column_text]<\/p>\n<h3>Charakteristik<\/h3>\n<ul>\n<li>Fleece<\/li>\n<li>Nylon Gurtband<\/li>\n<li>Aluminumschnalle<\/li>\n<li>Druckknopfverstellung<\/li>\n<li>Geliefert mit dem Beutel zum verstauen<\/li>\n<\/ul>\n<p>[\/vc_column_text][vc_empty_space height=&#8220;24&#8243;][\/vc_column][\/vc_row][vc_row][vc_column][vc_single_image image=&#8220;76962&#8243; img_size=&#8220;full&#8220;][vc_empty_space height=&#8220;32&#8243;][vc_column_text]<\/p>\n<table cellspacing=\"0\" cellpadding=\"0\">\n<tbody>\n<tr>\n<td valign=\"bottom\"><strong>Gr\u00f6\u00dfe<\/strong><\/td>\n<td valign=\"bottom\"><strong>R\u00fcckenl\u00e4nge<\/strong><\/td>\n<td valign=\"bottom\"><strong>L\u00e4nge des Mantels<\/strong><\/td>\n<\/tr>\n<tr>\n<td valign=\"bottom\">27<\/td>\n<td valign=\"bottom\">25-29 cm<\/td>\n<td valign=\"bottom\">28 cm<\/td>\n<\/tr>\n<tr>\n<td valign=\"bottom\">30<\/td>\n<td valign=\"bottom\">28-32 cm<\/td>\n<td valign=\"bottom\">32 cm<\/td>\n<\/tr>\n<tr>\n<td valign=\"bottom\">33<\/td>\n<td valign=\"bottom\">31-35 cm<\/td>\n<td valign=\"bottom\">35 cm<\/td>\n<\/tr>\n<tr>\n<td valign=\"bottom\">36<\/td>\n<td valign=\"bottom\">33-39 cm<\/td>\n<td valign=\"bottom\">38 cm<\/td>\n<\/tr>\n<tr>\n<td valign=\"bottom\">40<\/td>\n<td valign=\"bottom\">37-43 cm<\/td>\n<td valign=\"bottom\">42 cm<\/td>\n<\/tr>\n<tr>\n<td valign=\"bottom\">45<\/td>\n<td valign=\"bottom\">42-48 cm<\/td>\n<td valign=\"bottom\">47 cm<\/td>\n<\/tr>\n<tr>\n<td valign=\"bottom\">50<\/td>\n<td valign=\"bottom\">47-53 cm<\/td>\n<td valign=\"bottom\">53 cm<\/td>\n<\/tr>\n<tr>\n<td valign=\"bottom\">55<\/td>\n<td valign=\"bottom\">52-58 cm<\/td>\n<td valign=\"bottom\">58 cm<\/td>\n<\/tr>\n<tr>\n<td valign=\"bottom\">60<\/td>\n<td valign=\"bottom\">57-63 cm<\/td>\n<td valign=\"bottom\">63 cm<\/td>\n<\/tr>\n<tr>\n<td valign=\"bottom\">65<\/td>\n<td valign=\"bottom\">62-68 cm<\/td>\n<td valign=\"bottom\">68 cm<\/td>\n<\/tr>\n<tr>\n<td valign=\"bottom\">70<\/td>\n<td valign=\"bottom\">64-76 cm<\/td>\n<td valign=\"bottom\">73 cm<\/td>\n<\/tr>\n<\/tbody>\n<\/table>\n<p>[\/vc_column_text][vc_empty_space height=&#8220;24&#8243;][\/vc_column][\/vc_row]<\/p>\n<\/div>","protected":false},"excerpt":{"rendered":"<p>Eine weiche und bequeme Hundejacke aus Fleece.<\/p>\n","protected":false},"featured_media":94685,"template":"","meta":[],"pwb-brand":[378],"product_cat":[2165,2164,879,881],"product_tag":[1228],"class_list":{"0":"post-94661","1":"product","2":"type-product","3":"status-publish","4":"has-post-thumbnail","6":"pwb-brand-non-stop-dogwear-de","7":"product_cat-basiclayer-de","8":"product_cat-uebergangsmaentel","9":"product_cat-hundemode","10":"product_cat-mantel-und-jacken","11":"product_tag-ausverkauf","13":"first","14":"instock","15":"sale","16":"taxable","17":"shipping-taxable","18":"purchasable","19":"product-type-variable"},"brands":[{"id":378,"name":"Non-Stop Dogwear","slug":"non-stop-dogwear-de"}],"_links":{"self":[{"href":"https:\/\/www.havohravo.com\/de\/wp-json\/wp\/v2\/product\/94661","targetHints":{"allow":["GET"]}}],"collection":[{"href":"https:\/\/www.havohravo.com\/de\/wp-json\/wp\/v2\/product"}],"about":[{"href":"https:\/\/www.havohravo.com\/de\/wp-json\/wp\/v2\/types\/product"}],"wp:featuredmedia":[{"embeddable":true,"href":"https:\/\/www.havohravo.com\/de\/wp-json\/wp\/v2\/media\/94685"}],"wp:attachment":[{"href":"https:\/\/www.havohravo.com\/de\/wp-json\/wp\/v2\/media?parent=94661"}],"wp:term":[{"taxonomy":"pwb-brand","embeddable":true,"href":"https:\/\/www.havohravo.com\/de\/wp-json\/wp\/v2\/pwb-brand?post=94661"},{"taxonomy":"product_cat","embeddable":true,"href":"https:\/\/www.havohravo.com\/de\/wp-json\/wp\/v2\/product_cat?post=94661"},{"taxonomy":"product_tag","embeddable":true,"href":"https:\/\/www.havohravo.com\/de\/wp-json\/wp\/v2\/product_tag?post=94661"}],"curies":[{"name":"wp","href":"https:\/\/api.w.org\/{rel}","templated":true}]}}