{"id":94788,"date":"2026-03-25T22:31:36","date_gmt":"2026-03-25T21:31:36","guid":{"rendered":"https:\/\/www.havohravo.com\/?post_type=product&#038;p=94788"},"modified":"2026-03-25T22:34:52","modified_gmt":"2026-03-25T21:34:52","slug":"geflochtene-agilityleine-mit-ruckdampfer-copy-8","status":"publish","type":"product","link":"https:\/\/www.havohravo.com\/de\/produkt\/geflochtene-agilityleine-mit-ruckdampfer-copy-8\/","title":{"rendered":"Geflochtene Agilityleine mit R\u00fcckd\u00e4mpfer &#038; Gitterball"},"content":{"rendered":"<div class=\"wpb-content-wrapper\"><p>[vc_row][vc_column][vc_empty_space][\/vc_column][\/vc_row][vc_row][vc_column width=&#8220;1\/2&#8243;][vc_column_text]<\/p>\n<h3>Agility Leine<\/h3>\n<p dir=\"auto\" data-pm-slice=\"1 1 []\">Ein unverzichtbares Accessoire f\u00fcr deinen vierbeinigen Sportler! Diese Leine ist nicht nur ein modisches Statement. Hol dir jetzt neue Leine und entfessel den inneren Champion deines Hundes! Im Griff ist ein Gitterball in Gr. S inkludiert.<\/p>\n<h4>Abmessungen:<\/h4>\n<p>Halsbandbreite: 25 mm<br \/>\nVerf\u00fcgbare L\u00e4nge: 1,2 m or 1,5 m<\/p>\n<h4 class=\"p1\">Gr\u00f6\u00dfe<\/h4>\n<ol>\n<li class=\"p1\">Messe den Umfang um den mittleren Teil des Halses. Messe eng anliegend, ohne zus\u00e4tzlichen Platz zu lassen.<\/li>\n<li class=\"p1\">Bitte gib die Halsgr\u00f6\u00dfe und das Gewicht deines Hundes im Feld \u201eAnmerkungen\u201d beim Check-out an. Wir sorgen daf\u00fcr, dass wir die richtige Gr\u00f6\u00dfe versenden und die passenden Komponenten f\u00fcr deinen Hund verwenden.<\/li>\n<\/ol>\n<p>[\/vc_column][vc_column width=&#8220;5\/12&#8243; offset=&#8220;vc_col-sm-offset-1&#8243;][vc_column_text]<\/p>\n<h4>Material<\/h4>\n<h5>Gurtband:<\/h5>\n<ul>\n<li>Doppeltes, sehr weiches PET-Gurtband.<\/li>\n<li>Hohe Zugfestigkeit.<\/li>\n<li>Witterungsbest\u00e4ndigkeit: best\u00e4ndig gegen UV-Strahlen und wechselnde Witterungsbedingungen.<\/li>\n<li>Gute Abriebfestigkeit.<\/li>\n<li>Leicht sauber zu halten.<\/li>\n<\/ul>\n<h3>Polsterung \u2013 Softshell<\/h3>\n<ul>\n<li>Winddicht<\/li>\n<li>Wasserdicht<\/li>\n<li>Atmungsaktiv<\/li>\n<li>mit BIONIC FINISH\u00ae ECO: umweltfreundliche, fluorfreie wasserabweisende Textilausr\u00fcstung<\/li>\n<\/ul>\n<h5>Fleece<\/h5>\n<ul>\n<li>Polarmikrofleece 100 % Polyester<\/li>\n<li>Anti-Pilling<\/li>\n<li>Atmungsf\u00e4hig<\/li>\n<\/ul>\n<h5 class=\"p1\">Komponente<\/h5>\n<ul>\n<li>Metall: Zinkdruckguss mit vernickelter Oberfl\u00e4che<\/li>\n<\/ul>\n<p>[\/vc_column_text][vc_empty_space height=&#8220;24&#8243;][\/vc_column][\/vc_row]<\/p>\n<\/div>","protected":false},"excerpt":{"rendered":"<p>Bist du bereit Spa\u00df zu haben?!<\/p>\n","protected":false},"featured_media":94752,"template":"","meta":[],"pwb-brand":[374],"product_cat":[2271,879,860],"product_tag":[],"class_list":{"0":"post-94788","1":"product","2":"type-product","3":"status-publish","4":"has-post-thumbnail","6":"pwb-brand-havohravo-de","7":"product_cat-agility-leinen","8":"product_cat-hundemode","9":"product_cat-leinen","11":"first","12":"instock","13":"featured","14":"taxable","15":"shipping-taxable","16":"purchasable","17":"product-type-variable"},"brands":[{"id":374,"name":"havohravo","slug":"havohravo-de"}],"_links":{"self":[{"href":"https:\/\/www.havohravo.com\/de\/wp-json\/wp\/v2\/product\/94788","targetHints":{"allow":["GET"]}}],"collection":[{"href":"https:\/\/www.havohravo.com\/de\/wp-json\/wp\/v2\/product"}],"about":[{"href":"https:\/\/www.havohravo.com\/de\/wp-json\/wp\/v2\/types\/product"}],"wp:featuredmedia":[{"embeddable":true,"href":"https:\/\/www.havohravo.com\/de\/wp-json\/wp\/v2\/media\/94752"}],"wp:attachment":[{"href":"https:\/\/www.havohravo.com\/de\/wp-json\/wp\/v2\/media?parent=94788"}],"wp:term":[{"taxonomy":"pwb-brand","embeddable":true,"href":"https:\/\/www.havohravo.com\/de\/wp-json\/wp\/v2\/pwb-brand?post=94788"},{"taxonomy":"product_cat","embeddable":true,"href":"https:\/\/www.havohravo.com\/de\/wp-json\/wp\/v2\/product_cat?post=94788"},{"taxonomy":"product_tag","embeddable":true,"href":"https:\/\/www.havohravo.com\/de\/wp-json\/wp\/v2\/product_tag?post=94788"}],"curies":[{"name":"wp","href":"https:\/\/api.w.org\/{rel}","templated":true}]}}