{"id":94869,"date":"2026-03-27T12:34:16","date_gmt":"2026-03-27T11:34:16","guid":{"rendered":"https:\/\/www.havohravo.com\/?post_type=product&#038;p=94869"},"modified":"2026-03-27T12:37:48","modified_gmt":"2026-03-27T11:37:48","slug":"tuggy-basic-bumpy-copy","status":"publish","type":"product","link":"https:\/\/www.havohravo.com\/de\/produkt\/tuggy-basic-bumpy-copy\/","title":{"rendered":"Tuggy Basic Fetch"},"content":{"rendered":"<div class=\"wpb-content-wrapper\"><p>[vc_row][vc_column][vc_empty_space][\/vc_column][\/vc_row][vc_row][vc_column width=&#8220;2\/3&#8243; offset=&#8220;vc_col-sm-offset-2 vc_col-xs-12&#8243;][vc_column_text css=&#8220;&#8220;]Zerrspielzeug f\u00fcr Hunde, die B\u00e4lle lieben!<br \/>\nDer im Griff integrierte Sto\u00dfd\u00e4mpfer sch\u00fctzt die Wirbels\u00e4ule Ihres Hundes und Ihre eigene vor pl\u00f6tzlichen Rucken.<br \/>\nDieses Spielzeug besteht aus einem Tuggy-Griff und einem hochwertigen Hundespielzeug. Der Ball ist strapazierf\u00e4hig, ungiftig und schwimmt im Wasser. Er ist f\u00fcr das aktive Spiel zwischen Hundehalter und Hund konzipiert. Lassen Sie den Hund mit dem Spielzeug nicht unbeaufsichtigt.<\/p>\n<p>Bitte beachte, dass das Bild nur zur Veranschaulichung dient. Die Farben des Griffs werden nach dem Zufallsprinzip kombiniert. Wenn du dir eine bestimmte Farbkombination w\u00fcnscht, gib dies bitte beim Bestellvorgang in den Anmerkungen an.<\/p>\n<p><strong>Gesamtl\u00e4nge<\/strong>:<br \/>\nStandardausf\u00fchrung: ca. 45 cm<br \/>\nKurzausf\u00fchrung ca: 30 cm<\/p>\n<p><strong>Ballgr\u00f6\u00dfe<\/strong>:<br \/>\nMittel: 7,5 cm [\/vc_column_text][vc_empty_space height=&#8220;32&#8243;][\/vc_column][\/vc_row]<\/p>\n<\/div>","protected":false},"excerpt":{"rendered":"<p>Zerspielzeug f\u00fcr Hunde, die B\u00e4lle lieben!<\/p>\n","protected":false},"featured_media":94732,"template":"","meta":[],"pwb-brand":[374],"product_cat":[866,870],"product_tag":[],"class_list":{"0":"post-94869","1":"product","2":"type-product","3":"status-publish","4":"has-post-thumbnail","6":"pwb-brand-havohravo-de","7":"product_cat-hundespielzeug","8":"product_cat-spielzeug-mit-tuggy-griff","10":"first","11":"instock","12":"taxable","13":"shipping-taxable","14":"purchasable","15":"product-type-variable"},"brands":[{"id":374,"name":"havohravo","slug":"havohravo-de"}],"_links":{"self":[{"href":"https:\/\/www.havohravo.com\/de\/wp-json\/wp\/v2\/product\/94869","targetHints":{"allow":["GET"]}}],"collection":[{"href":"https:\/\/www.havohravo.com\/de\/wp-json\/wp\/v2\/product"}],"about":[{"href":"https:\/\/www.havohravo.com\/de\/wp-json\/wp\/v2\/types\/product"}],"wp:featuredmedia":[{"embeddable":true,"href":"https:\/\/www.havohravo.com\/de\/wp-json\/wp\/v2\/media\/94732"}],"wp:attachment":[{"href":"https:\/\/www.havohravo.com\/de\/wp-json\/wp\/v2\/media?parent=94869"}],"wp:term":[{"taxonomy":"pwb-brand","embeddable":true,"href":"https:\/\/www.havohravo.com\/de\/wp-json\/wp\/v2\/pwb-brand?post=94869"},{"taxonomy":"product_cat","embeddable":true,"href":"https:\/\/www.havohravo.com\/de\/wp-json\/wp\/v2\/product_cat?post=94869"},{"taxonomy":"product_tag","embeddable":true,"href":"https:\/\/www.havohravo.com\/de\/wp-json\/wp\/v2\/product_tag?post=94869"}],"curies":[{"name":"wp","href":"https:\/\/api.w.org\/{rel}","templated":true}]}}