{"id":95245,"date":"2026-03-29T17:44:53","date_gmt":"2026-03-29T15:44:53","guid":{"rendered":"https:\/\/www.havohravo.com\/?post_type=product&#038;p=95245"},"modified":"2026-03-29T17:50:54","modified_gmt":"2026-03-29T15:50:54","slug":"pfotenschutz-koda-copy","status":"publish","type":"product","link":"https:\/\/www.havohravo.com\/de\/produkt\/pfotenschutz-koda-copy\/","title":{"rendered":"Pfotenschutz Lola"},"content":{"rendered":"<div class=\"wpb-content-wrapper\"><p>[vc_row][vc_column][vc_empty_space][\/vc_column][\/vc_row][vc_row][vc_column width=&#8220;1\/2&#8243;][vc_column_text]<\/p>\n<p>Lieferung enth\u00e4lt 1 Paar.<\/p>\n<p>Ein bequemer, leichter Pfotenschutz gef\u00fcttert mit Welltex\u00ae. &#8222;Lola&#8220; ist h\u00f6her geschnitten und somit perfekt f\u00fcr die Hinterbeine. Sie sind hoch genug, um \u00fcber dem Sprunggelenk befestigt zu werden. Das Welltex\u00ae-Material reflektiert die K\u00f6rperw\u00e4rme und kann so dazu beitragen, dass Gelenke und Muskeln gesund bleiben. Der Pfotenschutz ist eine gute Wahl, wenn Ihr Hund Probleme mit den Gelenken oder Arthrose in den Pfoten hat.<\/p>\n<p>Der Pfotenschutz kann sowohl im Innen- als auch im Au\u00dfenbereich getragen werden. Der Stoff ist f\u00fcr weiche und glatte Oberfl\u00e4chen geeignet und hat einen leicht wasserabweisenden Effekt, der die Pfoten bei leichtem Regen und Schnee trocken h\u00e4lt.<\/p>\n<p>[\/vc_column_text][vc_empty_space height=&#8220;24&#8243;][vc_column_text]<\/p>\n<h3 style=\"text-align: left;\">Gr\u00f6\u00dfen<\/h3>\n<p><span class=\"T286Pc\" data-sfc-cp=\"\" data-sfc-root=\"c\" data-sfc-cb=\"\" data-processed=\"true\"><strong class=\"Yjhzub\" data-sfc-root=\"c\" data-sfc-cb=\"\" data-processed=\"true\">XS:<\/strong> 11\u201313 cm<br \/>\n<\/span><strong class=\"Yjhzub\" data-sfc-root=\"c\" data-sfc-cb=\"\" data-processed=\"true\">Small:<\/strong> 13\u201315 cm<br \/>\n<strong class=\"Yjhzub\" data-sfc-root=\"c\" data-sfc-cb=\"\" data-processed=\"true\">Medium:<\/strong>\u00a015\u201317 cm<br \/>\n<span class=\"T286Pc\" data-sfc-cp=\"\" data-sfc-root=\"c\" data-sfc-cb=\"\" data-processed=\"true\"><strong class=\"Yjhzub\" data-sfc-root=\"c\" data-sfc-cb=\"\" data-processed=\"true\">Large:<\/strong>\u00a017\u201319 cm<br \/>\n<\/span><span class=\"T286Pc\" data-sfc-cp=\"\" data-sfc-root=\"c\" data-sfc-cb=\"\" data-processed=\"true\"><strong class=\"Yjhzub\" data-sfc-root=\"c\" data-sfc-cb=\"\" data-processed=\"true\">X-Large:<\/strong>\u00a019\u201321 cm<br \/>\n<\/span><span class=\"T286Pc\" data-sfc-cp=\"\" data-sfc-root=\"c\" data-sfc-cb=\"\" data-processed=\"true\"><strong class=\"Yjhzub\" data-sfc-root=\"c\" data-sfc-cb=\"\" data-processed=\"true\">XX-Large:<\/strong> 21\u201323 cm\u00a0<\/span>[\/vc_column_text][vc_empty_space height=&#8220;24&#8243;][\/vc_column][vc_column width=&#8220;5\/12&#8243; offset=&#8220;vc_col-sm-offset-1&#8243;][vc_column_text]<\/p>\n<h3>Richtig vermessen:<\/h3>\n<ul class=\"KsbFXc U6u95\" data-sfc-root=\"c\" data-sfc-cb=\"\" data-processed=\"true\">\n<li class=\"dF3vjf\" data-sfc-root=\"c\" data-sfc-cb=\"\" data-hveid=\"CAYQAA\" data-processed=\"true\"><strong>Umfang messen<\/strong>: Messen Sie den Umfang an der breitesten Stelle der Pfote, wobei der Hund stehen sollte.<\/li>\n<li class=\"dF3vjf\" data-sfc-root=\"c\" data-sfc-cb=\"\" data-hveid=\"CAYQAA\" data-processed=\"true\"><strong>Optimale Passform<\/strong>: Wenn die Ma\u00dfe zwischen zwei Gr\u00f6\u00dfen liegen, w\u00e4hlen Sie die kleinere Gr\u00f6\u00dfe, um einen festen Sitz zu gew\u00e4hrleisten, da diese Schuhe aus einem flexiblen, leicht dehnbaren Material bestehen.<\/li>\n<\/ul>\n<p>[\/vc_column_text][vc_empty_space height=&#8220;24&#8243;][vc_single_image image=&#8220;2142&#8243; img_size=&#8220;full&#8220;][\/vc_column][\/vc_row]<\/p>\n<\/div>","protected":false},"excerpt":{"rendered":"<p>Pfotenschutz mit therapeutischen Effekt<\/p>\n","protected":false},"featured_media":95256,"template":"","meta":[],"pwb-brand":[360],"product_cat":[2108,879,880],"product_tag":[],"class_list":{"0":"post-95245","1":"product","2":"type-product","3":"status-publish","4":"has-post-thumbnail","6":"pwb-brand-back-on-track-de","7":"product_cat-schuhe","8":"product_cat-hundemode","9":"product_cat-bandagen","11":"first","12":"instock","13":"taxable","14":"shipping-taxable","15":"purchasable","16":"product-type-variable"},"brands":[{"id":360,"name":"Back On Track","slug":"back-on-track-de"}],"_links":{"self":[{"href":"https:\/\/www.havohravo.com\/de\/wp-json\/wp\/v2\/product\/95245","targetHints":{"allow":["GET"]}}],"collection":[{"href":"https:\/\/www.havohravo.com\/de\/wp-json\/wp\/v2\/product"}],"about":[{"href":"https:\/\/www.havohravo.com\/de\/wp-json\/wp\/v2\/types\/product"}],"wp:featuredmedia":[{"embeddable":true,"href":"https:\/\/www.havohravo.com\/de\/wp-json\/wp\/v2\/media\/95256"}],"wp:attachment":[{"href":"https:\/\/www.havohravo.com\/de\/wp-json\/wp\/v2\/media?parent=95245"}],"wp:term":[{"taxonomy":"pwb-brand","embeddable":true,"href":"https:\/\/www.havohravo.com\/de\/wp-json\/wp\/v2\/pwb-brand?post=95245"},{"taxonomy":"product_cat","embeddable":true,"href":"https:\/\/www.havohravo.com\/de\/wp-json\/wp\/v2\/product_cat?post=95245"},{"taxonomy":"product_tag","embeddable":true,"href":"https:\/\/www.havohravo.com\/de\/wp-json\/wp\/v2\/product_tag?post=95245"}],"curies":[{"name":"wp","href":"https:\/\/api.w.org\/{rel}","templated":true}]}}