{"id":95797,"date":"2026-05-05T21:37:17","date_gmt":"2026-05-05T19:37:17","guid":{"rendered":"https:\/\/www.havohravo.com\/?post_type=product&#038;p=95797"},"modified":"2026-05-05T21:47:23","modified_gmt":"2026-05-05T19:47:23","slug":"bobber-copy-2","status":"publish","type":"product","link":"https:\/\/www.havohravo.com\/de\/produkt\/bobber-copy-2\/","title":{"rendered":"Bobber Rakete"},"content":{"rendered":"<div class=\"wpb-content-wrapper\"><p>[vc_row][vc_column][vc_empty_space][\/vc_column][\/vc_row][vc_row][vc_column][vc_column_text css=&#8220;&#8220;]<b>Die Rakete<\/b><\/p>\n<p>Dieses schwimmendes Hundespielzeug bleibt aufrecht im Wasser \u2013 so kann dein Hund es leicht sehen und greifen! \ud83e\uddb4\u2728 Hergestellt aus extrem haltbarem TPR-Schaumstoff, ist es perfekt f\u00fcr weite W\u00fcrfe und stundenlangen Apportierspa\u00df. \ud83c\udfaf<\/p>\n<p>Erh\u00e4ltlich in 3 leuchtenden Farben, passend zum Charakter deines Vierbeiners!<span class=\"Apple-converted-space\">\u00a0<\/span><\/p>\n<p>L\u00e4nge: 23,5 cm<br \/>\nDurchmesser: 6,5 cm<br \/>\nL\u00e4nge der Schnur mit Ball: 15,5 cm[\/vc_column_text][vc_empty_space height=&#8220;24&#8243;][\/vc_column][\/vc_row]<\/p>\n<\/div>","protected":false},"excerpt":{"rendered":"<p>Das ultimative Spielzeug f\u00fcr Apportierspa\u00df im Sommer<\/p>\n","protected":false},"featured_media":95810,"template":"","meta":[],"pwb-brand":[2484],"product_cat":[1696,866],"product_tag":[1990],"class_list":{"0":"post-95797","1":"product","2":"type-product","3":"status-publish","4":"has-post-thumbnail","6":"pwb-brand-dog-comets-de","7":"product_cat-anderes-spielzeug","8":"product_cat-hundespielzeug","9":"product_tag-sommer","11":"first","12":"instock","13":"featured","14":"taxable","15":"shipping-taxable","16":"purchasable","17":"product-type-variable"},"brands":[{"id":2484,"name":"Dog Comets","slug":"dog-comets-de"}],"_links":{"self":[{"href":"https:\/\/www.havohravo.com\/de\/wp-json\/wp\/v2\/product\/95797","targetHints":{"allow":["GET"]}}],"collection":[{"href":"https:\/\/www.havohravo.com\/de\/wp-json\/wp\/v2\/product"}],"about":[{"href":"https:\/\/www.havohravo.com\/de\/wp-json\/wp\/v2\/types\/product"}],"wp:featuredmedia":[{"embeddable":true,"href":"https:\/\/www.havohravo.com\/de\/wp-json\/wp\/v2\/media\/95810"}],"wp:attachment":[{"href":"https:\/\/www.havohravo.com\/de\/wp-json\/wp\/v2\/media?parent=95797"}],"wp:term":[{"taxonomy":"pwb-brand","embeddable":true,"href":"https:\/\/www.havohravo.com\/de\/wp-json\/wp\/v2\/pwb-brand?post=95797"},{"taxonomy":"product_cat","embeddable":true,"href":"https:\/\/www.havohravo.com\/de\/wp-json\/wp\/v2\/product_cat?post=95797"},{"taxonomy":"product_tag","embeddable":true,"href":"https:\/\/www.havohravo.com\/de\/wp-json\/wp\/v2\/product_tag?post=95797"}],"curies":[{"name":"wp","href":"https:\/\/api.w.org\/{rel}","templated":true}]}}