{"id":95815,"date":"2026-05-05T21:51:47","date_gmt":"2026-05-05T19:51:47","guid":{"rendered":"https:\/\/www.havohravo.com\/?post_type=product&#038;p=95815"},"modified":"2026-05-05T22:08:45","modified_gmt":"2026-05-05T20:08:45","slug":"bobber-rakete-copy","status":"publish","type":"product","link":"https:\/\/www.havohravo.com\/de\/produkt\/bobber-rakete-copy\/","title":{"rendered":"Vortex Loop Ball"},"content":{"rendered":"<div class=\"wpb-content-wrapper\"><p>[vc_row][vc_column][vc_empty_space][\/vc_column][\/vc_row][vc_row][vc_column][vc_column_text css=&#8220;&#8220;]<strong>Vortex Ball<\/strong><\/p>\n<p>Entwickelt f\u00fcr intensives Spielen und maximale Sichtbarkeit. Dank des strapazierf\u00e4higen, reflektierenden Seils ist dieses Spielzeug ideal f\u00fcr aktive Hunde und eignet sich sowohl f\u00fcr den Einsatz bei Tageslicht als auch bei schlechten Lichtverh\u00e4ltnissen.<br \/>\nDer Vortex Loop schwimmt auf dem Wasser und eignet sich daher perfekt f\u00fcr Apportierspiele am Strand, in der N\u00e4he von Gew\u00e4ssern oder im Park. \ud83e\uddb4\u2728<\/p>\n<ul>\n<li>Hergestellt aus strapazierf\u00e4higem Material f\u00fcr langlebigen Gebrauch.<\/li>\n<li>Reflektierendes Seil f\u00fcr bessere Sichtbarkeit<\/li>\n<li>Schwimmendes Design, ideal f\u00fcr Wasserspiele<\/li>\n<\/ul>\n<p>Erh\u00e4ltlich in 3 leuchtenden Farben, passend zur Pers\u00f6nlichkeit Ihres Hundes!<\/p>\n<p>Ball-Durchmesser: ca. 6 cm<br \/>\n[\/vc_column_text][vc_empty_space height=&#8220;24&#8243;][\/vc_column][\/vc_row]<\/p>\n<\/div>","protected":false},"excerpt":{"rendered":"<p>Das ultimative Spielzeug f\u00fcr Apportierspa\u00df im Sommer<\/p>\n","protected":false},"featured_media":95823,"template":"","meta":[],"pwb-brand":[2484],"product_cat":[1696,866],"product_tag":[1990],"class_list":{"0":"post-95815","1":"product","2":"type-product","3":"status-publish","4":"has-post-thumbnail","6":"pwb-brand-dog-comets-de","7":"product_cat-anderes-spielzeug","8":"product_cat-hundespielzeug","9":"product_tag-sommer","11":"first","12":"instock","13":"featured","14":"taxable","15":"shipping-taxable","16":"purchasable","17":"product-type-variable"},"brands":[{"id":2484,"name":"Dog Comets","slug":"dog-comets-de"}],"_links":{"self":[{"href":"https:\/\/www.havohravo.com\/de\/wp-json\/wp\/v2\/product\/95815","targetHints":{"allow":["GET"]}}],"collection":[{"href":"https:\/\/www.havohravo.com\/de\/wp-json\/wp\/v2\/product"}],"about":[{"href":"https:\/\/www.havohravo.com\/de\/wp-json\/wp\/v2\/types\/product"}],"wp:featuredmedia":[{"embeddable":true,"href":"https:\/\/www.havohravo.com\/de\/wp-json\/wp\/v2\/media\/95823"}],"wp:attachment":[{"href":"https:\/\/www.havohravo.com\/de\/wp-json\/wp\/v2\/media?parent=95815"}],"wp:term":[{"taxonomy":"pwb-brand","embeddable":true,"href":"https:\/\/www.havohravo.com\/de\/wp-json\/wp\/v2\/pwb-brand?post=95815"},{"taxonomy":"product_cat","embeddable":true,"href":"https:\/\/www.havohravo.com\/de\/wp-json\/wp\/v2\/product_cat?post=95815"},{"taxonomy":"product_tag","embeddable":true,"href":"https:\/\/www.havohravo.com\/de\/wp-json\/wp\/v2\/product_tag?post=95815"}],"curies":[{"name":"wp","href":"https:\/\/api.w.org\/{rel}","templated":true}]}}