{"id":95940,"date":"2026-05-12T19:54:23","date_gmt":"2026-05-12T17:54:23","guid":{"rendered":"https:\/\/www.havohravo.com\/?post_type=product&#038;p=95940"},"modified":"2026-05-12T20:19:00","modified_gmt":"2026-05-12T18:19:00","slug":"platform-30-x-10-hoch-copy-copy","status":"publish","type":"product","link":"https:\/\/www.havohravo.com\/de\/produkt\/platform-30-x-10-hoch-copy-copy\/","title":{"rendered":"Platform 30 x 10 hoch"},"content":{"rendered":"<p>Ein stabiles Trainingstarget mit Tartan- oder Gummioberfl\u00e4che, 7-8 cm hoch. Ideal f\u00fcr DogFitness, Gleichgewichts\u00fcbungen und das Training des Pfotenbewusstseins. Geeignet f\u00fcr Hunde aller Gr\u00f6\u00dfen und jeden Alters.<\/p>\n<p>Stabile Plattformen sind ein vielseitiges Trainingsger\u00e4t, das f\u00fcr DogFitness, Physiotherapie, Rehabilitation und die systematische F\u00f6rderung von Koordination und K\u00f6rperbewusstsein entwickelt wurde.<\/p>\n<p>Jede Plattform ist mit einer hochwertigen Tartan-Oberfl\u00e4che (in verschiedenen Farbvarianten) erh\u00e4ltlich. Die rutschfeste und strapazierf\u00e4hige Oberfl\u00e4che gew\u00e4hrleistet einen sicheren Stand w\u00e4hrend des Trainings und f\u00f6rdert die richtige Belastung der Gliedma\u00dfen.<\/p>\n<p>Mit einer H\u00f6he von 7-8 cm bietet die Plattform optimale Stabilit\u00e4t und Sicherheit sowohl bei statischen als auch bei dynamischen \u00dcbungen.<\/p>\n<h3>Ma\u00dfe:<\/h3>\n<p>Durchmesser 30 x 10 cm, H\u00f6he: 7-8 cm<\/p>\n<p>Das Produkt ist ausschlie\u00dflich f\u00fcr die Hundeerziehung bestimmt. Das Produkt ist nicht f\u00fcr Kinder geeignet. Jedes St\u00fcck ist handgefertigt; daher k\u00f6nnen leichte Ma\u00dfabweichungen auftreten. Bitte ber\u00fccksichtigen Sie geringf\u00fcgige Fertigungstoleranzen.<\/p>\n","protected":false},"excerpt":{"rendered":"<p>Eine stabile Trainingsplatform mit Tartanbelag.<\/p>\n","protected":false},"featured_media":95954,"template":"","meta":[],"pwb-brand":[2522],"product_cat":[2157],"product_tag":[],"class_list":{"0":"post-95940","1":"product","2":"type-product","3":"status-publish","4":"has-post-thumbnail","6":"pwb-brand-vapaa-de","7":"product_cat-platformen-matten","9":"first","10":"instock","11":"featured","12":"taxable","13":"shipping-taxable","14":"purchasable","15":"product-type-variable"},"brands":[{"id":2522,"name":"Vapaa","slug":"vapaa-de"}],"_links":{"self":[{"href":"https:\/\/www.havohravo.com\/de\/wp-json\/wp\/v2\/product\/95940","targetHints":{"allow":["GET"]}}],"collection":[{"href":"https:\/\/www.havohravo.com\/de\/wp-json\/wp\/v2\/product"}],"about":[{"href":"https:\/\/www.havohravo.com\/de\/wp-json\/wp\/v2\/types\/product"}],"wp:featuredmedia":[{"embeddable":true,"href":"https:\/\/www.havohravo.com\/de\/wp-json\/wp\/v2\/media\/95954"}],"wp:attachment":[{"href":"https:\/\/www.havohravo.com\/de\/wp-json\/wp\/v2\/media?parent=95940"}],"wp:term":[{"taxonomy":"pwb-brand","embeddable":true,"href":"https:\/\/www.havohravo.com\/de\/wp-json\/wp\/v2\/pwb-brand?post=95940"},{"taxonomy":"product_cat","embeddable":true,"href":"https:\/\/www.havohravo.com\/de\/wp-json\/wp\/v2\/product_cat?post=95940"},{"taxonomy":"product_tag","embeddable":true,"href":"https:\/\/www.havohravo.com\/de\/wp-json\/wp\/v2\/product_tag?post=95940"}],"curies":[{"name":"wp","href":"https:\/\/api.w.org\/{rel}","templated":true}]}}