{"id":96180,"date":"2026-05-16T12:16:42","date_gmt":"2026-05-16T10:16:42","guid":{"rendered":"https:\/\/www.havohravo.com\/?post_type=product&#038;p=96180"},"modified":"2026-05-16T13:29:34","modified_gmt":"2026-05-16T11:29:34","slug":"wippentarget-copy","status":"publish","type":"product","link":"https:\/\/www.havohravo.com\/de\/produkt\/wippentarget-copy\/","title":{"rendered":"Wippentarget mit Sch\u00fcssel"},"content":{"rendered":"<p>TargetBowl ist ein speziell f\u00fcr das Kontakttraining auf der Agility-Wippe entwickeltes Trainingstarget. Es kombiniert ein visuelles Target mit einer Belohnungsschale und hilft dem Hund so, klar zu verstehen, wo er anhalten muss und wo die Belohnung ausgegeben wird.<\/p>\n<p>Die Schale ist auf einem Tartan-Ziel mit rutschfester Oberfl\u00e4che befestigt und bietet einen realistischen Kontakt, \u00e4hnlich wie bei Wettkampfger\u00e4ten.<\/p>\n<p>F\u00fcr optimale Ergebnisse empfehlen wir, Dosenfutter, Pasten oder andere weiche Belohnungen in den Napf zu geben. Trockenfutter kann durch die Schwingbewegung herausfallen und den Trainingsablauf st\u00f6ren.<\/p>\n<h3>Elastisches Befestigungssystem<\/h3>\n<p>Das Target verf\u00fcgt \u00fcber ein Gummiband mit Haken und Metall\u00f6sen, wodurch es sicher und dennoch flexibel an der Wippe befestigt werden kann. Es bleibt w\u00e4hrend des Trainings fest an seinem Platz und l\u00e4sst sich dennoch leicht abnehmen und transportieren.<\/p>\n<p><strong>Funktionale Vorteile:<\/strong><\/p>\n<p>\u2022 Ideal f\u00fcr das Kontakttraining und die Belohnung direkt am Hindernis<br \/>\n\u2022 Rutschfeste Tartan-Oberfl\u00e4che f\u00fcr Sicherheit und Stabilit\u00e4t<br \/>\n\u2022 Sichere Befestigung mit einfacher Montage und Demontage<br \/>\n\u2022 F\u00fcr Hunde aller Gr\u00f6\u00dfen geeignet<\/p>\n<p>TargetBowl unterst\u00fctzt pr\u00e4zises, strukturiertes und hochmotiviertes Training. Ein hervorragendes Hilfsmittel sowohl f\u00fcr Anf\u00e4nger als auch f\u00fcr fortgeschrittene Teams, die eine zuverl\u00e4ssige und selbstbewusste Kontaktleistung anstreben.<\/p>\n","protected":false},"excerpt":{"rendered":"<p>Eine Schale, die auf einem Tartan-Target befestigt ist und f\u00fcr pr\u00e4zises Kontakttraining auf der Wippe konzipiert wurde.<\/p>\n","protected":false},"featured_media":96192,"template":"","meta":[],"pwb-brand":[2522],"product_cat":[2157],"product_tag":[],"class_list":{"0":"post-96180","1":"product","2":"type-product","3":"status-publish","4":"has-post-thumbnail","6":"pwb-brand-vapaa-de","7":"product_cat-platformen-matten","9":"first","10":"instock","11":"featured","12":"taxable","13":"shipping-taxable","14":"purchasable","15":"product-type-variable"},"brands":[{"id":2522,"name":"Vapaa","slug":"vapaa-de"}],"_links":{"self":[{"href":"https:\/\/www.havohravo.com\/de\/wp-json\/wp\/v2\/product\/96180","targetHints":{"allow":["GET"]}}],"collection":[{"href":"https:\/\/www.havohravo.com\/de\/wp-json\/wp\/v2\/product"}],"about":[{"href":"https:\/\/www.havohravo.com\/de\/wp-json\/wp\/v2\/types\/product"}],"wp:featuredmedia":[{"embeddable":true,"href":"https:\/\/www.havohravo.com\/de\/wp-json\/wp\/v2\/media\/96192"}],"wp:attachment":[{"href":"https:\/\/www.havohravo.com\/de\/wp-json\/wp\/v2\/media?parent=96180"}],"wp:term":[{"taxonomy":"pwb-brand","embeddable":true,"href":"https:\/\/www.havohravo.com\/de\/wp-json\/wp\/v2\/pwb-brand?post=96180"},{"taxonomy":"product_cat","embeddable":true,"href":"https:\/\/www.havohravo.com\/de\/wp-json\/wp\/v2\/product_cat?post=96180"},{"taxonomy":"product_tag","embeddable":true,"href":"https:\/\/www.havohravo.com\/de\/wp-json\/wp\/v2\/product_tag?post=96180"}],"curies":[{"name":"wp","href":"https:\/\/api.w.org\/{rel}","templated":true}]}}