{"id":9757,"date":"2018-10-14T18:41:49","date_gmt":"2018-10-14T16:41:49","guid":{"rendered":"https:\/\/www.havohravo.com\/product\/amundsen-pack\/"},"modified":"2020-12-28T21:25:52","modified_gmt":"2020-12-28T20:25:52","slug":"amundsen-pack","status":"publish","type":"product","link":"https:\/\/www.havohravo.com\/de\/produkt\/amundsen-pack\/","title":{"rendered":"Amundsen Pack"},"content":{"rendered":"<div class=\"wpb-content-wrapper\"><p>[vc_row][vc_column][vc_empty_space][\/vc_column][\/vc_row][vc_row][vc_column width=&#8220;1\/2&#8243;][vc_column_text]<\/p>\n<h3>Amundsen Pack<\/h3>\n<p>Der Amundsen Pack ist ein ergonomisch entwickelter Rucksack\u00a0f\u00fcr Hunde. Aufgrund seiner au\u00dfergew\u00f6hnlichen Passform,\u00a0seinen vielf\u00e4ltigen Einstellm\u00f6glichkeiten und der optimalen, r\u00fcckenschonenden Gewichtsverteilung tr\u00e4gt Ihr Hund seine\u00a0Sachen und sein Futter auch \u00fcber weite Strecken entspannt\u00a0selbst.[\/vc_column_text][vc_empty_space height=&#8220;24&#8243;][\/vc_column][vc_column width=&#8220;5\/12&#8243; offset=&#8220;vc_col-sm-offset-1&#8243;][vc_column_text]<\/p>\n<h3>Charakteristik und Vorteile<\/h3>\n<ul>\n<li>Gro\u00dfes Stauvolumen.<\/li>\n<li>Wasser- und Wetterfeste Seitentaschen.<\/li>\n<li>Gleichm\u00e4\u00dfige Gewichtsverteilung am R\u00fccken.<\/li>\n<\/ul>\n<p>[\/vc_column_text][vc_empty_space height=&#8220;24&#8243;][\/vc_column][\/vc_row][vc_row][vc_column width=&#8220;1\/2&#8243;][vc_empty_space height=&#8220;32&#8243;][vc_column_text]<\/p>\n<table cellspacing=\"0\" cellpadding=\"0\">\n<tbody>\n<tr>\n<td valign=\"bottom\"><strong>Gr\u00f6\u00dfe<\/strong><\/td>\n<td valign=\"bottom\"><b>Breite &#8211; Elbogen zum Elbogen<\/b><\/td>\n<td valign=\"bottom\"><strong>Empfohlene Beladung<\/strong><\/td>\n<\/tr>\n<tr>\n<td valign=\"bottom\">XXS<\/td>\n<td valign=\"bottom\">52-56 cm<\/td>\n<td valign=\"bottom\">8-12 kg<\/td>\n<\/tr>\n<tr>\n<td valign=\"bottom\">XS<\/td>\n<td valign=\"bottom\">56-60 cm<\/td>\n<td valign=\"bottom\">10-17 kg<\/td>\n<\/tr>\n<tr>\n<td valign=\"bottom\">S<\/td>\n<td valign=\"bottom\">60-64 cm<\/td>\n<td valign=\"bottom\">15-22 kg<\/td>\n<\/tr>\n<tr>\n<td valign=\"bottom\">M<\/td>\n<td valign=\"bottom\">64-68 cm<\/td>\n<td valign=\"bottom\">22-30 kg<\/td>\n<\/tr>\n<tr>\n<td valign=\"bottom\">L<\/td>\n<td valign=\"bottom\">68-74 cm<\/td>\n<td valign=\"bottom\">30-45 kg<\/td>\n<\/tr>\n<tr>\n<td valign=\"bottom\">XL<\/td>\n<td valign=\"bottom\">74-82 cm<\/td>\n<td valign=\"bottom\">40-60 kg<\/td>\n<\/tr>\n<tr>\n<td valign=\"bottom\">XXL<\/td>\n<td valign=\"bottom\">82-94 cm<\/td>\n<td valign=\"bottom\">55-80 kg<\/td>\n<\/tr>\n<\/tbody>\n<\/table>\n<h3>Wie sitzt der Rucksack richtig?<\/h3>\n<p>[\/vc_column_text][vc_empty_space height=&#8220;32&#8243;][\/vc_column][vc_column width=&#8220;1\/2&#8243;][vc_empty_space height=&#8220;32&#8243;][vc_video link=&#8220;https:\/\/www.youtube.com\/watch?v=wIB66rO6gUo&amp;list=PLS64m0v2Yrtoi8sHSxG14Dir-5XlQajGe&amp;index=3&#8243;][vc_empty_space height=&#8220;32&#8243;][\/vc_column][\/vc_row][vc_row][vc_column width=&#8220;1\/3&#8243;][vc_empty_space height=&#8220;24&#8243;][vc_single_image image=&#8220;2629&#8243; img_size=&#8220;full&#8220;][vc_empty_space height=&#8220;24&#8243;][vc_single_image image=&#8220;2630&#8243; img_size=&#8220;full&#8220;][vc_empty_space height=&#8220;24&#8243;][\/vc_column][vc_column width=&#8220;7\/12&#8243; offset=&#8220;vc_col-sm-offset-1&#8243;][vc_column_text]<\/p>\n<p>[\/vc_column_text][vc_empty_space height=&#8220;24&#8243;][vc_column_text]<\/p>\n<ol>\n<li>Der Rucksack sollte an den Vorderbeinen des Hundes positioniert sein, NICHT in der Mitte vom R\u00fccken.<\/li>\n<li>Passen sie es an um den Hals. Zwischen den Hals und den Halsgurt sollten sie zwei Finger reinstecken k\u00f6nnen.<\/li>\n<li>Passen sie den Brustgurt so an, da\u00df es direkt in der Mitte anliegt.<\/li>\n<\/ol>\n<p>[\/vc_column_text][vc_empty_space height=&#8220;24&#8243;][\/vc_column][\/vc_row][vc_row][vc_column][vc_empty_space][vc_video link=&#8220;https:\/\/youtu.be\/1EY1DUS1BNE&#8220;][vc_empty_space][vc_video link=&#8220;https:\/\/youtu.be\/be8sLSHMQkc&#8220;][\/vc_column][\/vc_row]<\/p>\n<\/div>","protected":false},"excerpt":{"rendered":"<p>Der Amundsen Pack ist ein ergonomisch entwickelter Rucksack\u00a0f\u00fcr Hunde.<\/p>\n","protected":false},"featured_media":43269,"template":"","meta":[],"pwb-brand":[378],"product_cat":[1937,879],"product_tag":[],"class_list":{"0":"post-9757","1":"product","2":"type-product","3":"status-publish","4":"has-post-thumbnail","6":"pwb-brand-non-stop-dogwear-de","7":"product_cat-schwimmwesten-rucksaecke","8":"product_cat-hundemode","10":"first","11":"onbackorder","12":"taxable","13":"shipping-taxable","14":"purchasable","15":"product-type-variable"},"brands":[{"id":378,"name":"Non-Stop Dogwear","slug":"non-stop-dogwear-de"}],"_links":{"self":[{"href":"https:\/\/www.havohravo.com\/de\/wp-json\/wp\/v2\/product\/9757","targetHints":{"allow":["GET"]}}],"collection":[{"href":"https:\/\/www.havohravo.com\/de\/wp-json\/wp\/v2\/product"}],"about":[{"href":"https:\/\/www.havohravo.com\/de\/wp-json\/wp\/v2\/types\/product"}],"wp:featuredmedia":[{"embeddable":true,"href":"https:\/\/www.havohravo.com\/de\/wp-json\/wp\/v2\/media\/43269"}],"wp:attachment":[{"href":"https:\/\/www.havohravo.com\/de\/wp-json\/wp\/v2\/media?parent=9757"}],"wp:term":[{"taxonomy":"pwb-brand","embeddable":true,"href":"https:\/\/www.havohravo.com\/de\/wp-json\/wp\/v2\/pwb-brand?post=9757"},{"taxonomy":"product_cat","embeddable":true,"href":"https:\/\/www.havohravo.com\/de\/wp-json\/wp\/v2\/product_cat?post=9757"},{"taxonomy":"product_tag","embeddable":true,"href":"https:\/\/www.havohravo.com\/de\/wp-json\/wp\/v2\/product_tag?post=9757"}],"curies":[{"name":"wp","href":"https:\/\/api.w.org\/{rel}","templated":true}]}}