{"id":9811,"date":"2018-10-14T18:41:43","date_gmt":"2018-10-14T16:41:43","guid":{"rendered":"https:\/\/www.havohravo.com\/product\/protector-vest\/"},"modified":"2020-12-28T19:18:47","modified_gmt":"2020-12-28T18:18:47","slug":"protector-vest","status":"publish","type":"product","link":"https:\/\/www.havohravo.com\/de\/produkt\/protector-vest\/","title":{"rendered":"Protector Vest"},"content":{"rendered":"<div class=\"wpb-content-wrapper\"><p>[vc_row][vc_column][vc_empty_space][\/vc_column][\/vc_row][vc_row][vc_column width=&#8220;1\/2&#8243;][vc_column_text]<\/p>\n<h3>Charakteristik und Vorteile<\/h3>\n<p>Die Farbmarkierungen an den Seiten zeigen in der Weite welche Seite der Hund markiert und es verf\u00fcgt auch \u00fcber 3M Reflektierelemente.<\/p>\n<p>Im oberen Teil kann die Leine an die Veste befestigt werden.[\/vc_column_text][vc_empty_space height=&#8220;24&#8243;][vc_column_text]<\/p>\n<h3>Protector Vest<\/h3>\n<p>Eine stabile Jagdveste mit hoher Sichtbarkeit hergestellt vom verst\u00e4rkten, extremstarken Kevlar. Es sch\u00fctzt den Brustkorb des Hundes vor scharfen \u00c4sten und Steinen im Terrain.[\/vc_column_text][vc_empty_space height=&#8220;24&#8243;][\/vc_column][vc_column width=&#8220;5\/12&#8243; offset=&#8220;vc_col-sm-offset-1&#8243;][vc_empty_space height=&#8220;24&#8243;][vc_single_image image=&#8220;43231&#8243; img_size=&#8220;full&#8220;][\/vc_column][\/vc_row][vc_row][vc_column][vc_empty_space height=&#8220;32&#8243;][vc_video link=&#8220;https:\/\/www.youtube.com\/watch?v=wIB66rO6gUo&amp;list=PLS64m0v2Yrtoi8sHSxG14Dir-5XlQajGe&amp;index=3&#8243;][vc_empty_space height=&#8220;24&#8243;][vc_column_text]<\/p>\n<table cellspacing=\"0\" cellpadding=\"0\">\n<tbody>\n<tr>\n<td valign=\"bottom\"><strong>Gr\u00f6\u00dfe<\/strong><\/td>\n<td valign=\"bottom\"><strong>Halsumfang<\/strong><\/td>\n<td valign=\"bottom\"><strong>Brustumfang<\/strong><\/td>\n<td valign=\"bottom\"><strong>Beispiele<\/strong><\/td>\n<\/tr>\n<tr>\n<td valign=\"bottom\">XXS<\/td>\n<td valign=\"bottom\">27 &#8211; 34 cm<\/td>\n<td valign=\"bottom\">36 &#8211; 52 cm<\/td>\n<td valign=\"bottom\">Parson Russel Terrier<\/td>\n<\/tr>\n<tr>\n<td valign=\"bottom\">XS<\/td>\n<td valign=\"bottom\">30 &#8211; 40 cm<\/td>\n<td valign=\"bottom\">46 &#8211; 75 cm<\/td>\n<td valign=\"bottom\">Dachshund<\/td>\n<\/tr>\n<tr>\n<td valign=\"bottom\">S<\/td>\n<td valign=\"bottom\">32 &#8211; 42 cm<\/td>\n<td valign=\"bottom\">47 &#8211; 76 cm<\/td>\n<td valign=\"bottom\">Springerspaniel<\/td>\n<\/tr>\n<tr>\n<td valign=\"bottom\">M<\/td>\n<td valign=\"bottom\">38 &#8211; 48 cm<\/td>\n<td valign=\"bottom\">57 &#8211; 82 cm<\/td>\n<td valign=\"bottom\">English setter<\/td>\n<\/tr>\n<tr>\n<td valign=\"bottom\">L<\/td>\n<td valign=\"bottom\">40 &#8211; 52 cm<\/td>\n<td valign=\"bottom\">65 &#8211; 90 cm<\/td>\n<td valign=\"bottom\">German pointer<\/td>\n<\/tr>\n<tr>\n<td valign=\"bottom\">XL<\/td>\n<td valign=\"bottom\">42 &#8211; 54 cm<\/td>\n<td valign=\"bottom\">70 &#8211; 92 cm<\/td>\n<td valign=\"bottom\">Swedish elkhound<\/td>\n<\/tr>\n<\/tbody>\n<\/table>\n<p>[\/vc_column_text][vc_empty_space height=&#8220;24&#8243;][\/vc_column][\/vc_row]<\/p>\n<\/div>","protected":false},"excerpt":{"rendered":"<p>Eine stabile Jagdveste mit hoher Sichtbarkeit hergestellt vom verst\u00e4rkten, extremstarken Kevlar. Es sch\u00fctzt den Brustkorb des Hundes vor scharfen \u00c4sten und Steinen im Terrain.<\/p>\n","protected":false},"featured_media":9819,"template":"","meta":[],"pwb-brand":[378],"product_cat":[2109,879],"product_tag":[925],"class_list":{"0":"post-9811","1":"product","2":"type-product","3":"status-publish","4":"has-post-thumbnail","6":"pwb-brand-non-stop-dogwear-de","7":"product_cat-sicherheitslicht_shirts","8":"product_cat-hundemode","9":"product_tag-sicherheit","11":"first","12":"instock","13":"taxable","14":"shipping-taxable","15":"purchasable","16":"product-type-variable"},"brands":[{"id":378,"name":"Non-Stop Dogwear","slug":"non-stop-dogwear-de"}],"_links":{"self":[{"href":"https:\/\/www.havohravo.com\/de\/wp-json\/wp\/v2\/product\/9811","targetHints":{"allow":["GET"]}}],"collection":[{"href":"https:\/\/www.havohravo.com\/de\/wp-json\/wp\/v2\/product"}],"about":[{"href":"https:\/\/www.havohravo.com\/de\/wp-json\/wp\/v2\/types\/product"}],"wp:featuredmedia":[{"embeddable":true,"href":"https:\/\/www.havohravo.com\/de\/wp-json\/wp\/v2\/media\/9819"}],"wp:attachment":[{"href":"https:\/\/www.havohravo.com\/de\/wp-json\/wp\/v2\/media?parent=9811"}],"wp:term":[{"taxonomy":"pwb-brand","embeddable":true,"href":"https:\/\/www.havohravo.com\/de\/wp-json\/wp\/v2\/pwb-brand?post=9811"},{"taxonomy":"product_cat","embeddable":true,"href":"https:\/\/www.havohravo.com\/de\/wp-json\/wp\/v2\/product_cat?post=9811"},{"taxonomy":"product_tag","embeddable":true,"href":"https:\/\/www.havohravo.com\/de\/wp-json\/wp\/v2\/product_tag?post=9811"}],"curies":[{"name":"wp","href":"https:\/\/api.w.org\/{rel}","templated":true}]}}